{"id":120,"date":"2010-05-02T09:18:31","date_gmt":"2010-05-02T07:18:31","guid":{"rendered":"http:\/\/www.phusis.ch\/steve\/?page_id=120"},"modified":"2023-03-05T14:32:43","modified_gmt":"2023-03-05T13:32:43","slug":"phusis-1-1","status":"publish","type":"page","link":"http:\/\/www.phusis.ch\/vins\/accueil\/vins\/millesime-2007\/phusis-1-1\/","title":{"rendered":"arvine 2007"},"content":{"rendered":"\t\t<div data-elementor-type=\"wp-page\" data-elementor-id=\"120\" class=\"elementor elementor-120\" data-elementor-post-type=\"page\">\n\t\t\t\t\t\t<section class=\"has_ma_el_bg_slider elementor-section elementor-top-section elementor-element elementor-element-4f711216 elementor-section-boxed elementor-section-height-default elementor-section-height-default jltma-glass-effect-no\" data-id=\"4f711216\" data-element_type=\"section\">\n\t\t\t\t\t\t<div class=\"elementor-container elementor-column-gap-default\">\n\t\t\t\t\t<div class=\"has_ma_el_bg_slider elementor-column elementor-col-100 elementor-top-column elementor-element elementor-element-1e808095 jltma-glass-effect-no\" data-id=\"1e808095\" data-element_type=\"column\">\n\t\t\t<div class=\"elementor-widget-wrap elementor-element-populated\">\n\t\t\t\t\t\t<section class=\"has_ma_el_bg_slider elementor-section elementor-inner-section elementor-element elementor-element-22e65c22 elementor-section-boxed elementor-section-height-default elementor-section-height-default jltma-glass-effect-no\" data-id=\"22e65c22\" data-element_type=\"section\">\n\t\t\t\t\t\t<div class=\"elementor-container elementor-column-gap-default\">\n\t\t\t\t\t<div class=\"has_ma_el_bg_slider elementor-column elementor-col-33 elementor-inner-column elementor-element elementor-element-553a58d7 jltma-glass-effect-no\" data-id=\"553a58d7\" data-element_type=\"column\">\n\t\t\t<div class=\"elementor-widget-wrap elementor-element-populated\">\n\t\t\t\t\t\t<div class=\"elementor-element elementor-element-44d74047 jltma-glass-effect-no elementor-widget elementor-widget-counter\" data-id=\"44d74047\" data-element_type=\"widget\" data-widget_type=\"counter.default\">\n\t\t\t\t<div class=\"elementor-widget-container\">\n\t\t\t\t\t<div class=\"elementor-counter\">\n\t\t\t<div class=\"elementor-counter-title\">bouteilles<\/div>\t\t\t<div class=\"elementor-counter-number-wrapper\">\n\t\t\t\t<span class=\"elementor-counter-number-prefix\"><\/span>\n\t\t\t\t<span class=\"elementor-counter-number\" data-duration=\"2000\" data-to-value=\"245\" data-from-value=\"0\" data-delimiter=\",\">0<\/span>\n\t\t\t\t<span class=\"elementor-counter-number-suffix\"><\/span>\n\t\t\t<\/div>\n\t\t<\/div>\n\t\t\t\t<\/div>\n\t\t\t\t<\/div>\n\t\t\t\t<div class=\"elementor-element elementor-element-3668ca6f jltma-glass-effect-no elementor-widget elementor-widget-text-editor\" data-id=\"3668ca6f\" data-element_type=\"widget\" data-widget_type=\"text-editor.default\">\n\t\t\t\t<div class=\"elementor-widget-container\">\n\t\t\t\t\t\t\t<p><strong>C\u00e9page :<\/strong>\u00a0Petite Arvine<br \/><strong>D\u00e9gustation :<\/strong> 8 \u00e0 10\u00b0C<br \/><strong>Long\u00e9vit\u00e9<\/strong><strong> :<\/strong> 2009-2011<br \/><strong>Prix :<\/strong>\u00a025.-\/bt (\u00e9puis\u00e9)<\/p><h4><strong>Origine<\/strong><\/h4><p>Cette cuv\u00e9e est issue de notre vigne de Sensine, \u00e0 Conthey, en Valais. Plus d\u2019informations concernant les vins PHUSIS<span style=\"color: #000000;\"> <strong><a style=\"color: #000000;\" href=\"https:\/\/www.phusis.ch\/steve\/les-vignes\/\">ici<\/a><\/strong><\/span>.<\/p><h4><span style=\"font-weight: bolder;\">Notes de d\u00e9gustation<\/span><\/h4><p>Robe p\u00e2le, jaune dor\u00e9. Le nez passe progressivement par des notes de bois-vanill\u00e9, d\u2019\u00e9pices douces, de fleurs blanches, de fruits jaunes avec, en filigrane, une l\u00e9g\u00e8re touche de c\u00e9leri confit. La bouche d\u00e9marre sur une attaque dense, g\u00e9n\u00e9reuse, \u00e0 la fois grasse et sal\u00e9e. Elle \u00e9volue sur un corps imposant, plein, puissant se terminant sur une longue finale intense, chaleureuse et soutenue par une belle acidit\u00e9. Un vin riche et opulent (mai 2009).<\/p>\t\t\t\t\t\t<\/div>\n\t\t\t\t<\/div>\n\t\t\t\t\t<\/div>\n\t\t<\/div>\n\t\t\t\t<div class=\"has_ma_el_bg_slider elementor-column elementor-col-33 elementor-inner-column elementor-element elementor-element-68fc8149 jltma-glass-effect-no\" data-id=\"68fc8149\" data-element_type=\"column\">\n\t\t\t<div class=\"elementor-widget-wrap elementor-element-populated\">\n\t\t\t\t\t\t<div class=\"elementor-element elementor-element-56dbef68 jltma-glass-effect-no elementor-widget elementor-widget-image\" data-id=\"56dbef68\" data-element_type=\"widget\" data-widget_type=\"image.default\">\n\t\t\t\t<div class=\"elementor-widget-container\">\n\t\t\t\t\t\t\t\t\t\t\t\t\t<img fetchpriority=\"high\" decoding=\"async\" width=\"688\" height=\"2640\" src=\"http:\/\/www.phusis.ch\/vins\/wp-content\/uploads\/2023\/02\/Bouteille-dessinee2.png\" class=\"attachment-full size-full wp-image-10155\" alt=\"\" srcset=\"http:\/\/www.phusis.ch\/vins\/wp-content\/uploads\/2023\/02\/Bouteille-dessinee2.png 688w, http:\/\/www.phusis.ch\/vins\/wp-content\/uploads\/2023\/02\/Bouteille-dessinee2-78x300.png 78w, http:\/\/www.phusis.ch\/vins\/wp-content\/uploads\/2023\/02\/Bouteille-dessinee2-267x1024.png 267w, http:\/\/www.phusis.ch\/vins\/wp-content\/uploads\/2023\/02\/Bouteille-dessinee2-400x1536.png 400w, http:\/\/www.phusis.ch\/vins\/wp-content\/uploads\/2023\/02\/Bouteille-dessinee2-534x2048.png 534w\" sizes=\"(max-width: 688px) 100vw, 688px\" \/>\t\t\t\t\t\t\t\t\t\t\t\t\t<\/div>\n\t\t\t\t<\/div>\n\t\t\t\t\t<\/div>\n\t\t<\/div>\n\t\t\t\t<div class=\"has_ma_el_bg_slider elementor-column elementor-col-33 elementor-inner-column elementor-element elementor-element-13a2bc21 jltma-glass-effect-no\" data-id=\"13a2bc21\" data-element_type=\"column\">\n\t\t\t<div class=\"elementor-widget-wrap elementor-element-populated\">\n\t\t\t\t\t\t<div class=\"elementor-element elementor-element-4148d69b jltma-glass-effect-no elementor-widget elementor-widget-text-editor\" data-id=\"4148d69b\" data-element_type=\"widget\" data-widget_type=\"text-editor.default\">\n\t\t\t\t<div class=\"elementor-widget-container\">\n\t\t\t\t\t\t\t<h4><span style=\"font-weight: bolder;\">Suggestions d&#8217;accords<\/span><\/h4><p style=\"font-family: 'Open Sans'; font-size: 15px; font-weight: 400;\">A boire jeune, dans les trois ans, sur un plat de p\u00e2tes aux coquillages ou un plateau de fromages.<\/p><h4>vendange et vinification<\/h4><p>PHUSIS 1.1 est issu d\u2019une parcelle d\u2019environ 400 m<sup>2<\/sup>, plant\u00e9e en 1997 \u00e0 Sensine. Jeune et encore vigoureuse, cette vigne a donn\u00e9 une production particuli\u00e8re \u2013 au point d\u2019\u00eatre vinifi\u00e9e \u00e0 part. La forte pression de maladies cryptogamiques qui touche le mill\u00e9sime 2007 engendre une grande h\u00e9t\u00e9rog\u00e9n\u00e9it\u00e9 sur les grappes de cette parcelle. Neuf personnes se voient contraintes de trier grains sains, grains caill\u00e9s, pourriture grise, pourriture noble et pourriture acide pendant toute une matin\u00e9e (le 15 octobre). Le rendement obtenu est d\u2019un peu plus de 800 g\/m<sup>2<\/sup>, soit moins de 50 hl\/ha pour un mo\u00fbt riche de 110 \u00b0Oe.<\/p><p>La fermentation se d\u00e9roule en cuve et s\u2019arr\u00eate naturellement alors qu\u2019il reste moins de 10 grammes de sucres r\u00e9siduels. Issu d\u2019un mo\u00fbt tr\u00e8s riche, ce vin se voit dot\u00e9, en fin de fermentation, d\u2019un important taux d\u2019alcool, perceptible surtout en fin de bouche. Aussi la fermentation malolactique est-elle bloqu\u00e9e (afin de conserver un peu d\u2019acidit\u00e9 et de fra\u00eecheur) et l\u2019\u00e9levage r\u00e9alis\u00e9 en f\u00fbt de ch\u00eane d\u2019occasion (pour en harmoniser les diff\u00e9rents constituants). L\u2019\u00e9levage se poursuit jusqu\u2019en \u00e9t\u00e9 2008 et la mise en bouteille est faite apr\u00e8s filtration, le 23 juillet 2008.<\/p>\t\t\t\t\t\t<\/div>\n\t\t\t\t<\/div>\n\t\t\t\t\t<\/div>\n\t\t<\/div>\n\t\t\t\t\t<\/div>\n\t\t<\/section>\n\t\t\t\t\t<\/div>\n\t\t<\/div>\n\t\t\t\t\t<\/div>\n\t\t<\/section>\n\t\t\t\t<section class=\"has_ma_el_bg_slider elementor-section elementor-top-section elementor-element elementor-element-1cd618da elementor-section-boxed elementor-section-height-default elementor-section-height-default jltma-glass-effect-no\" data-id=\"1cd618da\" data-element_type=\"section\">\n\t\t\t\t\t\t<div class=\"elementor-container elementor-column-gap-default\">\n\t\t\t\t\t<div class=\"has_ma_el_bg_slider elementor-column elementor-col-100 elementor-top-column elementor-element elementor-element-54df8581 jltma-glass-effect-no\" data-id=\"54df8581\" data-element_type=\"column\">\n\t\t\t<div class=\"elementor-widget-wrap\">\n\t\t\t\t\t\t\t<\/div>\n\t\t<\/div>\n\t\t\t\t\t<\/div>\n\t\t<\/section>\n\t\t\t\t<\/div>\n\t\t\n\t\t\t<div style=\"clear: both; float: none;\" class=\"ratepost-clear\"><\/div>\n\t\t\t<div id=\"ratepost-120\" class=\"ratepost\" rel=\"3\">\n\t\t\t\t\t<span class=\"rating3\"><div class=\"star1\" rel=\"1\"><\/div><div class=\"star2\" rel=\"2\"><\/div><div class=\"star3\" rel=\"3\"><\/div><div class=\"star4\" rel=\"4\"><\/div><div class=\"star5\" rel=\"5\"><\/div><\/span>\n\t\t\t\t<div class=\"status-info\"><\/div>\n\t\t<\/div><div style=\"clear: both; float: none;\" class=\"ratepost-clear\"><\/div>","protected":false},"excerpt":{"rendered":"<p>0 bouteilles C\u00e9page :\u00a0Petite ArvineD\u00e9gustation : 8 \u00e0 10\u00b0CLong\u00e9vit\u00e9 : 2009-2011Prix :\u00a025.-\/bt (\u00e9puis\u00e9) Origine Cette cuv\u00e9e est issue de notre vigne de Sensine, \u00e0 Conthey, en Valais. Plus d\u2019informations concernant les vins PHUSIS ici. Notes de d\u00e9gustation Robe p\u00e2le, jaune dor\u00e9. Le nez passe progressivement par des notes de bois-vanill\u00e9, d\u2019\u00e9pices douces, de fleurs blanches, [&hellip;]<\/p>\n","protected":false},"author":4,"featured_media":281,"parent":57,"menu_order":1,"comment_status":"open","ping_status":"closed","template":"elementor_theme","meta":{"_monsterinsights_skip_tracking":false,"_monsterinsights_sitenote_active":false,"_monsterinsights_sitenote_note":"","_monsterinsights_sitenote_category":0,"footnotes":""},"yoast_head":"<!-- This site is optimized with the Yoast SEO plugin v22.8 - https:\/\/yoast.com\/wordpress\/plugins\/seo\/ -->\n<title>arvine 2007 - PHUSIS<\/title>\n<meta name=\"robots\" content=\"index, follow, max-snippet:-1, max-image-preview:large, max-video-preview:-1\" \/>\n<link rel=\"canonical\" href=\"http:\/\/www.phusis.ch\/vins\/accueil\/vins\/millesime-2007\/phusis-1-1\/\" \/>\n<meta property=\"og:locale\" content=\"fr_FR\" \/>\n<meta property=\"og:type\" content=\"article\" \/>\n<meta property=\"og:title\" content=\"arvine 2007 - PHUSIS\" \/>\n<meta property=\"og:description\" content=\"0 bouteilles C\u00e9page :\u00a0Petite ArvineD\u00e9gustation : 8 \u00e0 10\u00b0CLong\u00e9vit\u00e9 : 2009-2011Prix :\u00a025.-\/bt (\u00e9puis\u00e9) Origine Cette cuv\u00e9e est issue de notre vigne de Sensine, \u00e0 Conthey, en Valais. Plus d\u2019informations concernant les vins PHUSIS ici. Notes de d\u00e9gustation Robe p\u00e2le, jaune dor\u00e9. Le nez passe progressivement par des notes de bois-vanill\u00e9, d\u2019\u00e9pices douces, de fleurs blanches, [&hellip;]\" \/>\n<meta property=\"og:url\" content=\"http:\/\/www.phusis.ch\/vins\/accueil\/vins\/millesime-2007\/phusis-1-1\/\" \/>\n<meta property=\"og:site_name\" content=\"PHUSIS\" \/>\n<meta property=\"article:modified_time\" content=\"2023-03-05T13:32:43+00:00\" \/>\n<meta property=\"og:image\" content=\"http:\/\/www.phusis.ch\/vins\/wp-content\/uploads\/2010\/05\/photo1.15.jpg\" \/>\n\t<meta property=\"og:image:width\" content=\"1\" \/>\n\t<meta property=\"og:image:height\" content=\"1\" \/>\n\t<meta property=\"og:image:type\" content=\"image\/jpeg\" \/>\n<meta name=\"twitter:card\" content=\"summary_large_image\" \/>\n<meta name=\"twitter:label1\" content=\"Dur\u00e9e de lecture estim\u00e9e\" \/>\n\t<meta name=\"twitter:data1\" content=\"2 minutes\" \/>\n<script type=\"application\/ld+json\" class=\"yoast-schema-graph\">{\"@context\":\"https:\/\/schema.org\",\"@graph\":[{\"@type\":\"WebPage\",\"@id\":\"http:\/\/www.phusis.ch\/vins\/accueil\/vins\/millesime-2007\/phusis-1-1\/\",\"url\":\"http:\/\/www.phusis.ch\/vins\/accueil\/vins\/millesime-2007\/phusis-1-1\/\",\"name\":\"arvine 2007 - PHUSIS\",\"isPartOf\":{\"@id\":\"https:\/\/www.phusis.ch\/vins\/#website\"},\"primaryImageOfPage\":{\"@id\":\"http:\/\/www.phusis.ch\/vins\/accueil\/vins\/millesime-2007\/phusis-1-1\/#primaryimage\"},\"image\":{\"@id\":\"http:\/\/www.phusis.ch\/vins\/accueil\/vins\/millesime-2007\/phusis-1-1\/#primaryimage\"},\"thumbnailUrl\":\"http:\/\/www.phusis.ch\/vins\/wp-content\/uploads\/2010\/05\/photo1.15.jpg\",\"datePublished\":\"2010-05-02T07:18:31+00:00\",\"dateModified\":\"2023-03-05T13:32:43+00:00\",\"breadcrumb\":{\"@id\":\"http:\/\/www.phusis.ch\/vins\/accueil\/vins\/millesime-2007\/phusis-1-1\/#breadcrumb\"},\"inLanguage\":\"fr-FR\",\"potentialAction\":[{\"@type\":\"ReadAction\",\"target\":[\"http:\/\/www.phusis.ch\/vins\/accueil\/vins\/millesime-2007\/phusis-1-1\/\"]}]},{\"@type\":\"ImageObject\",\"inLanguage\":\"fr-FR\",\"@id\":\"http:\/\/www.phusis.ch\/vins\/accueil\/vins\/millesime-2007\/phusis-1-1\/#primaryimage\",\"url\":\"http:\/\/www.phusis.ch\/vins\/wp-content\/uploads\/2010\/05\/photo1.15.jpg\",\"contentUrl\":\"http:\/\/www.phusis.ch\/vins\/wp-content\/uploads\/2010\/05\/photo1.15.jpg\"},{\"@type\":\"BreadcrumbList\",\"@id\":\"http:\/\/www.phusis.ch\/vins\/accueil\/vins\/millesime-2007\/phusis-1-1\/#breadcrumb\",\"itemListElement\":[{\"@type\":\"ListItem\",\"position\":1,\"name\":\"Accueil\",\"item\":\"https:\/\/www.phusis.ch\/vins\/\"},{\"@type\":\"ListItem\",\"position\":2,\"name\":\"bienvenue sur phusis vins\",\"item\":\"https:\/\/www.phusis.ch\/vins\/\"},{\"@type\":\"ListItem\",\"position\":3,\"name\":\"nos vins\",\"item\":\"https:\/\/www.phusis.ch\/vins\/accueil\/vins\/\"},{\"@type\":\"ListItem\",\"position\":4,\"name\":\"mill\u00e9sime 2007\",\"item\":\"http:\/\/www.phusis.ch\/vins\/accueil\/vins\/millesime-2007\/\"},{\"@type\":\"ListItem\",\"position\":5,\"name\":\"arvine 2007\"}]},{\"@type\":\"WebSite\",\"@id\":\"https:\/\/www.phusis.ch\/vins\/#website\",\"url\":\"https:\/\/www.phusis.ch\/vins\/\",\"name\":\"PHUSIS\",\"description\":\"Phusis | Une exp\u00e9rience du vin\",\"publisher\":{\"@id\":\"https:\/\/www.phusis.ch\/vins\/#organization\"},\"potentialAction\":[{\"@type\":\"SearchAction\",\"target\":{\"@type\":\"EntryPoint\",\"urlTemplate\":\"https:\/\/www.phusis.ch\/vins\/?s={search_term_string}\"},\"query-input\":\"required name=search_term_string\"}],\"inLanguage\":\"fr-FR\"},{\"@type\":\"Organization\",\"@id\":\"https:\/\/www.phusis.ch\/vins\/#organization\",\"name\":\"PHUSIS\",\"url\":\"https:\/\/www.phusis.ch\/vins\/\",\"logo\":{\"@type\":\"ImageObject\",\"inLanguage\":\"fr-FR\",\"@id\":\"https:\/\/www.phusis.ch\/vins\/#\/schema\/logo\/image\/\",\"url\":\"http:\/\/www.phusis.ch\/vins\/wp-content\/uploads\/2021\/06\/Oiseau-PHUSIS-Transparent-1024x1024-1.png\",\"contentUrl\":\"http:\/\/www.phusis.ch\/vins\/wp-content\/uploads\/2021\/06\/Oiseau-PHUSIS-Transparent-1024x1024-1.png\",\"width\":1024,\"height\":1024,\"caption\":\"PHUSIS\"},\"image\":{\"@id\":\"https:\/\/www.phusis.ch\/vins\/#\/schema\/logo\/image\/\"}}]}<\/script>\n<!-- \/ Yoast SEO plugin. -->","yoast_head_json":{"title":"arvine 2007 - PHUSIS","robots":{"index":"index","follow":"follow","max-snippet":"max-snippet:-1","max-image-preview":"max-image-preview:large","max-video-preview":"max-video-preview:-1"},"canonical":"http:\/\/www.phusis.ch\/vins\/accueil\/vins\/millesime-2007\/phusis-1-1\/","og_locale":"fr_FR","og_type":"article","og_title":"arvine 2007 - PHUSIS","og_description":"0 bouteilles C\u00e9page :\u00a0Petite ArvineD\u00e9gustation : 8 \u00e0 10\u00b0CLong\u00e9vit\u00e9 : 2009-2011Prix :\u00a025.-\/bt (\u00e9puis\u00e9) Origine Cette cuv\u00e9e est issue de notre vigne de Sensine, \u00e0 Conthey, en Valais. Plus d\u2019informations concernant les vins PHUSIS ici. Notes de d\u00e9gustation Robe p\u00e2le, jaune dor\u00e9. Le nez passe progressivement par des notes de bois-vanill\u00e9, d\u2019\u00e9pices douces, de fleurs blanches, [&hellip;]","og_url":"http:\/\/www.phusis.ch\/vins\/accueil\/vins\/millesime-2007\/phusis-1-1\/","og_site_name":"PHUSIS","article_modified_time":"2023-03-05T13:32:43+00:00","og_image":[{"url":"http:\/\/www.phusis.ch\/vins\/wp-content\/uploads\/2010\/05\/photo1.15.jpg","width":1,"height":1,"type":"image\/jpeg"}],"twitter_card":"summary_large_image","twitter_misc":{"Dur\u00e9e de lecture estim\u00e9e":"2 minutes"},"schema":{"@context":"https:\/\/schema.org","@graph":[{"@type":"WebPage","@id":"http:\/\/www.phusis.ch\/vins\/accueil\/vins\/millesime-2007\/phusis-1-1\/","url":"http:\/\/www.phusis.ch\/vins\/accueil\/vins\/millesime-2007\/phusis-1-1\/","name":"arvine 2007 - PHUSIS","isPartOf":{"@id":"https:\/\/www.phusis.ch\/vins\/#website"},"primaryImageOfPage":{"@id":"http:\/\/www.phusis.ch\/vins\/accueil\/vins\/millesime-2007\/phusis-1-1\/#primaryimage"},"image":{"@id":"http:\/\/www.phusis.ch\/vins\/accueil\/vins\/millesime-2007\/phusis-1-1\/#primaryimage"},"thumbnailUrl":"http:\/\/www.phusis.ch\/vins\/wp-content\/uploads\/2010\/05\/photo1.15.jpg","datePublished":"2010-05-02T07:18:31+00:00","dateModified":"2023-03-05T13:32:43+00:00","breadcrumb":{"@id":"http:\/\/www.phusis.ch\/vins\/accueil\/vins\/millesime-2007\/phusis-1-1\/#breadcrumb"},"inLanguage":"fr-FR","potentialAction":[{"@type":"ReadAction","target":["http:\/\/www.phusis.ch\/vins\/accueil\/vins\/millesime-2007\/phusis-1-1\/"]}]},{"@type":"ImageObject","inLanguage":"fr-FR","@id":"http:\/\/www.phusis.ch\/vins\/accueil\/vins\/millesime-2007\/phusis-1-1\/#primaryimage","url":"http:\/\/www.phusis.ch\/vins\/wp-content\/uploads\/2010\/05\/photo1.15.jpg","contentUrl":"http:\/\/www.phusis.ch\/vins\/wp-content\/uploads\/2010\/05\/photo1.15.jpg"},{"@type":"BreadcrumbList","@id":"http:\/\/www.phusis.ch\/vins\/accueil\/vins\/millesime-2007\/phusis-1-1\/#breadcrumb","itemListElement":[{"@type":"ListItem","position":1,"name":"Accueil","item":"https:\/\/www.phusis.ch\/vins\/"},{"@type":"ListItem","position":2,"name":"bienvenue sur phusis vins","item":"https:\/\/www.phusis.ch\/vins\/"},{"@type":"ListItem","position":3,"name":"nos vins","item":"https:\/\/www.phusis.ch\/vins\/accueil\/vins\/"},{"@type":"ListItem","position":4,"name":"mill\u00e9sime 2007","item":"http:\/\/www.phusis.ch\/vins\/accueil\/vins\/millesime-2007\/"},{"@type":"ListItem","position":5,"name":"arvine 2007"}]},{"@type":"WebSite","@id":"https:\/\/www.phusis.ch\/vins\/#website","url":"https:\/\/www.phusis.ch\/vins\/","name":"PHUSIS","description":"Phusis | Une exp\u00e9rience du vin","publisher":{"@id":"https:\/\/www.phusis.ch\/vins\/#organization"},"potentialAction":[{"@type":"SearchAction","target":{"@type":"EntryPoint","urlTemplate":"https:\/\/www.phusis.ch\/vins\/?s={search_term_string}"},"query-input":"required name=search_term_string"}],"inLanguage":"fr-FR"},{"@type":"Organization","@id":"https:\/\/www.phusis.ch\/vins\/#organization","name":"PHUSIS","url":"https:\/\/www.phusis.ch\/vins\/","logo":{"@type":"ImageObject","inLanguage":"fr-FR","@id":"https:\/\/www.phusis.ch\/vins\/#\/schema\/logo\/image\/","url":"http:\/\/www.phusis.ch\/vins\/wp-content\/uploads\/2021\/06\/Oiseau-PHUSIS-Transparent-1024x1024-1.png","contentUrl":"http:\/\/www.phusis.ch\/vins\/wp-content\/uploads\/2021\/06\/Oiseau-PHUSIS-Transparent-1024x1024-1.png","width":1024,"height":1024,"caption":"PHUSIS"},"image":{"@id":"https:\/\/www.phusis.ch\/vins\/#\/schema\/logo\/image\/"}}]}},"_links":{"self":[{"href":"http:\/\/www.phusis.ch\/vins\/wp-json\/wp\/v2\/pages\/120"}],"collection":[{"href":"http:\/\/www.phusis.ch\/vins\/wp-json\/wp\/v2\/pages"}],"about":[{"href":"http:\/\/www.phusis.ch\/vins\/wp-json\/wp\/v2\/types\/page"}],"author":[{"embeddable":true,"href":"http:\/\/www.phusis.ch\/vins\/wp-json\/wp\/v2\/users\/4"}],"replies":[{"embeddable":true,"href":"http:\/\/www.phusis.ch\/vins\/wp-json\/wp\/v2\/comments?post=120"}],"version-history":[{"count":58,"href":"http:\/\/www.phusis.ch\/vins\/wp-json\/wp\/v2\/pages\/120\/revisions"}],"predecessor-version":[{"id":11199,"href":"http:\/\/www.phusis.ch\/vins\/wp-json\/wp\/v2\/pages\/120\/revisions\/11199"}],"up":[{"embeddable":true,"href":"http:\/\/www.phusis.ch\/vins\/wp-json\/wp\/v2\/pages\/57"}],"wp:featuredmedia":[{"embeddable":true,"href":"http:\/\/www.phusis.ch\/vins\/wp-json\/wp\/v2\/media\/281"}],"wp:attachment":[{"href":"http:\/\/www.phusis.ch\/vins\/wp-json\/wp\/v2\/media?parent=120"}],"curies":[{"name":"wp","href":"https:\/\/api.w.org\/{rel}","templated":true}]}}