{"id":1761,"date":"2012-07-30T06:13:18","date_gmt":"2012-07-30T04:13:18","guid":{"rendered":"http:\/\/www.phusis.ch\/steve\/?page_id=1761"},"modified":"2023-03-05T14:38:58","modified_gmt":"2023-03-05T13:38:58","slug":"metaphusis-5-6","status":"publish","type":"page","link":"http:\/\/www.phusis.ch\/vins\/accueil\/vins\/phusis-5-2011\/metaphusis-5-6\/","title":{"rendered":"durize clos de landz\u00e8lene 2011"},"content":{"rendered":"\t\t<div data-elementor-type=\"wp-page\" data-elementor-id=\"1761\" class=\"elementor elementor-1761\" data-elementor-post-type=\"page\">\n\t\t\t\t\t\t<section class=\"has_ma_el_bg_slider elementor-section elementor-top-section elementor-element elementor-element-71445329 elementor-section-boxed elementor-section-height-default elementor-section-height-default jltma-glass-effect-no\" data-id=\"71445329\" data-element_type=\"section\">\n\t\t\t\t\t\t<div class=\"elementor-container elementor-column-gap-default\">\n\t\t\t\t\t<div class=\"has_ma_el_bg_slider elementor-column elementor-col-100 elementor-top-column elementor-element elementor-element-56dd68e5 jltma-glass-effect-no\" data-id=\"56dd68e5\" data-element_type=\"column\">\n\t\t\t<div class=\"elementor-widget-wrap elementor-element-populated\">\n\t\t\t\t\t\t<section class=\"has_ma_el_bg_slider elementor-section elementor-inner-section elementor-element elementor-element-38250ab4 elementor-section-boxed elementor-section-height-default elementor-section-height-default jltma-glass-effect-no\" data-id=\"38250ab4\" data-element_type=\"section\">\n\t\t\t\t\t\t<div class=\"elementor-container elementor-column-gap-default\">\n\t\t\t\t\t<div class=\"has_ma_el_bg_slider elementor-column elementor-col-33 elementor-inner-column elementor-element elementor-element-3b151953 jltma-glass-effect-no\" data-id=\"3b151953\" data-element_type=\"column\">\n\t\t\t<div class=\"elementor-widget-wrap elementor-element-populated\">\n\t\t\t\t\t\t<div class=\"elementor-element elementor-element-4ef46277 jltma-glass-effect-no elementor-widget elementor-widget-counter\" data-id=\"4ef46277\" data-element_type=\"widget\" data-widget_type=\"counter.default\">\n\t\t\t\t<div class=\"elementor-widget-container\">\n\t\t\t\t\t<div class=\"elementor-counter\">\n\t\t\t<div class=\"elementor-counter-title\">bouteilles<\/div>\t\t\t<div class=\"elementor-counter-number-wrapper\">\n\t\t\t\t<span class=\"elementor-counter-number-prefix\"><\/span>\n\t\t\t\t<span class=\"elementor-counter-number\" data-duration=\"2000\" data-to-value=\"326\" data-from-value=\"0\" data-delimiter=\",\">0<\/span>\n\t\t\t\t<span class=\"elementor-counter-number-suffix\"><\/span>\n\t\t\t<\/div>\n\t\t<\/div>\n\t\t\t\t<\/div>\n\t\t\t\t<\/div>\n\t\t\t\t<div class=\"elementor-element elementor-element-2723ba89 jltma-glass-effect-no elementor-widget elementor-widget-text-editor\" data-id=\"2723ba89\" data-element_type=\"widget\" data-widget_type=\"text-editor.default\">\n\t\t\t\t<div class=\"elementor-widget-container\">\n\t\t\t\t\t\t\t<p><strong>C\u00e9page :<\/strong>\u00a0Durize<br \/><strong>D\u00e9gustation :<\/strong>\u00a015 \u00e0 17\u00b0C<br \/><strong>Long\u00e9vit\u00e9<\/strong><strong> :<\/strong> 2012-2015<br \/><strong>Prix :<\/strong>\u00a023.-\/bt (\u00e9puis\u00e9)<\/p><h4><strong>Origine<\/strong><\/h4><p>La gamme metaPHUSIS est \u00e9labor\u00e9e \u00e0 partir de raisins ou de vins achet\u00e9s aupr\u00e8s de vignerons respectueux dont nous connaissons le travail ainsi que les parcelles.<\/p><p>Vieux c\u00e9page presque abandonn\u00e9, la Durize subsiste encore dans la r\u00e9gion de Fully (moins de 6000 m<sup>2<\/sup>). Elle est issue du croisement entre le Roussin (lui-m\u00eame fils du Cornalin) et un c\u00e9page inconnu (aujourd\u2019hui sans doute disparu) et fait partie de la famille des Oriou. Elle a donc des affinit\u00e9s avec de nombreux c\u00e9pages vald\u00f4tains dont l\u2019Humagne Rouge.<\/p><h4><span style=\"font-weight: bolder;\">Notes de d\u00e9gustation<\/span><\/h4><p>Jolie robe rubis l\u00e9g\u00e8rement trouble, reflets framboise. Au nez, notes de cassis, de poivre, d\u2019\u0153illet, de feuille de menthe. Bouche ronde, a\u00e9rienne, ample, tr\u00e8s florale. L\u00e9g\u00e8re, friande, elle poss\u00e8de un certain dynamisme en finale ainsi que des tannins pas trop serr\u00e9s, au grain bien perceptible. Persistance aromatique sur la cannelle, l\u2019orange, les \u00e9pices (juillet 2012).<\/p>\t\t\t\t\t\t<\/div>\n\t\t\t\t<\/div>\n\t\t\t\t\t<\/div>\n\t\t<\/div>\n\t\t\t\t<div class=\"has_ma_el_bg_slider elementor-column elementor-col-33 elementor-inner-column elementor-element elementor-element-56d354d1 jltma-glass-effect-no\" data-id=\"56d354d1\" data-element_type=\"column\">\n\t\t\t<div class=\"elementor-widget-wrap elementor-element-populated\">\n\t\t\t\t\t\t<div class=\"elementor-element elementor-element-2eda896a jltma-glass-effect-no elementor-widget elementor-widget-image\" data-id=\"2eda896a\" data-element_type=\"widget\" data-widget_type=\"image.default\">\n\t\t\t\t<div class=\"elementor-widget-container\">\n\t\t\t\t\t\t\t\t\t\t\t\t\t<img fetchpriority=\"high\" decoding=\"async\" width=\"688\" height=\"2640\" src=\"http:\/\/www.phusis.ch\/vins\/wp-content\/uploads\/2023\/02\/Bouteille-dessinee2.png\" class=\"attachment-full size-full wp-image-10155\" alt=\"\" srcset=\"http:\/\/www.phusis.ch\/vins\/wp-content\/uploads\/2023\/02\/Bouteille-dessinee2.png 688w, http:\/\/www.phusis.ch\/vins\/wp-content\/uploads\/2023\/02\/Bouteille-dessinee2-78x300.png 78w, http:\/\/www.phusis.ch\/vins\/wp-content\/uploads\/2023\/02\/Bouteille-dessinee2-267x1024.png 267w, http:\/\/www.phusis.ch\/vins\/wp-content\/uploads\/2023\/02\/Bouteille-dessinee2-400x1536.png 400w, http:\/\/www.phusis.ch\/vins\/wp-content\/uploads\/2023\/02\/Bouteille-dessinee2-534x2048.png 534w\" sizes=\"(max-width: 688px) 100vw, 688px\" \/>\t\t\t\t\t\t\t\t\t\t\t\t\t<\/div>\n\t\t\t\t<\/div>\n\t\t\t\t\t<\/div>\n\t\t<\/div>\n\t\t\t\t<div class=\"has_ma_el_bg_slider elementor-column elementor-col-33 elementor-inner-column elementor-element elementor-element-744674c jltma-glass-effect-no\" data-id=\"744674c\" data-element_type=\"column\">\n\t\t\t<div class=\"elementor-widget-wrap elementor-element-populated\">\n\t\t\t\t\t\t<div class=\"elementor-element elementor-element-5256a2c9 jltma-glass-effect-no elementor-widget elementor-widget-text-editor\" data-id=\"5256a2c9\" data-element_type=\"widget\" data-widget_type=\"text-editor.default\">\n\t\t\t\t<div class=\"elementor-widget-container\">\n\t\t\t\t\t\t\t<h4><span style=\"font-weight: bolder;\">Suggestions d&#8217;accords<\/span><\/h4><p style=\"font-family: 'Open Sans'; font-size: 15px; font-weight: 400;\">Charcuteries. Saucisse \u00e0 r\u00f4tir. Cailles aux raisins.<\/p><h4>vendange et vinification<\/h4><p>Le Clos de Landz\u00e8lene est situ\u00e9 \u00e0 l\u2019ouest de Fully, dans une ancienne zone de murg\u00e8res (gros tas de cailloux) et la Durize qui en est issue est vendang\u00e9e le 1er octobre et sonde 82 \u00b0Oe.<\/p><p>Ce modeste sondage est normal pour la Durize car ce c\u00e9page produit naturellement peu de sucre. Et le laisser plus longtemps sur souche n\u2019est pas possible dans ce mill\u00e9sime car il commence \u00e0 y avoir d\u00e9veloppement de quelques foyers de pourriture acide.<\/p><p>Afin de conserver tout le caract\u00e8re du c\u00e9page, le raisin n\u2019est pas chaptalis\u00e9. La vinification classique, avec une longue cuvaison de 30 jours, est suivie d\u2019un \u00e9levage en f\u00fbt ancien (ayant d\u00e9j\u00e0 contenu 5 vins) ainsi que dans une dame-jeanne.<\/p><p>La fermentation malolactique suit directement la fermentation alcoolique et la mise en bouteille se fait le 22 juin 2012, sans filtration.<\/p>\t\t\t\t\t\t<\/div>\n\t\t\t\t<\/div>\n\t\t\t\t\t<\/div>\n\t\t<\/div>\n\t\t\t\t\t<\/div>\n\t\t<\/section>\n\t\t\t\t\t<\/div>\n\t\t<\/div>\n\t\t\t\t\t<\/div>\n\t\t<\/section>\n\t\t\t\t<section class=\"has_ma_el_bg_slider elementor-section elementor-top-section elementor-element elementor-element-44188aec elementor-section-boxed elementor-section-height-default elementor-section-height-default jltma-glass-effect-no\" data-id=\"44188aec\" data-element_type=\"section\">\n\t\t\t\t\t\t<div class=\"elementor-container elementor-column-gap-default\">\n\t\t\t\t\t<div class=\"has_ma_el_bg_slider elementor-column elementor-col-100 elementor-top-column elementor-element elementor-element-48ae90c7 jltma-glass-effect-no\" data-id=\"48ae90c7\" data-element_type=\"column\">\n\t\t\t<div class=\"elementor-widget-wrap\">\n\t\t\t\t\t\t\t<\/div>\n\t\t<\/div>\n\t\t\t\t\t<\/div>\n\t\t<\/section>\n\t\t\t\t<\/div>\n\t\t\n\t\t\t<div style=\"clear: both; float: none;\" class=\"ratepost-clear\"><\/div>\n\t\t\t<div id=\"ratepost-1761\" class=\"ratepost\" rel=\"3\">\n\t\t\t\t\t<span class=\"rating3\"><div class=\"star1\" rel=\"1\"><\/div><div class=\"star2\" rel=\"2\"><\/div><div class=\"star3\" rel=\"3\"><\/div><div class=\"star4\" rel=\"4\"><\/div><div class=\"star5\" rel=\"5\"><\/div><\/span>\n\t\t\t\t<div class=\"status-info\"><\/div>\n\t\t<\/div><div style=\"clear: both; float: none;\" class=\"ratepost-clear\"><\/div>","protected":false},"excerpt":{"rendered":"<p>0 bouteilles C\u00e9page :\u00a0DurizeD\u00e9gustation :\u00a015 \u00e0 17\u00b0CLong\u00e9vit\u00e9 : 2012-2015Prix :\u00a023.-\/bt (\u00e9puis\u00e9) Origine La gamme metaPHUSIS est \u00e9labor\u00e9e \u00e0 partir de raisins ou de vins achet\u00e9s aupr\u00e8s de vignerons respectueux dont nous connaissons le travail ainsi que les parcelles. Vieux c\u00e9page presque abandonn\u00e9, la Durize subsiste encore dans la r\u00e9gion de Fully (moins de 6000 m2). [&hellip;]<\/p>\n","protected":false},"author":3,"featured_media":1764,"parent":1742,"menu_order":6,"comment_status":"open","ping_status":"closed","template":"elementor_theme","meta":{"_monsterinsights_skip_tracking":false,"_monsterinsights_sitenote_active":false,"_monsterinsights_sitenote_note":"","_monsterinsights_sitenote_category":0,"footnotes":""},"yoast_head":"<!-- This site is optimized with the Yoast SEO plugin v22.8 - https:\/\/yoast.com\/wordpress\/plugins\/seo\/ -->\n<title>durize clos de landz\u00e8lene 2011 - PHUSIS<\/title>\n<meta name=\"robots\" content=\"index, follow, max-snippet:-1, max-image-preview:large, max-video-preview:-1\" \/>\n<link rel=\"canonical\" href=\"https:\/\/www.phusis.ch\/vins\/accueil\/vins\/phusis-5-2011\/metaphusis-5-6\/\" \/>\n<meta property=\"og:locale\" content=\"fr_FR\" \/>\n<meta property=\"og:type\" content=\"article\" \/>\n<meta property=\"og:title\" content=\"durize clos de landz\u00e8lene 2011 - PHUSIS\" \/>\n<meta property=\"og:description\" content=\"0 bouteilles C\u00e9page :\u00a0DurizeD\u00e9gustation :\u00a015 \u00e0 17\u00b0CLong\u00e9vit\u00e9 : 2012-2015Prix :\u00a023.-\/bt (\u00e9puis\u00e9) Origine La gamme metaPHUSIS est \u00e9labor\u00e9e \u00e0 partir de raisins ou de vins achet\u00e9s aupr\u00e8s de vignerons respectueux dont nous connaissons le travail ainsi que les parcelles. Vieux c\u00e9page presque abandonn\u00e9, la Durize subsiste encore dans la r\u00e9gion de Fully (moins de 6000 m2). [&hellip;]\" \/>\n<meta property=\"og:url\" content=\"https:\/\/www.phusis.ch\/vins\/accueil\/vins\/phusis-5-2011\/metaphusis-5-6\/\" \/>\n<meta property=\"og:site_name\" content=\"PHUSIS\" \/>\n<meta property=\"article:modified_time\" content=\"2023-03-05T13:38:58+00:00\" \/>\n<meta property=\"og:image\" content=\"https:\/\/www.phusis.ch\/vins\/wp-content\/uploads\/2012\/07\/Durize.jpg\" \/>\n\t<meta property=\"og:image:width\" content=\"900\" \/>\n\t<meta property=\"og:image:height\" content=\"1200\" \/>\n\t<meta property=\"og:image:type\" content=\"image\/jpeg\" \/>\n<meta name=\"twitter:card\" content=\"summary_large_image\" \/>\n<meta name=\"twitter:label1\" content=\"Dur\u00e9e de lecture estim\u00e9e\" \/>\n\t<meta name=\"twitter:data1\" content=\"2 minutes\" \/>\n<script type=\"application\/ld+json\" class=\"yoast-schema-graph\">{\"@context\":\"https:\/\/schema.org\",\"@graph\":[{\"@type\":\"WebPage\",\"@id\":\"https:\/\/www.phusis.ch\/vins\/accueil\/vins\/phusis-5-2011\/metaphusis-5-6\/\",\"url\":\"https:\/\/www.phusis.ch\/vins\/accueil\/vins\/phusis-5-2011\/metaphusis-5-6\/\",\"name\":\"durize clos de landz\u00e8lene 2011 - PHUSIS\",\"isPartOf\":{\"@id\":\"http:\/\/www.phusis.ch\/vins\/#website\"},\"primaryImageOfPage\":{\"@id\":\"https:\/\/www.phusis.ch\/vins\/accueil\/vins\/phusis-5-2011\/metaphusis-5-6\/#primaryimage\"},\"image\":{\"@id\":\"https:\/\/www.phusis.ch\/vins\/accueil\/vins\/phusis-5-2011\/metaphusis-5-6\/#primaryimage\"},\"thumbnailUrl\":\"http:\/\/www.phusis.ch\/vins\/wp-content\/uploads\/2012\/07\/Durize.jpg\",\"datePublished\":\"2012-07-30T04:13:18+00:00\",\"dateModified\":\"2023-03-05T13:38:58+00:00\",\"breadcrumb\":{\"@id\":\"https:\/\/www.phusis.ch\/vins\/accueil\/vins\/phusis-5-2011\/metaphusis-5-6\/#breadcrumb\"},\"inLanguage\":\"fr-FR\",\"potentialAction\":[{\"@type\":\"ReadAction\",\"target\":[\"https:\/\/www.phusis.ch\/vins\/accueil\/vins\/phusis-5-2011\/metaphusis-5-6\/\"]}]},{\"@type\":\"ImageObject\",\"inLanguage\":\"fr-FR\",\"@id\":\"https:\/\/www.phusis.ch\/vins\/accueil\/vins\/phusis-5-2011\/metaphusis-5-6\/#primaryimage\",\"url\":\"http:\/\/www.phusis.ch\/vins\/wp-content\/uploads\/2012\/07\/Durize.jpg\",\"contentUrl\":\"http:\/\/www.phusis.ch\/vins\/wp-content\/uploads\/2012\/07\/Durize.jpg\",\"width\":\"900\",\"height\":\"1200\"},{\"@type\":\"BreadcrumbList\",\"@id\":\"https:\/\/www.phusis.ch\/vins\/accueil\/vins\/phusis-5-2011\/metaphusis-5-6\/#breadcrumb\",\"itemListElement\":[{\"@type\":\"ListItem\",\"position\":1,\"name\":\"Accueil\",\"item\":\"http:\/\/www.phusis.ch\/vins\/\"},{\"@type\":\"ListItem\",\"position\":2,\"name\":\"bienvenue sur phusis vins\",\"item\":\"http:\/\/www.phusis.ch\/vins\/\"},{\"@type\":\"ListItem\",\"position\":3,\"name\":\"nos vins\",\"item\":\"https:\/\/www.phusis.ch\/vins\/accueil\/vins\/\"},{\"@type\":\"ListItem\",\"position\":4,\"name\":\"mill\u00e9sime 2011\",\"item\":\"http:\/\/www.phusis.ch\/vins\/accueil\/vins\/phusis-5-2011\/\"},{\"@type\":\"ListItem\",\"position\":5,\"name\":\"durize clos de landz\u00e8lene 2011\"}]},{\"@type\":\"WebSite\",\"@id\":\"http:\/\/www.phusis.ch\/vins\/#website\",\"url\":\"http:\/\/www.phusis.ch\/vins\/\",\"name\":\"PHUSIS\",\"description\":\"Phusis | Une exp\u00e9rience du vin\",\"publisher\":{\"@id\":\"http:\/\/www.phusis.ch\/vins\/#organization\"},\"potentialAction\":[{\"@type\":\"SearchAction\",\"target\":{\"@type\":\"EntryPoint\",\"urlTemplate\":\"http:\/\/www.phusis.ch\/vins\/?s={search_term_string}\"},\"query-input\":\"required name=search_term_string\"}],\"inLanguage\":\"fr-FR\"},{\"@type\":\"Organization\",\"@id\":\"http:\/\/www.phusis.ch\/vins\/#organization\",\"name\":\"PHUSIS\",\"url\":\"http:\/\/www.phusis.ch\/vins\/\",\"logo\":{\"@type\":\"ImageObject\",\"inLanguage\":\"fr-FR\",\"@id\":\"http:\/\/www.phusis.ch\/vins\/#\/schema\/logo\/image\/\",\"url\":\"http:\/\/www.phusis.ch\/vins\/wp-content\/uploads\/2021\/06\/Oiseau-PHUSIS-Transparent-1024x1024-1.png\",\"contentUrl\":\"http:\/\/www.phusis.ch\/vins\/wp-content\/uploads\/2021\/06\/Oiseau-PHUSIS-Transparent-1024x1024-1.png\",\"width\":1024,\"height\":1024,\"caption\":\"PHUSIS\"},\"image\":{\"@id\":\"http:\/\/www.phusis.ch\/vins\/#\/schema\/logo\/image\/\"}}]}<\/script>\n<!-- \/ Yoast SEO plugin. -->","yoast_head_json":{"title":"durize clos de landz\u00e8lene 2011 - PHUSIS","robots":{"index":"index","follow":"follow","max-snippet":"max-snippet:-1","max-image-preview":"max-image-preview:large","max-video-preview":"max-video-preview:-1"},"canonical":"https:\/\/www.phusis.ch\/vins\/accueil\/vins\/phusis-5-2011\/metaphusis-5-6\/","og_locale":"fr_FR","og_type":"article","og_title":"durize clos de landz\u00e8lene 2011 - PHUSIS","og_description":"0 bouteilles C\u00e9page :\u00a0DurizeD\u00e9gustation :\u00a015 \u00e0 17\u00b0CLong\u00e9vit\u00e9 : 2012-2015Prix :\u00a023.-\/bt (\u00e9puis\u00e9) Origine La gamme metaPHUSIS est \u00e9labor\u00e9e \u00e0 partir de raisins ou de vins achet\u00e9s aupr\u00e8s de vignerons respectueux dont nous connaissons le travail ainsi que les parcelles. Vieux c\u00e9page presque abandonn\u00e9, la Durize subsiste encore dans la r\u00e9gion de Fully (moins de 6000 m2). [&hellip;]","og_url":"https:\/\/www.phusis.ch\/vins\/accueil\/vins\/phusis-5-2011\/metaphusis-5-6\/","og_site_name":"PHUSIS","article_modified_time":"2023-03-05T13:38:58+00:00","og_image":[{"width":"900","height":"1200","url":"https:\/\/www.phusis.ch\/vins\/wp-content\/uploads\/2012\/07\/Durize.jpg","type":"image\/jpeg"}],"twitter_card":"summary_large_image","twitter_misc":{"Dur\u00e9e de lecture estim\u00e9e":"2 minutes"},"schema":{"@context":"https:\/\/schema.org","@graph":[{"@type":"WebPage","@id":"https:\/\/www.phusis.ch\/vins\/accueil\/vins\/phusis-5-2011\/metaphusis-5-6\/","url":"https:\/\/www.phusis.ch\/vins\/accueil\/vins\/phusis-5-2011\/metaphusis-5-6\/","name":"durize clos de landz\u00e8lene 2011 - PHUSIS","isPartOf":{"@id":"http:\/\/www.phusis.ch\/vins\/#website"},"primaryImageOfPage":{"@id":"https:\/\/www.phusis.ch\/vins\/accueil\/vins\/phusis-5-2011\/metaphusis-5-6\/#primaryimage"},"image":{"@id":"https:\/\/www.phusis.ch\/vins\/accueil\/vins\/phusis-5-2011\/metaphusis-5-6\/#primaryimage"},"thumbnailUrl":"http:\/\/www.phusis.ch\/vins\/wp-content\/uploads\/2012\/07\/Durize.jpg","datePublished":"2012-07-30T04:13:18+00:00","dateModified":"2023-03-05T13:38:58+00:00","breadcrumb":{"@id":"https:\/\/www.phusis.ch\/vins\/accueil\/vins\/phusis-5-2011\/metaphusis-5-6\/#breadcrumb"},"inLanguage":"fr-FR","potentialAction":[{"@type":"ReadAction","target":["https:\/\/www.phusis.ch\/vins\/accueil\/vins\/phusis-5-2011\/metaphusis-5-6\/"]}]},{"@type":"ImageObject","inLanguage":"fr-FR","@id":"https:\/\/www.phusis.ch\/vins\/accueil\/vins\/phusis-5-2011\/metaphusis-5-6\/#primaryimage","url":"http:\/\/www.phusis.ch\/vins\/wp-content\/uploads\/2012\/07\/Durize.jpg","contentUrl":"http:\/\/www.phusis.ch\/vins\/wp-content\/uploads\/2012\/07\/Durize.jpg","width":"900","height":"1200"},{"@type":"BreadcrumbList","@id":"https:\/\/www.phusis.ch\/vins\/accueil\/vins\/phusis-5-2011\/metaphusis-5-6\/#breadcrumb","itemListElement":[{"@type":"ListItem","position":1,"name":"Accueil","item":"http:\/\/www.phusis.ch\/vins\/"},{"@type":"ListItem","position":2,"name":"bienvenue sur phusis vins","item":"http:\/\/www.phusis.ch\/vins\/"},{"@type":"ListItem","position":3,"name":"nos vins","item":"https:\/\/www.phusis.ch\/vins\/accueil\/vins\/"},{"@type":"ListItem","position":4,"name":"mill\u00e9sime 2011","item":"http:\/\/www.phusis.ch\/vins\/accueil\/vins\/phusis-5-2011\/"},{"@type":"ListItem","position":5,"name":"durize clos de landz\u00e8lene 2011"}]},{"@type":"WebSite","@id":"http:\/\/www.phusis.ch\/vins\/#website","url":"http:\/\/www.phusis.ch\/vins\/","name":"PHUSIS","description":"Phusis | Une exp\u00e9rience du vin","publisher":{"@id":"http:\/\/www.phusis.ch\/vins\/#organization"},"potentialAction":[{"@type":"SearchAction","target":{"@type":"EntryPoint","urlTemplate":"http:\/\/www.phusis.ch\/vins\/?s={search_term_string}"},"query-input":"required name=search_term_string"}],"inLanguage":"fr-FR"},{"@type":"Organization","@id":"http:\/\/www.phusis.ch\/vins\/#organization","name":"PHUSIS","url":"http:\/\/www.phusis.ch\/vins\/","logo":{"@type":"ImageObject","inLanguage":"fr-FR","@id":"http:\/\/www.phusis.ch\/vins\/#\/schema\/logo\/image\/","url":"http:\/\/www.phusis.ch\/vins\/wp-content\/uploads\/2021\/06\/Oiseau-PHUSIS-Transparent-1024x1024-1.png","contentUrl":"http:\/\/www.phusis.ch\/vins\/wp-content\/uploads\/2021\/06\/Oiseau-PHUSIS-Transparent-1024x1024-1.png","width":1024,"height":1024,"caption":"PHUSIS"},"image":{"@id":"http:\/\/www.phusis.ch\/vins\/#\/schema\/logo\/image\/"}}]}},"_links":{"self":[{"href":"http:\/\/www.phusis.ch\/vins\/wp-json\/wp\/v2\/pages\/1761"}],"collection":[{"href":"http:\/\/www.phusis.ch\/vins\/wp-json\/wp\/v2\/pages"}],"about":[{"href":"http:\/\/www.phusis.ch\/vins\/wp-json\/wp\/v2\/types\/page"}],"author":[{"embeddable":true,"href":"http:\/\/www.phusis.ch\/vins\/wp-json\/wp\/v2\/users\/3"}],"replies":[{"embeddable":true,"href":"http:\/\/www.phusis.ch\/vins\/wp-json\/wp\/v2\/comments?post=1761"}],"version-history":[{"count":36,"href":"http:\/\/www.phusis.ch\/vins\/wp-json\/wp\/v2\/pages\/1761\/revisions"}],"predecessor-version":[{"id":11229,"href":"http:\/\/www.phusis.ch\/vins\/wp-json\/wp\/v2\/pages\/1761\/revisions\/11229"}],"up":[{"embeddable":true,"href":"http:\/\/www.phusis.ch\/vins\/wp-json\/wp\/v2\/pages\/1742"}],"wp:featuredmedia":[{"embeddable":true,"href":"http:\/\/www.phusis.ch\/vins\/wp-json\/wp\/v2\/media\/1764"}],"wp:attachment":[{"href":"http:\/\/www.phusis.ch\/vins\/wp-json\/wp\/v2\/media?parent=1761"}],"curies":[{"name":"wp","href":"https:\/\/api.w.org\/{rel}","templated":true}]}}