{"id":2200,"date":"2013-09-03T06:23:34","date_gmt":"2013-09-03T04:23:34","guid":{"rendered":"http:\/\/www.phusis.ch\/steve\/?page_id=2200"},"modified":"2024-01-10T17:57:59","modified_gmt":"2024-01-10T16:57:59","slug":"phusis-4-1","status":"publish","type":"page","link":"http:\/\/www.phusis.ch\/vins\/accueil\/vins\/phusis-4-2010\/phusis-4-1\/","title":{"rendered":"arvine extra-brut 2010"},"content":{"rendered":"\t\t<div data-elementor-type=\"wp-page\" data-elementor-id=\"2200\" class=\"elementor elementor-2200\" data-elementor-post-type=\"page\">\n\t\t\t\t\t\t<section class=\"has_ma_el_bg_slider elementor-section elementor-top-section elementor-element elementor-element-1503f39d elementor-section-boxed elementor-section-height-default elementor-section-height-default jltma-glass-effect-no\" data-id=\"1503f39d\" data-element_type=\"section\">\n\t\t\t\t\t\t<div class=\"elementor-container elementor-column-gap-default\">\n\t\t\t\t\t<div class=\"has_ma_el_bg_slider elementor-column elementor-col-100 elementor-top-column elementor-element elementor-element-3bca0633 jltma-glass-effect-no\" data-id=\"3bca0633\" data-element_type=\"column\">\n\t\t\t<div class=\"elementor-widget-wrap elementor-element-populated\">\n\t\t\t\t\t\t<section class=\"has_ma_el_bg_slider elementor-section elementor-inner-section elementor-element elementor-element-1bf29515 elementor-section-boxed elementor-section-height-default elementor-section-height-default jltma-glass-effect-no\" data-id=\"1bf29515\" data-element_type=\"section\">\n\t\t\t\t\t\t<div class=\"elementor-container elementor-column-gap-default\">\n\t\t\t\t\t<div class=\"has_ma_el_bg_slider elementor-column elementor-col-33 elementor-inner-column elementor-element elementor-element-5d938ebd jltma-glass-effect-no\" data-id=\"5d938ebd\" data-element_type=\"column\">\n\t\t\t<div class=\"elementor-widget-wrap elementor-element-populated\">\n\t\t\t\t\t\t<div class=\"elementor-element elementor-element-3f44dd38 jltma-glass-effect-no elementor-widget elementor-widget-counter\" data-id=\"3f44dd38\" data-element_type=\"widget\" data-widget_type=\"counter.default\">\n\t\t\t\t<div class=\"elementor-widget-container\">\n\t\t\t\t\t<div class=\"elementor-counter\">\n\t\t\t<div class=\"elementor-counter-title\">bouteilles<\/div>\t\t\t<div class=\"elementor-counter-number-wrapper\">\n\t\t\t\t<span class=\"elementor-counter-number-prefix\"><\/span>\n\t\t\t\t<span class=\"elementor-counter-number\" data-duration=\"2000\" data-to-value=\"339\" data-from-value=\"0\" data-delimiter=\",\">0<\/span>\n\t\t\t\t<span class=\"elementor-counter-number-suffix\"><\/span>\n\t\t\t<\/div>\n\t\t<\/div>\n\t\t\t\t<\/div>\n\t\t\t\t<\/div>\n\t\t\t\t<div class=\"elementor-element elementor-element-29e39fbd jltma-glass-effect-no elementor-widget elementor-widget-text-editor\" data-id=\"29e39fbd\" data-element_type=\"widget\" data-widget_type=\"text-editor.default\">\n\t\t\t\t<div class=\"elementor-widget-container\">\n\t\t\t\t\t\t\t<p><strong>C\u00e9page :<\/strong>\u00a0Petite Arvine<br \/><strong>D\u00e9gustation :<\/strong> 8 \u00e0 10\u00b0C<br \/><strong>Long\u00e9vit\u00e9<\/strong><strong> :<\/strong> 2014-2017<br \/><strong>Prix :<\/strong>\u00a038.-\/bt (\u00e9puis\u00e9)<\/p><h4><strong>Origine<\/strong><\/h4><p>Cette cuv\u00e9e est issue de notre vigne de Sensine, \u00e0 Conthey, en Valais. Plus d\u2019informations concernant les vins PHUSIS<span style=\"color: #000000;\"> <strong><a style=\"color: #000000;\" href=\"https:\/\/www.phusis.ch\/steve\/les-vignes\/\">ici<\/a><\/strong><\/span>.<\/p><h4><span style=\"font-weight: bolder;\">Notes de d\u00e9gustation<\/span><\/h4><p>Robe jaune p\u00e2le \u00e0 reflets verts. Succession, au nez, de notes de fruits jaunes tr\u00e8s m\u00fbrs, puis de craie et ensuite de ch\u00e8vrefeuille. Attaque de bouche pr\u00e9cise, soulign\u00e9e par une bulle fine mais bien pr\u00e9sente et tonique. Corps ample, structur\u00e9 et qui se poursuit sur longue finale vive, tr\u00e8s claire et en m\u00eame temps l\u00e9g\u00e8rement tannique. Un vin dot\u00e9 d\u2019une grande puissance en finale (septembre 2013).<\/p>\t\t\t\t\t\t<\/div>\n\t\t\t\t<\/div>\n\t\t\t\t\t<\/div>\n\t\t<\/div>\n\t\t\t\t<div class=\"has_ma_el_bg_slider elementor-column elementor-col-33 elementor-inner-column elementor-element elementor-element-6e322287 jltma-glass-effect-no\" data-id=\"6e322287\" data-element_type=\"column\">\n\t\t\t<div class=\"elementor-widget-wrap elementor-element-populated\">\n\t\t\t\t\t\t<div class=\"elementor-element elementor-element-37302645 jltma-glass-effect-no elementor-widget elementor-widget-image\" data-id=\"37302645\" data-element_type=\"widget\" data-widget_type=\"image.default\">\n\t\t\t\t<div class=\"elementor-widget-container\">\n\t\t\t\t\t\t\t\t\t\t\t\t\t<img fetchpriority=\"high\" decoding=\"async\" width=\"711\" height=\"2621\" src=\"http:\/\/www.phusis.ch\/vins\/wp-content\/uploads\/2024\/01\/Fiche-vin-mousseux.png\" class=\"attachment-full size-full wp-image-12193\" alt=\"\" srcset=\"http:\/\/www.phusis.ch\/vins\/wp-content\/uploads\/2024\/01\/Fiche-vin-mousseux.png 711w, http:\/\/www.phusis.ch\/vins\/wp-content\/uploads\/2024\/01\/Fiche-vin-mousseux-81x300.png 81w, http:\/\/www.phusis.ch\/vins\/wp-content\/uploads\/2024\/01\/Fiche-vin-mousseux-278x1024.png 278w, http:\/\/www.phusis.ch\/vins\/wp-content\/uploads\/2024\/01\/Fiche-vin-mousseux-417x1536.png 417w\" sizes=\"(max-width: 711px) 100vw, 711px\" \/>\t\t\t\t\t\t\t\t\t\t\t\t\t<\/div>\n\t\t\t\t<\/div>\n\t\t\t\t\t<\/div>\n\t\t<\/div>\n\t\t\t\t<div class=\"has_ma_el_bg_slider elementor-column elementor-col-33 elementor-inner-column elementor-element elementor-element-14daf940 jltma-glass-effect-no\" data-id=\"14daf940\" data-element_type=\"column\">\n\t\t\t<div class=\"elementor-widget-wrap elementor-element-populated\">\n\t\t\t\t\t\t<div class=\"elementor-element elementor-element-14bb0fe1 jltma-glass-effect-no elementor-widget elementor-widget-text-editor\" data-id=\"14bb0fe1\" data-element_type=\"widget\" data-widget_type=\"text-editor.default\">\n\t\t\t\t<div class=\"elementor-widget-container\">\n\t\t\t\t\t\t\t<h4><span style=\"font-weight: bolder;\">Suggestions d&#8217;accords<\/span><\/h4><p style=\"font-family: 'Open Sans'; font-size: 15px; font-weight: 400;\">Ap\u00e9ritif. Poissons fum\u00e9s. Poissons de mer sur le grill.<\/p><h4>vendange et vinification<\/h4><p>La parcelle d\u2019Arvine plant\u00e9e en 1997 est vigoureuse et donne une vendange assez abondante.<\/p><p>Pour son premier mill\u00e9sime, le 2007, elle a produit un vin tr\u00e8s riche, dense. En 2008, un mi-fl\u00e9tri. A partir de 2009, l\u2019option choisie est la m\u00e9thode champenoise. Ceci permet de moins brider la vigne (quasi pas de vendanges vertes) dans l\u2019espoir qu\u2019elle se r\u00e9gule progressivement elle-m\u00eame\u2026<\/p><p>La vendange est r\u00e9alis\u00e9e le 30 septembre 2010, en tout d\u00e9but de maturit\u00e9.<\/p><p>Au pressoir, les t\u00eates et queues de pressurage sont soigneusement s\u00e9par\u00e9es, vinifi\u00e9es, distill\u00e9es et \u00e9lev\u00e9es sous bois (rendez-vous dans quelques ann\u00e9es pour la d\u00e9gustation de cette eau-de-vie d\u2019Arvine, assemblage, pour l\u2019instant de 2009 et 2010).<\/p><p>Seul le c\u0153ur de la press\u00e9e est destin\u00e9 \u00e0 la m\u00e9thode champenoise (au final, moins de 50% de pressurage).<\/p><p>La vinification se d\u00e9roule en cuve (fermentations alcoolique et malolactique) et l\u2019\u00e9levage se poursuit jusqu\u2019\u00e0 ce que le vin soit stable, en juillet 2011 et ce, sans filtration.<\/p><p>A partir de ce moment, s\u2019op\u00e8re la magie de la prise de mousse selon la m\u00e9thode champenoise.<\/p><p>25 mois sur lattes plus tard, le vin est d\u00e9gorg\u00e9, sans adjonction de liqueur d\u2019exp\u00e9dition, fin ao\u00fbt 2013.<\/p>\t\t\t\t\t\t<\/div>\n\t\t\t\t<\/div>\n\t\t\t\t\t<\/div>\n\t\t<\/div>\n\t\t\t\t\t<\/div>\n\t\t<\/section>\n\t\t\t\t\t<\/div>\n\t\t<\/div>\n\t\t\t\t\t<\/div>\n\t\t<\/section>\n\t\t\t\t<section class=\"has_ma_el_bg_slider elementor-section elementor-top-section elementor-element elementor-element-395aec9d elementor-section-boxed elementor-section-height-default elementor-section-height-default jltma-glass-effect-no\" data-id=\"395aec9d\" data-element_type=\"section\">\n\t\t\t\t\t\t<div class=\"elementor-container elementor-column-gap-default\">\n\t\t\t\t\t<div class=\"has_ma_el_bg_slider elementor-column elementor-col-100 elementor-top-column elementor-element elementor-element-4bb22652 jltma-glass-effect-no\" data-id=\"4bb22652\" data-element_type=\"column\">\n\t\t\t<div class=\"elementor-widget-wrap\">\n\t\t\t\t\t\t\t<\/div>\n\t\t<\/div>\n\t\t\t\t\t<\/div>\n\t\t<\/section>\n\t\t\t\t<\/div>\n\t\t\n\t\t\t<div style=\"clear: both; float: none;\" class=\"ratepost-clear\"><\/div>\n\t\t\t<div id=\"ratepost-2200\" class=\"ratepost\" rel=\"3\">\n\t\t\t\t\t<span class=\"rating3\"><div class=\"star1\" rel=\"1\"><\/div><div class=\"star2\" rel=\"2\"><\/div><div class=\"star3\" rel=\"3\"><\/div><div class=\"star4\" rel=\"4\"><\/div><div class=\"star5\" rel=\"5\"><\/div><\/span>\n\t\t\t\t<div class=\"status-info\"><\/div>\n\t\t<\/div><div style=\"clear: both; float: none;\" class=\"ratepost-clear\"><\/div>","protected":false},"excerpt":{"rendered":"<p>0 bouteilles C\u00e9page :\u00a0Petite ArvineD\u00e9gustation : 8 \u00e0 10\u00b0CLong\u00e9vit\u00e9 : 2014-2017Prix :\u00a038.-\/bt (\u00e9puis\u00e9) Origine Cette cuv\u00e9e est issue de notre vigne de Sensine, \u00e0 Conthey, en Valais. Plus d\u2019informations concernant les vins PHUSIS ici. Notes de d\u00e9gustation Robe jaune p\u00e2le \u00e0 reflets verts. Succession, au nez, de notes de fruits jaunes tr\u00e8s m\u00fbrs, puis de [&hellip;]<\/p>\n","protected":false},"author":3,"featured_media":2205,"parent":857,"menu_order":1,"comment_status":"open","ping_status":"closed","template":"elementor_theme","meta":{"_monsterinsights_skip_tracking":false,"_monsterinsights_sitenote_active":false,"_monsterinsights_sitenote_note":"","_monsterinsights_sitenote_category":0,"footnotes":""},"yoast_head":"<!-- This site is optimized with the Yoast SEO plugin v22.8 - https:\/\/yoast.com\/wordpress\/plugins\/seo\/ -->\n<title>arvine extra-brut 2010 - PHUSIS<\/title>\n<meta name=\"robots\" content=\"index, follow, max-snippet:-1, max-image-preview:large, max-video-preview:-1\" \/>\n<link rel=\"canonical\" href=\"http:\/\/www.phusis.ch\/vins\/accueil\/vins\/phusis-4-2010\/phusis-4-1\/\" \/>\n<meta property=\"og:locale\" content=\"fr_FR\" \/>\n<meta property=\"og:type\" content=\"article\" \/>\n<meta property=\"og:title\" content=\"arvine extra-brut 2010 - PHUSIS\" \/>\n<meta property=\"og:description\" content=\"0 bouteilles C\u00e9page :\u00a0Petite ArvineD\u00e9gustation : 8 \u00e0 10\u00b0CLong\u00e9vit\u00e9 : 2014-2017Prix :\u00a038.-\/bt (\u00e9puis\u00e9) Origine Cette cuv\u00e9e est issue de notre vigne de Sensine, \u00e0 Conthey, en Valais. Plus d\u2019informations concernant les vins PHUSIS ici. Notes de d\u00e9gustation Robe jaune p\u00e2le \u00e0 reflets verts. Succession, au nez, de notes de fruits jaunes tr\u00e8s m\u00fbrs, puis de [&hellip;]\" \/>\n<meta property=\"og:url\" content=\"http:\/\/www.phusis.ch\/vins\/accueil\/vins\/phusis-4-2010\/phusis-4-1\/\" \/>\n<meta property=\"og:site_name\" content=\"PHUSIS\" \/>\n<meta property=\"article:modified_time\" content=\"2024-01-10T16:57:59+00:00\" \/>\n<meta property=\"og:image\" content=\"http:\/\/www.phusis.ch\/vins\/wp-content\/uploads\/2013\/09\/extrabrut.jpg\" \/>\n\t<meta property=\"og:image:width\" content=\"900\" \/>\n\t<meta property=\"og:image:height\" content=\"1200\" \/>\n\t<meta property=\"og:image:type\" content=\"image\/jpeg\" \/>\n<meta name=\"twitter:card\" content=\"summary_large_image\" \/>\n<meta name=\"twitter:label1\" content=\"Dur\u00e9e de lecture estim\u00e9e\" \/>\n\t<meta name=\"twitter:data1\" content=\"2 minutes\" \/>\n<script type=\"application\/ld+json\" class=\"yoast-schema-graph\">{\"@context\":\"https:\/\/schema.org\",\"@graph\":[{\"@type\":\"WebPage\",\"@id\":\"http:\/\/www.phusis.ch\/vins\/accueil\/vins\/phusis-4-2010\/phusis-4-1\/\",\"url\":\"http:\/\/www.phusis.ch\/vins\/accueil\/vins\/phusis-4-2010\/phusis-4-1\/\",\"name\":\"arvine extra-brut 2010 - PHUSIS\",\"isPartOf\":{\"@id\":\"http:\/\/www.phusis.ch\/vins\/#website\"},\"primaryImageOfPage\":{\"@id\":\"http:\/\/www.phusis.ch\/vins\/accueil\/vins\/phusis-4-2010\/phusis-4-1\/#primaryimage\"},\"image\":{\"@id\":\"http:\/\/www.phusis.ch\/vins\/accueil\/vins\/phusis-4-2010\/phusis-4-1\/#primaryimage\"},\"thumbnailUrl\":\"http:\/\/www.phusis.ch\/vins\/wp-content\/uploads\/2013\/09\/extrabrut.jpg\",\"datePublished\":\"2013-09-03T04:23:34+00:00\",\"dateModified\":\"2024-01-10T16:57:59+00:00\",\"breadcrumb\":{\"@id\":\"http:\/\/www.phusis.ch\/vins\/accueil\/vins\/phusis-4-2010\/phusis-4-1\/#breadcrumb\"},\"inLanguage\":\"fr-FR\",\"potentialAction\":[{\"@type\":\"ReadAction\",\"target\":[\"http:\/\/www.phusis.ch\/vins\/accueil\/vins\/phusis-4-2010\/phusis-4-1\/\"]}]},{\"@type\":\"ImageObject\",\"inLanguage\":\"fr-FR\",\"@id\":\"http:\/\/www.phusis.ch\/vins\/accueil\/vins\/phusis-4-2010\/phusis-4-1\/#primaryimage\",\"url\":\"http:\/\/www.phusis.ch\/vins\/wp-content\/uploads\/2013\/09\/extrabrut.jpg\",\"contentUrl\":\"http:\/\/www.phusis.ch\/vins\/wp-content\/uploads\/2013\/09\/extrabrut.jpg\",\"width\":900,\"height\":1200},{\"@type\":\"BreadcrumbList\",\"@id\":\"http:\/\/www.phusis.ch\/vins\/accueil\/vins\/phusis-4-2010\/phusis-4-1\/#breadcrumb\",\"itemListElement\":[{\"@type\":\"ListItem\",\"position\":1,\"name\":\"Accueil\",\"item\":\"http:\/\/www.phusis.ch\/vins\/\"},{\"@type\":\"ListItem\",\"position\":2,\"name\":\"bienvenue sur phusis vins\",\"item\":\"http:\/\/www.phusis.ch\/vins\/\"},{\"@type\":\"ListItem\",\"position\":3,\"name\":\"nos vins\",\"item\":\"https:\/\/www.phusis.ch\/vins\/accueil\/vins\/\"},{\"@type\":\"ListItem\",\"position\":4,\"name\":\"mill\u00e9sime 2010\",\"item\":\"http:\/\/www.phusis.ch\/vins\/accueil\/vins\/phusis-4-2010\/\"},{\"@type\":\"ListItem\",\"position\":5,\"name\":\"arvine extra-brut 2010\"}]},{\"@type\":\"WebSite\",\"@id\":\"http:\/\/www.phusis.ch\/vins\/#website\",\"url\":\"http:\/\/www.phusis.ch\/vins\/\",\"name\":\"PHUSIS\",\"description\":\"Phusis | Une exp\u00e9rience du vin\",\"publisher\":{\"@id\":\"http:\/\/www.phusis.ch\/vins\/#organization\"},\"potentialAction\":[{\"@type\":\"SearchAction\",\"target\":{\"@type\":\"EntryPoint\",\"urlTemplate\":\"http:\/\/www.phusis.ch\/vins\/?s={search_term_string}\"},\"query-input\":\"required name=search_term_string\"}],\"inLanguage\":\"fr-FR\"},{\"@type\":\"Organization\",\"@id\":\"http:\/\/www.phusis.ch\/vins\/#organization\",\"name\":\"PHUSIS\",\"url\":\"http:\/\/www.phusis.ch\/vins\/\",\"logo\":{\"@type\":\"ImageObject\",\"inLanguage\":\"fr-FR\",\"@id\":\"http:\/\/www.phusis.ch\/vins\/#\/schema\/logo\/image\/\",\"url\":\"http:\/\/www.phusis.ch\/vins\/wp-content\/uploads\/2021\/06\/Oiseau-PHUSIS-Transparent-1024x1024-1.png\",\"contentUrl\":\"http:\/\/www.phusis.ch\/vins\/wp-content\/uploads\/2021\/06\/Oiseau-PHUSIS-Transparent-1024x1024-1.png\",\"width\":1024,\"height\":1024,\"caption\":\"PHUSIS\"},\"image\":{\"@id\":\"http:\/\/www.phusis.ch\/vins\/#\/schema\/logo\/image\/\"}}]}<\/script>\n<!-- \/ Yoast SEO plugin. -->","yoast_head_json":{"title":"arvine extra-brut 2010 - PHUSIS","robots":{"index":"index","follow":"follow","max-snippet":"max-snippet:-1","max-image-preview":"max-image-preview:large","max-video-preview":"max-video-preview:-1"},"canonical":"http:\/\/www.phusis.ch\/vins\/accueil\/vins\/phusis-4-2010\/phusis-4-1\/","og_locale":"fr_FR","og_type":"article","og_title":"arvine extra-brut 2010 - PHUSIS","og_description":"0 bouteilles C\u00e9page :\u00a0Petite ArvineD\u00e9gustation : 8 \u00e0 10\u00b0CLong\u00e9vit\u00e9 : 2014-2017Prix :\u00a038.-\/bt (\u00e9puis\u00e9) Origine Cette cuv\u00e9e est issue de notre vigne de Sensine, \u00e0 Conthey, en Valais. Plus d\u2019informations concernant les vins PHUSIS ici. Notes de d\u00e9gustation Robe jaune p\u00e2le \u00e0 reflets verts. Succession, au nez, de notes de fruits jaunes tr\u00e8s m\u00fbrs, puis de [&hellip;]","og_url":"http:\/\/www.phusis.ch\/vins\/accueil\/vins\/phusis-4-2010\/phusis-4-1\/","og_site_name":"PHUSIS","article_modified_time":"2024-01-10T16:57:59+00:00","og_image":[{"width":900,"height":1200,"url":"http:\/\/www.phusis.ch\/vins\/wp-content\/uploads\/2013\/09\/extrabrut.jpg","type":"image\/jpeg"}],"twitter_card":"summary_large_image","twitter_misc":{"Dur\u00e9e de lecture estim\u00e9e":"2 minutes"},"schema":{"@context":"https:\/\/schema.org","@graph":[{"@type":"WebPage","@id":"http:\/\/www.phusis.ch\/vins\/accueil\/vins\/phusis-4-2010\/phusis-4-1\/","url":"http:\/\/www.phusis.ch\/vins\/accueil\/vins\/phusis-4-2010\/phusis-4-1\/","name":"arvine extra-brut 2010 - PHUSIS","isPartOf":{"@id":"http:\/\/www.phusis.ch\/vins\/#website"},"primaryImageOfPage":{"@id":"http:\/\/www.phusis.ch\/vins\/accueil\/vins\/phusis-4-2010\/phusis-4-1\/#primaryimage"},"image":{"@id":"http:\/\/www.phusis.ch\/vins\/accueil\/vins\/phusis-4-2010\/phusis-4-1\/#primaryimage"},"thumbnailUrl":"http:\/\/www.phusis.ch\/vins\/wp-content\/uploads\/2013\/09\/extrabrut.jpg","datePublished":"2013-09-03T04:23:34+00:00","dateModified":"2024-01-10T16:57:59+00:00","breadcrumb":{"@id":"http:\/\/www.phusis.ch\/vins\/accueil\/vins\/phusis-4-2010\/phusis-4-1\/#breadcrumb"},"inLanguage":"fr-FR","potentialAction":[{"@type":"ReadAction","target":["http:\/\/www.phusis.ch\/vins\/accueil\/vins\/phusis-4-2010\/phusis-4-1\/"]}]},{"@type":"ImageObject","inLanguage":"fr-FR","@id":"http:\/\/www.phusis.ch\/vins\/accueil\/vins\/phusis-4-2010\/phusis-4-1\/#primaryimage","url":"http:\/\/www.phusis.ch\/vins\/wp-content\/uploads\/2013\/09\/extrabrut.jpg","contentUrl":"http:\/\/www.phusis.ch\/vins\/wp-content\/uploads\/2013\/09\/extrabrut.jpg","width":900,"height":1200},{"@type":"BreadcrumbList","@id":"http:\/\/www.phusis.ch\/vins\/accueil\/vins\/phusis-4-2010\/phusis-4-1\/#breadcrumb","itemListElement":[{"@type":"ListItem","position":1,"name":"Accueil","item":"http:\/\/www.phusis.ch\/vins\/"},{"@type":"ListItem","position":2,"name":"bienvenue sur phusis vins","item":"http:\/\/www.phusis.ch\/vins\/"},{"@type":"ListItem","position":3,"name":"nos vins","item":"https:\/\/www.phusis.ch\/vins\/accueil\/vins\/"},{"@type":"ListItem","position":4,"name":"mill\u00e9sime 2010","item":"http:\/\/www.phusis.ch\/vins\/accueil\/vins\/phusis-4-2010\/"},{"@type":"ListItem","position":5,"name":"arvine extra-brut 2010"}]},{"@type":"WebSite","@id":"http:\/\/www.phusis.ch\/vins\/#website","url":"http:\/\/www.phusis.ch\/vins\/","name":"PHUSIS","description":"Phusis | Une exp\u00e9rience du vin","publisher":{"@id":"http:\/\/www.phusis.ch\/vins\/#organization"},"potentialAction":[{"@type":"SearchAction","target":{"@type":"EntryPoint","urlTemplate":"http:\/\/www.phusis.ch\/vins\/?s={search_term_string}"},"query-input":"required name=search_term_string"}],"inLanguage":"fr-FR"},{"@type":"Organization","@id":"http:\/\/www.phusis.ch\/vins\/#organization","name":"PHUSIS","url":"http:\/\/www.phusis.ch\/vins\/","logo":{"@type":"ImageObject","inLanguage":"fr-FR","@id":"http:\/\/www.phusis.ch\/vins\/#\/schema\/logo\/image\/","url":"http:\/\/www.phusis.ch\/vins\/wp-content\/uploads\/2021\/06\/Oiseau-PHUSIS-Transparent-1024x1024-1.png","contentUrl":"http:\/\/www.phusis.ch\/vins\/wp-content\/uploads\/2021\/06\/Oiseau-PHUSIS-Transparent-1024x1024-1.png","width":1024,"height":1024,"caption":"PHUSIS"},"image":{"@id":"http:\/\/www.phusis.ch\/vins\/#\/schema\/logo\/image\/"}}]}},"_links":{"self":[{"href":"http:\/\/www.phusis.ch\/vins\/wp-json\/wp\/v2\/pages\/2200"}],"collection":[{"href":"http:\/\/www.phusis.ch\/vins\/wp-json\/wp\/v2\/pages"}],"about":[{"href":"http:\/\/www.phusis.ch\/vins\/wp-json\/wp\/v2\/types\/page"}],"author":[{"embeddable":true,"href":"http:\/\/www.phusis.ch\/vins\/wp-json\/wp\/v2\/users\/3"}],"replies":[{"embeddable":true,"href":"http:\/\/www.phusis.ch\/vins\/wp-json\/wp\/v2\/comments?post=2200"}],"version-history":[{"count":41,"href":"http:\/\/www.phusis.ch\/vins\/wp-json\/wp\/v2\/pages\/2200\/revisions"}],"predecessor-version":[{"id":12205,"href":"http:\/\/www.phusis.ch\/vins\/wp-json\/wp\/v2\/pages\/2200\/revisions\/12205"}],"up":[{"embeddable":true,"href":"http:\/\/www.phusis.ch\/vins\/wp-json\/wp\/v2\/pages\/857"}],"wp:featuredmedia":[{"embeddable":true,"href":"http:\/\/www.phusis.ch\/vins\/wp-json\/wp\/v2\/media\/2205"}],"wp:attachment":[{"href":"http:\/\/www.phusis.ch\/vins\/wp-json\/wp\/v2\/media?parent=2200"}],"curies":[{"name":"wp","href":"https:\/\/api.w.org\/{rel}","templated":true}]}}