{"id":2644,"date":"2014-11-05T09:12:03","date_gmt":"2014-11-05T08:12:03","guid":{"rendered":"http:\/\/www.phusis.ch\/steve\/?page_id=2644"},"modified":"2023-03-05T14:40:37","modified_gmt":"2023-03-05T13:40:37","slug":"arvine-vieille-vigne","status":"publish","type":"page","link":"http:\/\/www.phusis.ch\/vins\/accueil\/vins\/phusis-6-2012\/arvine-vieille-vigne\/","title":{"rendered":"arvine vieille vigne sur falaise 2012"},"content":{"rendered":"\t\t<div data-elementor-type=\"wp-page\" data-elementor-id=\"2644\" class=\"elementor elementor-2644\" data-elementor-post-type=\"page\">\n\t\t\t\t\t\t<section class=\"has_ma_el_bg_slider elementor-section elementor-top-section elementor-element elementor-element-46580eac elementor-section-boxed elementor-section-height-default elementor-section-height-default jltma-glass-effect-no\" data-id=\"46580eac\" data-element_type=\"section\">\n\t\t\t\t\t\t<div class=\"elementor-container elementor-column-gap-default\">\n\t\t\t\t\t<div class=\"has_ma_el_bg_slider elementor-column elementor-col-100 elementor-top-column elementor-element elementor-element-48d2fc5f jltma-glass-effect-no\" data-id=\"48d2fc5f\" data-element_type=\"column\">\n\t\t\t<div class=\"elementor-widget-wrap elementor-element-populated\">\n\t\t\t\t\t\t<section class=\"has_ma_el_bg_slider elementor-section elementor-inner-section elementor-element elementor-element-4f85870a elementor-section-boxed elementor-section-height-default elementor-section-height-default jltma-glass-effect-no\" data-id=\"4f85870a\" data-element_type=\"section\">\n\t\t\t\t\t\t<div class=\"elementor-container elementor-column-gap-default\">\n\t\t\t\t\t<div class=\"has_ma_el_bg_slider elementor-column elementor-col-33 elementor-inner-column elementor-element elementor-element-27deb996 jltma-glass-effect-no\" data-id=\"27deb996\" data-element_type=\"column\">\n\t\t\t<div class=\"elementor-widget-wrap elementor-element-populated\">\n\t\t\t\t\t\t<div class=\"elementor-element elementor-element-63a95008 jltma-glass-effect-no elementor-widget elementor-widget-counter\" data-id=\"63a95008\" data-element_type=\"widget\" data-widget_type=\"counter.default\">\n\t\t\t\t<div class=\"elementor-widget-container\">\n\t\t\t\t\t<div class=\"elementor-counter\">\n\t\t\t<div class=\"elementor-counter-title\">bouteilles<\/div>\t\t\t<div class=\"elementor-counter-number-wrapper\">\n\t\t\t\t<span class=\"elementor-counter-number-prefix\"><\/span>\n\t\t\t\t<span class=\"elementor-counter-number\" data-duration=\"2000\" data-to-value=\"343\" data-from-value=\"0\" data-delimiter=\",\">0<\/span>\n\t\t\t\t<span class=\"elementor-counter-number-suffix\"><\/span>\n\t\t\t<\/div>\n\t\t<\/div>\n\t\t\t\t<\/div>\n\t\t\t\t<\/div>\n\t\t\t\t<div class=\"elementor-element elementor-element-39d88d64 jltma-glass-effect-no elementor-widget elementor-widget-text-editor\" data-id=\"39d88d64\" data-element_type=\"widget\" data-widget_type=\"text-editor.default\">\n\t\t\t\t<div class=\"elementor-widget-container\">\n\t\t\t\t\t\t\t<p><strong>C\u00e9page :<\/strong>\u00a0Petite Arvine<br \/><strong>D\u00e9gustation :<\/strong> 8 \u00e0 10\u00b0C<br \/><strong>Long\u00e9vit\u00e9<\/strong><strong> :<\/strong> 2015-2022<br \/><strong>Prix :<\/strong>\u00a045.-\/bt (\u00e9puis\u00e9)<\/p><h4><strong>Origine<\/strong><\/h4><p>Cette cuv\u00e9e est issue de notre vigne de Sensine, \u00e0 Conthey, en Valais. Plus d\u2019informations concernant les vins PHUSIS<span style=\"color: #000000;\"> <strong><a style=\"color: #000000;\" href=\"https:\/\/www.phusis.ch\/steve\/les-vignes\/\">ici<\/a><\/strong><\/span>.<\/p><h4><span style=\"font-weight: bolder;\">Notes de d\u00e9gustation<\/span><\/h4><p>Robe claire, jaune p\u00e2le. Assez discret, d\u00e9licat, le nez s\u2019ouvre doucement sur les fleurs blanches et un beau cort\u00e8ge d\u2019agrumes\u00a0: citron confit, c\u00e9drat, bergamote, zeste de mandarine. La bouche d\u00e9marre sur une mati\u00e8re souple, large, aux saveurs franchement sal\u00e9es. Le corps se montre volumineux, a\u00e9rien et la finale se termine sur une touche l\u00e9g\u00e8rement tannique. Fait pour la table, ce vin sera encore meilleur apr\u00e8s quelques mois de cave (novembre 2014).<\/p>\t\t\t\t\t\t<\/div>\n\t\t\t\t<\/div>\n\t\t\t\t\t<\/div>\n\t\t<\/div>\n\t\t\t\t<div class=\"has_ma_el_bg_slider elementor-column elementor-col-33 elementor-inner-column elementor-element elementor-element-327973b jltma-glass-effect-no\" data-id=\"327973b\" data-element_type=\"column\">\n\t\t\t<div class=\"elementor-widget-wrap elementor-element-populated\">\n\t\t\t\t\t\t<div class=\"elementor-element elementor-element-83b1744 jltma-glass-effect-no elementor-widget elementor-widget-image\" data-id=\"83b1744\" data-element_type=\"widget\" data-widget_type=\"image.default\">\n\t\t\t\t<div class=\"elementor-widget-container\">\n\t\t\t\t\t\t\t\t\t\t\t\t\t<img fetchpriority=\"high\" decoding=\"async\" width=\"688\" height=\"2640\" src=\"http:\/\/www.phusis.ch\/vins\/wp-content\/uploads\/2023\/02\/Bouteille-dessinee2.png\" class=\"attachment-full size-full wp-image-10155\" alt=\"\" srcset=\"http:\/\/www.phusis.ch\/vins\/wp-content\/uploads\/2023\/02\/Bouteille-dessinee2.png 688w, http:\/\/www.phusis.ch\/vins\/wp-content\/uploads\/2023\/02\/Bouteille-dessinee2-78x300.png 78w, http:\/\/www.phusis.ch\/vins\/wp-content\/uploads\/2023\/02\/Bouteille-dessinee2-267x1024.png 267w, http:\/\/www.phusis.ch\/vins\/wp-content\/uploads\/2023\/02\/Bouteille-dessinee2-400x1536.png 400w, http:\/\/www.phusis.ch\/vins\/wp-content\/uploads\/2023\/02\/Bouteille-dessinee2-534x2048.png 534w\" sizes=\"(max-width: 688px) 100vw, 688px\" \/>\t\t\t\t\t\t\t\t\t\t\t\t\t<\/div>\n\t\t\t\t<\/div>\n\t\t\t\t\t<\/div>\n\t\t<\/div>\n\t\t\t\t<div class=\"has_ma_el_bg_slider elementor-column elementor-col-33 elementor-inner-column elementor-element elementor-element-1c8662b8 jltma-glass-effect-no\" data-id=\"1c8662b8\" data-element_type=\"column\">\n\t\t\t<div class=\"elementor-widget-wrap elementor-element-populated\">\n\t\t\t\t\t\t<div class=\"elementor-element elementor-element-3e5bf259 jltma-glass-effect-no elementor-widget elementor-widget-text-editor\" data-id=\"3e5bf259\" data-element_type=\"widget\" data-widget_type=\"text-editor.default\">\n\t\t\t\t<div class=\"elementor-widget-container\">\n\t\t\t\t\t\t\t<h4><span style=\"font-weight: bolder;\">Suggestions d&#8217;accords<\/span><\/h4><p style=\"font-family: 'Open Sans'; font-size: 15px; font-weight: 400;\">Press\u00e9 de l\u00e9gumes confits. Tartare de daurade. Vieux Gruy\u00e8re d\u2019alpage.<\/p><h4>vendange et vinification<\/h4><p>Le mill\u00e9sime 2012 est marqu\u00e9 par une humidit\u00e9 importante qui favorise la pourriture (sauf de la mi-ao\u00fbt \u00e0 la mi-septembre o\u00f9 le temps est beau, chaud et sec). Ainsi, tout d\u00e9but octobre, certaines grappes de la vieille vigne de Sensine sont d\u00e9j\u00e0 bien atteintes de pourriture noble et les autres, encore saines, sont sur le point de cailler. Il faut donc rentrer rapidement ce qui reste et cela se fait le 5 octobre. En terme de quantit\u00e9, c\u2019est une des plus petites r\u00e9coltes de la vieille vigne \u00e0 ce jour. On est effectivement \u00e0 moins de 400 g\/m2 et le sondage affiche 96 \u00b0Oe.<\/p><p>Le raisin est press\u00e9 dans un pressoir vertical manuel et la majorit\u00e9 du mo\u00fbt part dans un f\u00fbt de troisi\u00e8me vin pour la fermentation. Un petit solde va en bonbonne. Les levures indig\u00e8nes ne sont pas tr\u00e8s actives et, apr\u00e8s 4 mois, elles se mettent au repos alors qu\u2019il reste encore quelques grammes de sucre. L\u2019\u00e9t\u00e9 suivant, la fermentation se termine et, dans la foul\u00e9e, la malolactique se fait \u00e9galement. L&#8217;\u00e9levage se poursuit une ann\u00e9e suppl\u00e9mentaire et le vin est mis en bouteille le 21 septembre 2014, sans filtration.<\/p>\t\t\t\t\t\t<\/div>\n\t\t\t\t<\/div>\n\t\t\t\t\t<\/div>\n\t\t<\/div>\n\t\t\t\t\t<\/div>\n\t\t<\/section>\n\t\t\t\t\t<\/div>\n\t\t<\/div>\n\t\t\t\t\t<\/div>\n\t\t<\/section>\n\t\t\t\t<section class=\"has_ma_el_bg_slider elementor-section elementor-top-section elementor-element elementor-element-fb9babc elementor-section-boxed elementor-section-height-default elementor-section-height-default jltma-glass-effect-no\" data-id=\"fb9babc\" data-element_type=\"section\">\n\t\t\t\t\t\t<div class=\"elementor-container elementor-column-gap-default\">\n\t\t\t\t\t<div class=\"has_ma_el_bg_slider elementor-column elementor-col-100 elementor-top-column elementor-element elementor-element-50885f45 jltma-glass-effect-no\" data-id=\"50885f45\" data-element_type=\"column\">\n\t\t\t<div class=\"elementor-widget-wrap\">\n\t\t\t\t\t\t\t<\/div>\n\t\t<\/div>\n\t\t\t\t\t<\/div>\n\t\t<\/section>\n\t\t\t\t<\/div>\n\t\t\n\t\t\t<div style=\"clear: both; float: none;\" class=\"ratepost-clear\"><\/div>\n\t\t\t<div id=\"ratepost-2644\" class=\"ratepost\" rel=\"3\">\n\t\t\t\t\t<span class=\"rating3\"><div class=\"star1\" rel=\"1\"><\/div><div class=\"star2\" rel=\"2\"><\/div><div class=\"star3\" rel=\"3\"><\/div><div class=\"star4\" rel=\"4\"><\/div><div class=\"star5\" rel=\"5\"><\/div><\/span>\n\t\t\t\t<div class=\"status-info\"><\/div>\n\t\t<\/div><div style=\"clear: both; float: none;\" class=\"ratepost-clear\"><\/div>","protected":false},"excerpt":{"rendered":"<p>0 bouteilles C\u00e9page :\u00a0Petite ArvineD\u00e9gustation : 8 \u00e0 10\u00b0CLong\u00e9vit\u00e9 : 2015-2022Prix :\u00a045.-\/bt (\u00e9puis\u00e9) Origine Cette cuv\u00e9e est issue de notre vigne de Sensine, \u00e0 Conthey, en Valais. Plus d\u2019informations concernant les vins PHUSIS ici. Notes de d\u00e9gustation Robe claire, jaune p\u00e2le. Assez discret, d\u00e9licat, le nez s\u2019ouvre doucement sur les fleurs blanches et un beau [&hellip;]<\/p>\n","protected":false},"author":3,"featured_media":2650,"parent":2081,"menu_order":3,"comment_status":"open","ping_status":"closed","template":"elementor_theme","meta":{"_monsterinsights_skip_tracking":false,"_monsterinsights_sitenote_active":false,"_monsterinsights_sitenote_note":"","_monsterinsights_sitenote_category":0,"footnotes":""},"yoast_head":"<!-- This site is optimized with the Yoast SEO plugin v22.8 - https:\/\/yoast.com\/wordpress\/plugins\/seo\/ -->\n<title>arvine vieille vigne sur falaise 2012 - PHUSIS<\/title>\n<meta name=\"robots\" content=\"index, follow, max-snippet:-1, max-image-preview:large, max-video-preview:-1\" \/>\n<link rel=\"canonical\" href=\"https:\/\/www.phusis.ch\/vins\/accueil\/vins\/phusis-6-2012\/arvine-vieille-vigne\/\" \/>\n<meta property=\"og:locale\" content=\"fr_FR\" \/>\n<meta property=\"og:type\" content=\"article\" \/>\n<meta property=\"og:title\" content=\"arvine vieille vigne sur falaise 2012 - PHUSIS\" \/>\n<meta property=\"og:description\" content=\"0 bouteilles C\u00e9page :\u00a0Petite ArvineD\u00e9gustation : 8 \u00e0 10\u00b0CLong\u00e9vit\u00e9 : 2015-2022Prix :\u00a045.-\/bt (\u00e9puis\u00e9) Origine Cette cuv\u00e9e est issue de notre vigne de Sensine, \u00e0 Conthey, en Valais. Plus d\u2019informations concernant les vins PHUSIS ici. Notes de d\u00e9gustation Robe claire, jaune p\u00e2le. Assez discret, d\u00e9licat, le nez s\u2019ouvre doucement sur les fleurs blanches et un beau [&hellip;]\" \/>\n<meta property=\"og:url\" content=\"https:\/\/www.phusis.ch\/vins\/accueil\/vins\/phusis-6-2012\/arvine-vieille-vigne\/\" \/>\n<meta property=\"og:site_name\" content=\"PHUSIS\" \/>\n<meta property=\"article:modified_time\" content=\"2023-03-05T13:40:37+00:00\" \/>\n<meta property=\"og:image\" content=\"https:\/\/www.phusis.ch\/vins\/wp-content\/uploads\/2014\/11\/sensineA.jpg\" \/>\n\t<meta property=\"og:image:width\" content=\"900\" \/>\n\t<meta property=\"og:image:height\" content=\"1200\" \/>\n\t<meta property=\"og:image:type\" content=\"image\/jpeg\" \/>\n<meta name=\"twitter:card\" content=\"summary_large_image\" \/>\n<meta name=\"twitter:label1\" content=\"Dur\u00e9e de lecture estim\u00e9e\" \/>\n\t<meta name=\"twitter:data1\" content=\"2 minutes\" \/>\n<script type=\"application\/ld+json\" class=\"yoast-schema-graph\">{\"@context\":\"https:\/\/schema.org\",\"@graph\":[{\"@type\":\"WebPage\",\"@id\":\"https:\/\/www.phusis.ch\/vins\/accueil\/vins\/phusis-6-2012\/arvine-vieille-vigne\/\",\"url\":\"https:\/\/www.phusis.ch\/vins\/accueil\/vins\/phusis-6-2012\/arvine-vieille-vigne\/\",\"name\":\"arvine vieille vigne sur falaise 2012 - PHUSIS\",\"isPartOf\":{\"@id\":\"http:\/\/www.phusis.ch\/vins\/#website\"},\"primaryImageOfPage\":{\"@id\":\"https:\/\/www.phusis.ch\/vins\/accueil\/vins\/phusis-6-2012\/arvine-vieille-vigne\/#primaryimage\"},\"image\":{\"@id\":\"https:\/\/www.phusis.ch\/vins\/accueil\/vins\/phusis-6-2012\/arvine-vieille-vigne\/#primaryimage\"},\"thumbnailUrl\":\"http:\/\/www.phusis.ch\/vins\/wp-content\/uploads\/2014\/11\/sensineA.jpg\",\"datePublished\":\"2014-11-05T08:12:03+00:00\",\"dateModified\":\"2023-03-05T13:40:37+00:00\",\"breadcrumb\":{\"@id\":\"https:\/\/www.phusis.ch\/vins\/accueil\/vins\/phusis-6-2012\/arvine-vieille-vigne\/#breadcrumb\"},\"inLanguage\":\"fr-FR\",\"potentialAction\":[{\"@type\":\"ReadAction\",\"target\":[\"https:\/\/www.phusis.ch\/vins\/accueil\/vins\/phusis-6-2012\/arvine-vieille-vigne\/\"]}]},{\"@type\":\"ImageObject\",\"inLanguage\":\"fr-FR\",\"@id\":\"https:\/\/www.phusis.ch\/vins\/accueil\/vins\/phusis-6-2012\/arvine-vieille-vigne\/#primaryimage\",\"url\":\"http:\/\/www.phusis.ch\/vins\/wp-content\/uploads\/2014\/11\/sensineA.jpg\",\"contentUrl\":\"http:\/\/www.phusis.ch\/vins\/wp-content\/uploads\/2014\/11\/sensineA.jpg\",\"width\":900,\"height\":1200},{\"@type\":\"BreadcrumbList\",\"@id\":\"https:\/\/www.phusis.ch\/vins\/accueil\/vins\/phusis-6-2012\/arvine-vieille-vigne\/#breadcrumb\",\"itemListElement\":[{\"@type\":\"ListItem\",\"position\":1,\"name\":\"Accueil\",\"item\":\"http:\/\/www.phusis.ch\/vins\/\"},{\"@type\":\"ListItem\",\"position\":2,\"name\":\"bienvenue sur phusis vins\",\"item\":\"http:\/\/www.phusis.ch\/vins\/\"},{\"@type\":\"ListItem\",\"position\":3,\"name\":\"nos vins\",\"item\":\"https:\/\/www.phusis.ch\/vins\/accueil\/vins\/\"},{\"@type\":\"ListItem\",\"position\":4,\"name\":\"mill\u00e9sime 2012\",\"item\":\"https:\/\/www.phusis.ch\/vins\/accueil\/vins\/phusis-6-2012\/\"},{\"@type\":\"ListItem\",\"position\":5,\"name\":\"arvine vieille vigne sur falaise 2012\"}]},{\"@type\":\"WebSite\",\"@id\":\"http:\/\/www.phusis.ch\/vins\/#website\",\"url\":\"http:\/\/www.phusis.ch\/vins\/\",\"name\":\"PHUSIS\",\"description\":\"Phusis | Une exp\u00e9rience du vin\",\"publisher\":{\"@id\":\"http:\/\/www.phusis.ch\/vins\/#organization\"},\"potentialAction\":[{\"@type\":\"SearchAction\",\"target\":{\"@type\":\"EntryPoint\",\"urlTemplate\":\"http:\/\/www.phusis.ch\/vins\/?s={search_term_string}\"},\"query-input\":\"required name=search_term_string\"}],\"inLanguage\":\"fr-FR\"},{\"@type\":\"Organization\",\"@id\":\"http:\/\/www.phusis.ch\/vins\/#organization\",\"name\":\"PHUSIS\",\"url\":\"http:\/\/www.phusis.ch\/vins\/\",\"logo\":{\"@type\":\"ImageObject\",\"inLanguage\":\"fr-FR\",\"@id\":\"http:\/\/www.phusis.ch\/vins\/#\/schema\/logo\/image\/\",\"url\":\"http:\/\/www.phusis.ch\/vins\/wp-content\/uploads\/2021\/06\/Oiseau-PHUSIS-Transparent-1024x1024-1.png\",\"contentUrl\":\"http:\/\/www.phusis.ch\/vins\/wp-content\/uploads\/2021\/06\/Oiseau-PHUSIS-Transparent-1024x1024-1.png\",\"width\":1024,\"height\":1024,\"caption\":\"PHUSIS\"},\"image\":{\"@id\":\"http:\/\/www.phusis.ch\/vins\/#\/schema\/logo\/image\/\"}}]}<\/script>\n<!-- \/ Yoast SEO plugin. -->","yoast_head_json":{"title":"arvine vieille vigne sur falaise 2012 - PHUSIS","robots":{"index":"index","follow":"follow","max-snippet":"max-snippet:-1","max-image-preview":"max-image-preview:large","max-video-preview":"max-video-preview:-1"},"canonical":"https:\/\/www.phusis.ch\/vins\/accueil\/vins\/phusis-6-2012\/arvine-vieille-vigne\/","og_locale":"fr_FR","og_type":"article","og_title":"arvine vieille vigne sur falaise 2012 - PHUSIS","og_description":"0 bouteilles C\u00e9page :\u00a0Petite ArvineD\u00e9gustation : 8 \u00e0 10\u00b0CLong\u00e9vit\u00e9 : 2015-2022Prix :\u00a045.-\/bt (\u00e9puis\u00e9) Origine Cette cuv\u00e9e est issue de notre vigne de Sensine, \u00e0 Conthey, en Valais. Plus d\u2019informations concernant les vins PHUSIS ici. Notes de d\u00e9gustation Robe claire, jaune p\u00e2le. Assez discret, d\u00e9licat, le nez s\u2019ouvre doucement sur les fleurs blanches et un beau [&hellip;]","og_url":"https:\/\/www.phusis.ch\/vins\/accueil\/vins\/phusis-6-2012\/arvine-vieille-vigne\/","og_site_name":"PHUSIS","article_modified_time":"2023-03-05T13:40:37+00:00","og_image":[{"width":900,"height":1200,"url":"https:\/\/www.phusis.ch\/vins\/wp-content\/uploads\/2014\/11\/sensineA.jpg","type":"image\/jpeg"}],"twitter_card":"summary_large_image","twitter_misc":{"Dur\u00e9e de lecture estim\u00e9e":"2 minutes"},"schema":{"@context":"https:\/\/schema.org","@graph":[{"@type":"WebPage","@id":"https:\/\/www.phusis.ch\/vins\/accueil\/vins\/phusis-6-2012\/arvine-vieille-vigne\/","url":"https:\/\/www.phusis.ch\/vins\/accueil\/vins\/phusis-6-2012\/arvine-vieille-vigne\/","name":"arvine vieille vigne sur falaise 2012 - PHUSIS","isPartOf":{"@id":"http:\/\/www.phusis.ch\/vins\/#website"},"primaryImageOfPage":{"@id":"https:\/\/www.phusis.ch\/vins\/accueil\/vins\/phusis-6-2012\/arvine-vieille-vigne\/#primaryimage"},"image":{"@id":"https:\/\/www.phusis.ch\/vins\/accueil\/vins\/phusis-6-2012\/arvine-vieille-vigne\/#primaryimage"},"thumbnailUrl":"http:\/\/www.phusis.ch\/vins\/wp-content\/uploads\/2014\/11\/sensineA.jpg","datePublished":"2014-11-05T08:12:03+00:00","dateModified":"2023-03-05T13:40:37+00:00","breadcrumb":{"@id":"https:\/\/www.phusis.ch\/vins\/accueil\/vins\/phusis-6-2012\/arvine-vieille-vigne\/#breadcrumb"},"inLanguage":"fr-FR","potentialAction":[{"@type":"ReadAction","target":["https:\/\/www.phusis.ch\/vins\/accueil\/vins\/phusis-6-2012\/arvine-vieille-vigne\/"]}]},{"@type":"ImageObject","inLanguage":"fr-FR","@id":"https:\/\/www.phusis.ch\/vins\/accueil\/vins\/phusis-6-2012\/arvine-vieille-vigne\/#primaryimage","url":"http:\/\/www.phusis.ch\/vins\/wp-content\/uploads\/2014\/11\/sensineA.jpg","contentUrl":"http:\/\/www.phusis.ch\/vins\/wp-content\/uploads\/2014\/11\/sensineA.jpg","width":900,"height":1200},{"@type":"BreadcrumbList","@id":"https:\/\/www.phusis.ch\/vins\/accueil\/vins\/phusis-6-2012\/arvine-vieille-vigne\/#breadcrumb","itemListElement":[{"@type":"ListItem","position":1,"name":"Accueil","item":"http:\/\/www.phusis.ch\/vins\/"},{"@type":"ListItem","position":2,"name":"bienvenue sur phusis vins","item":"http:\/\/www.phusis.ch\/vins\/"},{"@type":"ListItem","position":3,"name":"nos vins","item":"https:\/\/www.phusis.ch\/vins\/accueil\/vins\/"},{"@type":"ListItem","position":4,"name":"mill\u00e9sime 2012","item":"https:\/\/www.phusis.ch\/vins\/accueil\/vins\/phusis-6-2012\/"},{"@type":"ListItem","position":5,"name":"arvine vieille vigne sur falaise 2012"}]},{"@type":"WebSite","@id":"http:\/\/www.phusis.ch\/vins\/#website","url":"http:\/\/www.phusis.ch\/vins\/","name":"PHUSIS","description":"Phusis | Une exp\u00e9rience du vin","publisher":{"@id":"http:\/\/www.phusis.ch\/vins\/#organization"},"potentialAction":[{"@type":"SearchAction","target":{"@type":"EntryPoint","urlTemplate":"http:\/\/www.phusis.ch\/vins\/?s={search_term_string}"},"query-input":"required name=search_term_string"}],"inLanguage":"fr-FR"},{"@type":"Organization","@id":"http:\/\/www.phusis.ch\/vins\/#organization","name":"PHUSIS","url":"http:\/\/www.phusis.ch\/vins\/","logo":{"@type":"ImageObject","inLanguage":"fr-FR","@id":"http:\/\/www.phusis.ch\/vins\/#\/schema\/logo\/image\/","url":"http:\/\/www.phusis.ch\/vins\/wp-content\/uploads\/2021\/06\/Oiseau-PHUSIS-Transparent-1024x1024-1.png","contentUrl":"http:\/\/www.phusis.ch\/vins\/wp-content\/uploads\/2021\/06\/Oiseau-PHUSIS-Transparent-1024x1024-1.png","width":1024,"height":1024,"caption":"PHUSIS"},"image":{"@id":"http:\/\/www.phusis.ch\/vins\/#\/schema\/logo\/image\/"}}]}},"_links":{"self":[{"href":"http:\/\/www.phusis.ch\/vins\/wp-json\/wp\/v2\/pages\/2644"}],"collection":[{"href":"http:\/\/www.phusis.ch\/vins\/wp-json\/wp\/v2\/pages"}],"about":[{"href":"http:\/\/www.phusis.ch\/vins\/wp-json\/wp\/v2\/types\/page"}],"author":[{"embeddable":true,"href":"http:\/\/www.phusis.ch\/vins\/wp-json\/wp\/v2\/users\/3"}],"replies":[{"embeddable":true,"href":"http:\/\/www.phusis.ch\/vins\/wp-json\/wp\/v2\/comments?post=2644"}],"version-history":[{"count":22,"href":"http:\/\/www.phusis.ch\/vins\/wp-json\/wp\/v2\/pages\/2644\/revisions"}],"predecessor-version":[{"id":11237,"href":"http:\/\/www.phusis.ch\/vins\/wp-json\/wp\/v2\/pages\/2644\/revisions\/11237"}],"up":[{"embeddable":true,"href":"http:\/\/www.phusis.ch\/vins\/wp-json\/wp\/v2\/pages\/2081"}],"wp:featuredmedia":[{"embeddable":true,"href":"http:\/\/www.phusis.ch\/vins\/wp-json\/wp\/v2\/media\/2650"}],"wp:attachment":[{"href":"http:\/\/www.phusis.ch\/vins\/wp-json\/wp\/v2\/media?parent=2644"}],"curies":[{"name":"wp","href":"https:\/\/api.w.org\/{rel}","templated":true}]}}