{"id":2773,"date":"2015-01-23T20:47:49","date_gmt":"2015-01-23T19:47:49","guid":{"rendered":"http:\/\/www.phusis.ch\/steve\/?page_id=2773"},"modified":"2015-01-23T21:02:21","modified_gmt":"2015-01-23T20:02:21","slug":"module-5","status":"publish","type":"page","link":"http:\/\/www.phusis.ch\/vins\/degustations\/guide-de-degustation\/module-5\/","title":{"rendered":"Module n\u00b0 5"},"content":{"rendered":"<h1>L\u2019\u00e9volution<\/h1>\n<h3>Comment appr\u00e9hender le vieillissement du vin.<\/h3>\n<p>Vous souhaitez suivre ce module ? Ecrivez-nous un mail \u00e0 (<a href=\"mailto:steve.bettschen@phusis.ch\">steve.bettschen@phusis.ch<\/a>) et d\u00e8s qu&#8217;un nombre suffisant d&#8217;int\u00e9ress\u00e9s est atteint, nous vous contacterons et vous proposerons un certain nombre de dates, via un doodle, afin de choisir celle\u00a0convenant au plus grand nombre.<\/p>\n\n\t\t\t<div style=\"clear: both; float: none;\" class=\"ratepost-clear\"><\/div>\n\t\t\t<div id=\"ratepost-2773\" class=\"ratepost\" rel=\"3\">\n\t\t\t\t\t<span class=\"rating3\"><div class=\"star1\" rel=\"1\"><\/div><div class=\"star2\" rel=\"2\"><\/div><div class=\"star3\" rel=\"3\"><\/div><div class=\"star4\" rel=\"4\"><\/div><div class=\"star5\" rel=\"5\"><\/div><\/span>\n\t\t\t\t<div class=\"status-info\"><\/div>\n\t\t<\/div><div style=\"clear: both; float: none;\" class=\"ratepost-clear\"><\/div>","protected":false},"excerpt":{"rendered":"<p>L\u2019\u00e9volution Comment appr\u00e9hender le vieillissement du vin. Vous souhaitez suivre ce module ? Ecrivez-nous un mail \u00e0 (steve.bettschen@phusis.ch) et d\u00e8s qu&#8217;un nombre suffisant d&#8217;int\u00e9ress\u00e9s est atteint, nous vous contacterons et vous proposerons un certain nombre de dates, via un doodle, afin de choisir celle\u00a0convenant au plus grand nombre.<\/p>\n","protected":false},"author":3,"featured_media":0,"parent":2759,"menu_order":5,"comment_status":"open","ping_status":"open","template":"","meta":{"_monsterinsights_skip_tracking":false,"_monsterinsights_sitenote_active":false,"_monsterinsights_sitenote_note":"","_monsterinsights_sitenote_category":0,"footnotes":""},"yoast_head":"<!-- This site is optimized with the Yoast SEO plugin v22.8 - https:\/\/yoast.com\/wordpress\/plugins\/seo\/ -->\n<title>Module n\u00b0 5 - PHUSIS<\/title>\n<meta name=\"robots\" content=\"index, follow, max-snippet:-1, max-image-preview:large, max-video-preview:-1\" \/>\n<link rel=\"canonical\" href=\"http:\/\/www.phusis.ch\/vins\/degustations\/guide-de-degustation\/module-5\/\" \/>\n<meta property=\"og:locale\" content=\"fr_FR\" \/>\n<meta property=\"og:type\" content=\"article\" \/>\n<meta property=\"og:title\" content=\"Module n\u00b0 5 - PHUSIS\" \/>\n<meta property=\"og:description\" content=\"L\u2019\u00e9volution Comment appr\u00e9hender le vieillissement du vin. Vous souhaitez suivre ce module ? Ecrivez-nous un mail \u00e0 (steve.bettschen@phusis.ch) et d\u00e8s qu&#8217;un nombre suffisant d&#8217;int\u00e9ress\u00e9s est atteint, nous vous contacterons et vous proposerons un certain nombre de dates, via un doodle, afin de choisir celle\u00a0convenant au plus grand nombre.\" \/>\n<meta property=\"og:url\" content=\"http:\/\/www.phusis.ch\/vins\/degustations\/guide-de-degustation\/module-5\/\" \/>\n<meta property=\"og:site_name\" content=\"PHUSIS\" \/>\n<meta property=\"article:modified_time\" content=\"2015-01-23T20:02:21+00:00\" \/>\n<meta name=\"twitter:card\" content=\"summary_large_image\" \/>\n<script type=\"application\/ld+json\" class=\"yoast-schema-graph\">{\"@context\":\"https:\/\/schema.org\",\"@graph\":[{\"@type\":\"WebPage\",\"@id\":\"http:\/\/www.phusis.ch\/vins\/degustations\/guide-de-degustation\/module-5\/\",\"url\":\"http:\/\/www.phusis.ch\/vins\/degustations\/guide-de-degustation\/module-5\/\",\"name\":\"Module n\u00b0 5 - PHUSIS\",\"isPartOf\":{\"@id\":\"http:\/\/www.phusis.ch\/vins\/#website\"},\"datePublished\":\"2015-01-23T19:47:49+00:00\",\"dateModified\":\"2015-01-23T20:02:21+00:00\",\"breadcrumb\":{\"@id\":\"http:\/\/www.phusis.ch\/vins\/degustations\/guide-de-degustation\/module-5\/#breadcrumb\"},\"inLanguage\":\"fr-FR\",\"potentialAction\":[{\"@type\":\"ReadAction\",\"target\":[\"http:\/\/www.phusis.ch\/vins\/degustations\/guide-de-degustation\/module-5\/\"]}]},{\"@type\":\"BreadcrumbList\",\"@id\":\"http:\/\/www.phusis.ch\/vins\/degustations\/guide-de-degustation\/module-5\/#breadcrumb\",\"itemListElement\":[{\"@type\":\"ListItem\",\"position\":1,\"name\":\"Accueil\",\"item\":\"http:\/\/www.phusis.ch\/vins\/\"},{\"@type\":\"ListItem\",\"position\":2,\"name\":\"D\u00e9gustations\",\"item\":\"http:\/\/www.phusis.ch\/vins\/degustations\/\"},{\"@type\":\"ListItem\",\"position\":3,\"name\":\"Guide de d\u00e9gustation\",\"item\":\"http:\/\/www.phusis.ch\/vins\/degustations\/guide-de-degustation\/\"},{\"@type\":\"ListItem\",\"position\":4,\"name\":\"Module n\u00b0 5\"}]},{\"@type\":\"WebSite\",\"@id\":\"http:\/\/www.phusis.ch\/vins\/#website\",\"url\":\"http:\/\/www.phusis.ch\/vins\/\",\"name\":\"PHUSIS\",\"description\":\"Phusis | Une exp\u00e9rience du vin\",\"publisher\":{\"@id\":\"http:\/\/www.phusis.ch\/vins\/#organization\"},\"potentialAction\":[{\"@type\":\"SearchAction\",\"target\":{\"@type\":\"EntryPoint\",\"urlTemplate\":\"http:\/\/www.phusis.ch\/vins\/?s={search_term_string}\"},\"query-input\":\"required name=search_term_string\"}],\"inLanguage\":\"fr-FR\"},{\"@type\":\"Organization\",\"@id\":\"http:\/\/www.phusis.ch\/vins\/#organization\",\"name\":\"PHUSIS\",\"url\":\"http:\/\/www.phusis.ch\/vins\/\",\"logo\":{\"@type\":\"ImageObject\",\"inLanguage\":\"fr-FR\",\"@id\":\"http:\/\/www.phusis.ch\/vins\/#\/schema\/logo\/image\/\",\"url\":\"http:\/\/www.phusis.ch\/vins\/wp-content\/uploads\/2021\/06\/Oiseau-PHUSIS-Transparent-1024x1024-1.png\",\"contentUrl\":\"http:\/\/www.phusis.ch\/vins\/wp-content\/uploads\/2021\/06\/Oiseau-PHUSIS-Transparent-1024x1024-1.png\",\"width\":1024,\"height\":1024,\"caption\":\"PHUSIS\"},\"image\":{\"@id\":\"http:\/\/www.phusis.ch\/vins\/#\/schema\/logo\/image\/\"}}]}<\/script>\n<!-- \/ Yoast SEO plugin. -->","yoast_head_json":{"title":"Module n\u00b0 5 - PHUSIS","robots":{"index":"index","follow":"follow","max-snippet":"max-snippet:-1","max-image-preview":"max-image-preview:large","max-video-preview":"max-video-preview:-1"},"canonical":"http:\/\/www.phusis.ch\/vins\/degustations\/guide-de-degustation\/module-5\/","og_locale":"fr_FR","og_type":"article","og_title":"Module n\u00b0 5 - PHUSIS","og_description":"L\u2019\u00e9volution Comment appr\u00e9hender le vieillissement du vin. Vous souhaitez suivre ce module ? Ecrivez-nous un mail \u00e0 (steve.bettschen@phusis.ch) et d\u00e8s qu&#8217;un nombre suffisant d&#8217;int\u00e9ress\u00e9s est atteint, nous vous contacterons et vous proposerons un certain nombre de dates, via un doodle, afin de choisir celle\u00a0convenant au plus grand nombre.","og_url":"http:\/\/www.phusis.ch\/vins\/degustations\/guide-de-degustation\/module-5\/","og_site_name":"PHUSIS","article_modified_time":"2015-01-23T20:02:21+00:00","twitter_card":"summary_large_image","schema":{"@context":"https:\/\/schema.org","@graph":[{"@type":"WebPage","@id":"http:\/\/www.phusis.ch\/vins\/degustations\/guide-de-degustation\/module-5\/","url":"http:\/\/www.phusis.ch\/vins\/degustations\/guide-de-degustation\/module-5\/","name":"Module n\u00b0 5 - PHUSIS","isPartOf":{"@id":"http:\/\/www.phusis.ch\/vins\/#website"},"datePublished":"2015-01-23T19:47:49+00:00","dateModified":"2015-01-23T20:02:21+00:00","breadcrumb":{"@id":"http:\/\/www.phusis.ch\/vins\/degustations\/guide-de-degustation\/module-5\/#breadcrumb"},"inLanguage":"fr-FR","potentialAction":[{"@type":"ReadAction","target":["http:\/\/www.phusis.ch\/vins\/degustations\/guide-de-degustation\/module-5\/"]}]},{"@type":"BreadcrumbList","@id":"http:\/\/www.phusis.ch\/vins\/degustations\/guide-de-degustation\/module-5\/#breadcrumb","itemListElement":[{"@type":"ListItem","position":1,"name":"Accueil","item":"http:\/\/www.phusis.ch\/vins\/"},{"@type":"ListItem","position":2,"name":"D\u00e9gustations","item":"http:\/\/www.phusis.ch\/vins\/degustations\/"},{"@type":"ListItem","position":3,"name":"Guide de d\u00e9gustation","item":"http:\/\/www.phusis.ch\/vins\/degustations\/guide-de-degustation\/"},{"@type":"ListItem","position":4,"name":"Module n\u00b0 5"}]},{"@type":"WebSite","@id":"http:\/\/www.phusis.ch\/vins\/#website","url":"http:\/\/www.phusis.ch\/vins\/","name":"PHUSIS","description":"Phusis | Une exp\u00e9rience du vin","publisher":{"@id":"http:\/\/www.phusis.ch\/vins\/#organization"},"potentialAction":[{"@type":"SearchAction","target":{"@type":"EntryPoint","urlTemplate":"http:\/\/www.phusis.ch\/vins\/?s={search_term_string}"},"query-input":"required name=search_term_string"}],"inLanguage":"fr-FR"},{"@type":"Organization","@id":"http:\/\/www.phusis.ch\/vins\/#organization","name":"PHUSIS","url":"http:\/\/www.phusis.ch\/vins\/","logo":{"@type":"ImageObject","inLanguage":"fr-FR","@id":"http:\/\/www.phusis.ch\/vins\/#\/schema\/logo\/image\/","url":"http:\/\/www.phusis.ch\/vins\/wp-content\/uploads\/2021\/06\/Oiseau-PHUSIS-Transparent-1024x1024-1.png","contentUrl":"http:\/\/www.phusis.ch\/vins\/wp-content\/uploads\/2021\/06\/Oiseau-PHUSIS-Transparent-1024x1024-1.png","width":1024,"height":1024,"caption":"PHUSIS"},"image":{"@id":"http:\/\/www.phusis.ch\/vins\/#\/schema\/logo\/image\/"}}]}},"_links":{"self":[{"href":"http:\/\/www.phusis.ch\/vins\/wp-json\/wp\/v2\/pages\/2773"}],"collection":[{"href":"http:\/\/www.phusis.ch\/vins\/wp-json\/wp\/v2\/pages"}],"about":[{"href":"http:\/\/www.phusis.ch\/vins\/wp-json\/wp\/v2\/types\/page"}],"author":[{"embeddable":true,"href":"http:\/\/www.phusis.ch\/vins\/wp-json\/wp\/v2\/users\/3"}],"replies":[{"embeddable":true,"href":"http:\/\/www.phusis.ch\/vins\/wp-json\/wp\/v2\/comments?post=2773"}],"version-history":[{"count":2,"href":"http:\/\/www.phusis.ch\/vins\/wp-json\/wp\/v2\/pages\/2773\/revisions"}],"predecessor-version":[{"id":2779,"href":"http:\/\/www.phusis.ch\/vins\/wp-json\/wp\/v2\/pages\/2773\/revisions\/2779"}],"up":[{"embeddable":true,"href":"http:\/\/www.phusis.ch\/vins\/wp-json\/wp\/v2\/pages\/2759"}],"wp:attachment":[{"href":"http:\/\/www.phusis.ch\/vins\/wp-json\/wp\/v2\/media?parent=2773"}],"curies":[{"name":"wp","href":"https:\/\/api.w.org\/{rel}","templated":true}]}}