{"id":3235,"date":"2016-11-14T14:47:38","date_gmt":"2016-11-14T13:47:38","guid":{"rendered":"http:\/\/www.phusis.ch\/steve\/?page_id=3235"},"modified":"2023-03-05T15:53:02","modified_gmt":"2023-03-05T14:53:02","slug":"gamay-schiste","status":"publish","type":"page","link":"http:\/\/www.phusis.ch\/vins\/accueil\/vins\/millesime-2015\/gamay-schiste\/","title":{"rendered":"gamay sur schiste 2015"},"content":{"rendered":"\t\t<div data-elementor-type=\"wp-page\" data-elementor-id=\"3235\" class=\"elementor elementor-3235\" data-elementor-post-type=\"page\">\n\t\t\t\t\t\t<section class=\"has_ma_el_bg_slider elementor-section elementor-top-section elementor-element elementor-element-ca3976e elementor-section-boxed elementor-section-height-default elementor-section-height-default jltma-glass-effect-no\" data-id=\"ca3976e\" data-element_type=\"section\">\n\t\t\t\t\t\t<div class=\"elementor-container elementor-column-gap-default\">\n\t\t\t\t\t<div class=\"has_ma_el_bg_slider elementor-column elementor-col-100 elementor-top-column elementor-element elementor-element-5d6bd727 jltma-glass-effect-no\" data-id=\"5d6bd727\" data-element_type=\"column\">\n\t\t\t<div class=\"elementor-widget-wrap elementor-element-populated\">\n\t\t\t\t\t\t<section class=\"has_ma_el_bg_slider elementor-section elementor-inner-section elementor-element elementor-element-287bd4fb elementor-section-boxed elementor-section-height-default elementor-section-height-default jltma-glass-effect-no\" data-id=\"287bd4fb\" data-element_type=\"section\">\n\t\t\t\t\t\t<div class=\"elementor-container elementor-column-gap-default\">\n\t\t\t\t\t<div class=\"has_ma_el_bg_slider elementor-column elementor-col-33 elementor-inner-column elementor-element elementor-element-62660081 jltma-glass-effect-no\" data-id=\"62660081\" data-element_type=\"column\">\n\t\t\t<div class=\"elementor-widget-wrap elementor-element-populated\">\n\t\t\t\t\t\t<div class=\"elementor-element elementor-element-26704f1d jltma-glass-effect-no elementor-widget elementor-widget-counter\" data-id=\"26704f1d\" data-element_type=\"widget\" data-widget_type=\"counter.default\">\n\t\t\t\t<div class=\"elementor-widget-container\">\n\t\t\t\t\t<div class=\"elementor-counter\">\n\t\t\t<div class=\"elementor-counter-title\">bouteilles<\/div>\t\t\t<div class=\"elementor-counter-number-wrapper\">\n\t\t\t\t<span class=\"elementor-counter-number-prefix\"><\/span>\n\t\t\t\t<span class=\"elementor-counter-number\" data-duration=\"2000\" data-to-value=\"409\" data-from-value=\"0\" data-delimiter=\",\">0<\/span>\n\t\t\t\t<span class=\"elementor-counter-number-suffix\"><\/span>\n\t\t\t<\/div>\n\t\t<\/div>\n\t\t\t\t<\/div>\n\t\t\t\t<\/div>\n\t\t\t\t<div class=\"elementor-element elementor-element-3f428989 jltma-glass-effect-no elementor-widget elementor-widget-text-editor\" data-id=\"3f428989\" data-element_type=\"widget\" data-widget_type=\"text-editor.default\">\n\t\t\t\t<div class=\"elementor-widget-container\">\n\t\t\t\t\t\t\t<p><strong>C\u00e9page :<\/strong> Gamay<br \/><strong>D\u00e9gustation :<\/strong>\u00a015 \u00e0 17\u00b0C<br \/><strong>Long\u00e9vit\u00e9<\/strong><strong> :<\/strong> 2017-2020<br \/><strong>Prix :<\/strong>\u00a023.-\/bt (\u00e9puis\u00e9)<\/p><h4><strong>Origine<\/strong><\/h4><p>La gamme metaPHUSIS\u00a0est \u00e9labor\u00e9e \u00e0 partir de raisins ou de vins achet\u00e9s aupr\u00e8s de vignerons respectueux dont nous connaissons le travail ainsi que les parcelles.<\/p><p>Ce Gamay est issu d\u2019une parcelle situ\u00e9e en altitude, \u00e0 plus de 700 m, au-dessus du village de Produit, sur la route qui relie Leytron \u00e0 Ovronnaz. Le sol comporte une bonne proportion de schistes argileux sombres. Quelques ceps de Gamaret sont complant\u00e9s dans cette parcelle (ordre de grandeur 5 %).<\/p><h4><span style=\"font-weight: bolder;\">Notes de d\u00e9gustation<\/span><\/h4><p>Robe d\u2019intensit\u00e9 moyenne, entre rubis et grenat. Premier nez sur la mine de crayon. Viennent ensuite des notes d\u2019\u00e9corces, d\u2019\u00e9pices douces, de cannelle sur fond de confiture de griotte et de noyau de cerise. Entr\u00e9e en bouche d\u00e9li\u00e9e, corps ample, g\u00e9n\u00e9reux, fruit\u00e9, vineux, plein. En finale, on trouve une jolie sapidit\u00e9 doubl\u00e9e d\u2019une fra\u00eecheur bienvenue (ao\u00fbt 2016).<\/p>\t\t\t\t\t\t<\/div>\n\t\t\t\t<\/div>\n\t\t\t\t\t<\/div>\n\t\t<\/div>\n\t\t\t\t<div class=\"has_ma_el_bg_slider elementor-column elementor-col-33 elementor-inner-column elementor-element elementor-element-152694df jltma-glass-effect-no\" data-id=\"152694df\" data-element_type=\"column\">\n\t\t\t<div class=\"elementor-widget-wrap elementor-element-populated\">\n\t\t\t\t\t\t<div class=\"elementor-element elementor-element-4d94c7c4 jltma-glass-effect-no elementor-widget elementor-widget-image\" data-id=\"4d94c7c4\" data-element_type=\"widget\" data-widget_type=\"image.default\">\n\t\t\t\t<div class=\"elementor-widget-container\">\n\t\t\t\t\t\t\t\t\t\t\t\t\t<img fetchpriority=\"high\" decoding=\"async\" width=\"688\" height=\"2640\" src=\"http:\/\/www.phusis.ch\/vins\/wp-content\/uploads\/2023\/02\/Bouteille-dessinee2.png\" class=\"attachment-full size-full wp-image-10155\" alt=\"\" srcset=\"http:\/\/www.phusis.ch\/vins\/wp-content\/uploads\/2023\/02\/Bouteille-dessinee2.png 688w, http:\/\/www.phusis.ch\/vins\/wp-content\/uploads\/2023\/02\/Bouteille-dessinee2-78x300.png 78w, http:\/\/www.phusis.ch\/vins\/wp-content\/uploads\/2023\/02\/Bouteille-dessinee2-267x1024.png 267w, http:\/\/www.phusis.ch\/vins\/wp-content\/uploads\/2023\/02\/Bouteille-dessinee2-400x1536.png 400w, http:\/\/www.phusis.ch\/vins\/wp-content\/uploads\/2023\/02\/Bouteille-dessinee2-534x2048.png 534w\" sizes=\"(max-width: 688px) 100vw, 688px\" \/>\t\t\t\t\t\t\t\t\t\t\t\t\t<\/div>\n\t\t\t\t<\/div>\n\t\t\t\t\t<\/div>\n\t\t<\/div>\n\t\t\t\t<div class=\"has_ma_el_bg_slider elementor-column elementor-col-33 elementor-inner-column elementor-element elementor-element-debf8bd jltma-glass-effect-no\" data-id=\"debf8bd\" data-element_type=\"column\">\n\t\t\t<div class=\"elementor-widget-wrap elementor-element-populated\">\n\t\t\t\t\t\t<div class=\"elementor-element elementor-element-138a94a8 jltma-glass-effect-no elementor-widget elementor-widget-text-editor\" data-id=\"138a94a8\" data-element_type=\"widget\" data-widget_type=\"text-editor.default\">\n\t\t\t\t<div class=\"elementor-widget-container\">\n\t\t\t\t\t\t\t<h4><span style=\"font-weight: bolder;\">Suggestions d&#8217;accords<\/span><\/h4><p style=\"font-family: 'Open Sans'; font-size: 15px; font-weight: 400;\">Saltimbocca, l\u00e9gumes farcis \u00e0 la viande, lasagnes aux orties.<\/p><h4>vendange et vinification<\/h4><p>La vendange est faite le 28 septembre avec un sondage de 98 \u00b0Oe. Un tiers des raisins est laiss\u00e9 en grappes enti\u00e8res. La fermentation se d\u00e9roule en cuve inox et apr\u00e8s 15 jours de cuvaison, le vin nouveau est press\u00e9 puis entonn\u00e9 dans un f\u00fbt de 5<sup>\u00e8me<\/sup> passage. Un solde est mis en bonbonnes (30% de la cuv\u00e9e). La seconde fermentation suit assez rapidement.<\/p><p>Le vin est mis en masse \u00e0 la mi-juin 2016 puis mis en bouteille, sans filtration, le 29 juillet.<\/p>\t\t\t\t\t\t<\/div>\n\t\t\t\t<\/div>\n\t\t\t\t\t<\/div>\n\t\t<\/div>\n\t\t\t\t\t<\/div>\n\t\t<\/section>\n\t\t\t\t\t<\/div>\n\t\t<\/div>\n\t\t\t\t\t<\/div>\n\t\t<\/section>\n\t\t\t\t<section class=\"has_ma_el_bg_slider elementor-section elementor-top-section elementor-element elementor-element-1ab94e2e elementor-section-boxed elementor-section-height-default elementor-section-height-default jltma-glass-effect-no\" data-id=\"1ab94e2e\" data-element_type=\"section\">\n\t\t\t\t\t\t<div class=\"elementor-container elementor-column-gap-default\">\n\t\t\t\t\t<div class=\"has_ma_el_bg_slider elementor-column elementor-col-100 elementor-top-column elementor-element elementor-element-1f29fb3b jltma-glass-effect-no\" data-id=\"1f29fb3b\" data-element_type=\"column\">\n\t\t\t<div class=\"elementor-widget-wrap\">\n\t\t\t\t\t\t\t<\/div>\n\t\t<\/div>\n\t\t\t\t\t<\/div>\n\t\t<\/section>\n\t\t\t\t<\/div>\n\t\t\n\t\t\t<div style=\"clear: both; float: none;\" class=\"ratepost-clear\"><\/div>\n\t\t\t<div id=\"ratepost-3235\" class=\"ratepost\" rel=\"3\">\n\t\t\t\t\t<span class=\"rating3\"><div class=\"star1\" rel=\"1\"><\/div><div class=\"star2\" rel=\"2\"><\/div><div class=\"star3\" rel=\"3\"><\/div><div class=\"star4\" rel=\"4\"><\/div><div class=\"star5\" rel=\"5\"><\/div><\/span>\n\t\t\t\t<div class=\"status-info\"><\/div>\n\t\t<\/div><div style=\"clear: both; float: none;\" class=\"ratepost-clear\"><\/div>","protected":false},"excerpt":{"rendered":"<p>0 bouteilles C\u00e9page : GamayD\u00e9gustation :\u00a015 \u00e0 17\u00b0CLong\u00e9vit\u00e9 : 2017-2020Prix :\u00a023.-\/bt (\u00e9puis\u00e9) Origine La gamme metaPHUSIS\u00a0est \u00e9labor\u00e9e \u00e0 partir de raisins ou de vins achet\u00e9s aupr\u00e8s de vignerons respectueux dont nous connaissons le travail ainsi que les parcelles. Ce Gamay est issu d\u2019une parcelle situ\u00e9e en altitude, \u00e0 plus de 700 m, au-dessus du village [&hellip;]<\/p>\n","protected":false},"author":3,"featured_media":3238,"parent":3125,"menu_order":4,"comment_status":"closed","ping_status":"closed","template":"elementor_theme","meta":{"_monsterinsights_skip_tracking":false,"_monsterinsights_sitenote_active":false,"_monsterinsights_sitenote_note":"","_monsterinsights_sitenote_category":0,"footnotes":""},"yoast_head":"<!-- This site is optimized with the Yoast SEO plugin v22.8 - https:\/\/yoast.com\/wordpress\/plugins\/seo\/ -->\n<title>gamay sur schiste 2015 - PHUSIS<\/title>\n<meta name=\"robots\" content=\"index, follow, max-snippet:-1, max-image-preview:large, max-video-preview:-1\" \/>\n<link rel=\"canonical\" href=\"https:\/\/www.phusis.ch\/vins\/accueil\/vins\/millesime-2015\/gamay-schiste\/\" \/>\n<meta property=\"og:locale\" content=\"fr_FR\" \/>\n<meta property=\"og:type\" content=\"article\" \/>\n<meta property=\"og:title\" content=\"gamay sur schiste 2015 - PHUSIS\" \/>\n<meta property=\"og:description\" content=\"0 bouteilles C\u00e9page : GamayD\u00e9gustation :\u00a015 \u00e0 17\u00b0CLong\u00e9vit\u00e9 : 2017-2020Prix :\u00a023.-\/bt (\u00e9puis\u00e9) Origine La gamme metaPHUSIS\u00a0est \u00e9labor\u00e9e \u00e0 partir de raisins ou de vins achet\u00e9s aupr\u00e8s de vignerons respectueux dont nous connaissons le travail ainsi que les parcelles. Ce Gamay est issu d\u2019une parcelle situ\u00e9e en altitude, \u00e0 plus de 700 m, au-dessus du village [&hellip;]\" \/>\n<meta property=\"og:url\" content=\"https:\/\/www.phusis.ch\/vins\/accueil\/vins\/millesime-2015\/gamay-schiste\/\" \/>\n<meta property=\"og:site_name\" content=\"PHUSIS\" \/>\n<meta property=\"article:modified_time\" content=\"2023-03-05T14:53:02+00:00\" \/>\n<meta property=\"og:image\" content=\"https:\/\/www.phusis.ch\/vins\/wp-content\/uploads\/2016\/11\/gamayschis.jpg\" \/>\n\t<meta property=\"og:image:width\" content=\"825\" \/>\n\t<meta property=\"og:image:height\" content=\"1100\" \/>\n\t<meta property=\"og:image:type\" content=\"image\/jpeg\" \/>\n<meta name=\"twitter:card\" content=\"summary_large_image\" \/>\n<meta name=\"twitter:label1\" content=\"Dur\u00e9e de lecture estim\u00e9e\" \/>\n\t<meta name=\"twitter:data1\" content=\"2 minutes\" \/>\n<script type=\"application\/ld+json\" class=\"yoast-schema-graph\">{\"@context\":\"https:\/\/schema.org\",\"@graph\":[{\"@type\":\"WebPage\",\"@id\":\"https:\/\/www.phusis.ch\/vins\/accueil\/vins\/millesime-2015\/gamay-schiste\/\",\"url\":\"https:\/\/www.phusis.ch\/vins\/accueil\/vins\/millesime-2015\/gamay-schiste\/\",\"name\":\"gamay sur schiste 2015 - PHUSIS\",\"isPartOf\":{\"@id\":\"https:\/\/www.phusis.ch\/vins\/#website\"},\"primaryImageOfPage\":{\"@id\":\"https:\/\/www.phusis.ch\/vins\/accueil\/vins\/millesime-2015\/gamay-schiste\/#primaryimage\"},\"image\":{\"@id\":\"https:\/\/www.phusis.ch\/vins\/accueil\/vins\/millesime-2015\/gamay-schiste\/#primaryimage\"},\"thumbnailUrl\":\"http:\/\/www.phusis.ch\/vins\/wp-content\/uploads\/2016\/11\/gamayschis.jpg\",\"datePublished\":\"2016-11-14T13:47:38+00:00\",\"dateModified\":\"2023-03-05T14:53:02+00:00\",\"breadcrumb\":{\"@id\":\"https:\/\/www.phusis.ch\/vins\/accueil\/vins\/millesime-2015\/gamay-schiste\/#breadcrumb\"},\"inLanguage\":\"fr-FR\",\"potentialAction\":[{\"@type\":\"ReadAction\",\"target\":[\"https:\/\/www.phusis.ch\/vins\/accueil\/vins\/millesime-2015\/gamay-schiste\/\"]}]},{\"@type\":\"ImageObject\",\"inLanguage\":\"fr-FR\",\"@id\":\"https:\/\/www.phusis.ch\/vins\/accueil\/vins\/millesime-2015\/gamay-schiste\/#primaryimage\",\"url\":\"http:\/\/www.phusis.ch\/vins\/wp-content\/uploads\/2016\/11\/gamayschis.jpg\",\"contentUrl\":\"http:\/\/www.phusis.ch\/vins\/wp-content\/uploads\/2016\/11\/gamayschis.jpg\",\"width\":825,\"height\":1100},{\"@type\":\"BreadcrumbList\",\"@id\":\"https:\/\/www.phusis.ch\/vins\/accueil\/vins\/millesime-2015\/gamay-schiste\/#breadcrumb\",\"itemListElement\":[{\"@type\":\"ListItem\",\"position\":1,\"name\":\"Accueil\",\"item\":\"https:\/\/www.phusis.ch\/vins\/\"},{\"@type\":\"ListItem\",\"position\":2,\"name\":\"bienvenue sur phusis vins\",\"item\":\"https:\/\/www.phusis.ch\/vins\/\"},{\"@type\":\"ListItem\",\"position\":3,\"name\":\"nos vins\",\"item\":\"https:\/\/www.phusis.ch\/vins\/accueil\/vins\/\"},{\"@type\":\"ListItem\",\"position\":4,\"name\":\"mill\u00e9sime 2015\",\"item\":\"https:\/\/www.phusis.ch\/vins\/accueil\/vins\/millesime-2015\/\"},{\"@type\":\"ListItem\",\"position\":5,\"name\":\"gamay sur schiste 2015\"}]},{\"@type\":\"WebSite\",\"@id\":\"https:\/\/www.phusis.ch\/vins\/#website\",\"url\":\"https:\/\/www.phusis.ch\/vins\/\",\"name\":\"PHUSIS\",\"description\":\"Phusis | Une exp\u00e9rience du vin\",\"publisher\":{\"@id\":\"https:\/\/www.phusis.ch\/vins\/#organization\"},\"potentialAction\":[{\"@type\":\"SearchAction\",\"target\":{\"@type\":\"EntryPoint\",\"urlTemplate\":\"https:\/\/www.phusis.ch\/vins\/?s={search_term_string}\"},\"query-input\":\"required name=search_term_string\"}],\"inLanguage\":\"fr-FR\"},{\"@type\":\"Organization\",\"@id\":\"https:\/\/www.phusis.ch\/vins\/#organization\",\"name\":\"PHUSIS\",\"url\":\"https:\/\/www.phusis.ch\/vins\/\",\"logo\":{\"@type\":\"ImageObject\",\"inLanguage\":\"fr-FR\",\"@id\":\"https:\/\/www.phusis.ch\/vins\/#\/schema\/logo\/image\/\",\"url\":\"http:\/\/www.phusis.ch\/vins\/wp-content\/uploads\/2021\/06\/Oiseau-PHUSIS-Transparent-1024x1024-1.png\",\"contentUrl\":\"http:\/\/www.phusis.ch\/vins\/wp-content\/uploads\/2021\/06\/Oiseau-PHUSIS-Transparent-1024x1024-1.png\",\"width\":1024,\"height\":1024,\"caption\":\"PHUSIS\"},\"image\":{\"@id\":\"https:\/\/www.phusis.ch\/vins\/#\/schema\/logo\/image\/\"}}]}<\/script>\n<!-- \/ Yoast SEO plugin. -->","yoast_head_json":{"title":"gamay sur schiste 2015 - PHUSIS","robots":{"index":"index","follow":"follow","max-snippet":"max-snippet:-1","max-image-preview":"max-image-preview:large","max-video-preview":"max-video-preview:-1"},"canonical":"https:\/\/www.phusis.ch\/vins\/accueil\/vins\/millesime-2015\/gamay-schiste\/","og_locale":"fr_FR","og_type":"article","og_title":"gamay sur schiste 2015 - PHUSIS","og_description":"0 bouteilles C\u00e9page : GamayD\u00e9gustation :\u00a015 \u00e0 17\u00b0CLong\u00e9vit\u00e9 : 2017-2020Prix :\u00a023.-\/bt (\u00e9puis\u00e9) Origine La gamme metaPHUSIS\u00a0est \u00e9labor\u00e9e \u00e0 partir de raisins ou de vins achet\u00e9s aupr\u00e8s de vignerons respectueux dont nous connaissons le travail ainsi que les parcelles. Ce Gamay est issu d\u2019une parcelle situ\u00e9e en altitude, \u00e0 plus de 700 m, au-dessus du village [&hellip;]","og_url":"https:\/\/www.phusis.ch\/vins\/accueil\/vins\/millesime-2015\/gamay-schiste\/","og_site_name":"PHUSIS","article_modified_time":"2023-03-05T14:53:02+00:00","og_image":[{"width":825,"height":1100,"url":"https:\/\/www.phusis.ch\/vins\/wp-content\/uploads\/2016\/11\/gamayschis.jpg","type":"image\/jpeg"}],"twitter_card":"summary_large_image","twitter_misc":{"Dur\u00e9e de lecture estim\u00e9e":"2 minutes"},"schema":{"@context":"https:\/\/schema.org","@graph":[{"@type":"WebPage","@id":"https:\/\/www.phusis.ch\/vins\/accueil\/vins\/millesime-2015\/gamay-schiste\/","url":"https:\/\/www.phusis.ch\/vins\/accueil\/vins\/millesime-2015\/gamay-schiste\/","name":"gamay sur schiste 2015 - PHUSIS","isPartOf":{"@id":"https:\/\/www.phusis.ch\/vins\/#website"},"primaryImageOfPage":{"@id":"https:\/\/www.phusis.ch\/vins\/accueil\/vins\/millesime-2015\/gamay-schiste\/#primaryimage"},"image":{"@id":"https:\/\/www.phusis.ch\/vins\/accueil\/vins\/millesime-2015\/gamay-schiste\/#primaryimage"},"thumbnailUrl":"http:\/\/www.phusis.ch\/vins\/wp-content\/uploads\/2016\/11\/gamayschis.jpg","datePublished":"2016-11-14T13:47:38+00:00","dateModified":"2023-03-05T14:53:02+00:00","breadcrumb":{"@id":"https:\/\/www.phusis.ch\/vins\/accueil\/vins\/millesime-2015\/gamay-schiste\/#breadcrumb"},"inLanguage":"fr-FR","potentialAction":[{"@type":"ReadAction","target":["https:\/\/www.phusis.ch\/vins\/accueil\/vins\/millesime-2015\/gamay-schiste\/"]}]},{"@type":"ImageObject","inLanguage":"fr-FR","@id":"https:\/\/www.phusis.ch\/vins\/accueil\/vins\/millesime-2015\/gamay-schiste\/#primaryimage","url":"http:\/\/www.phusis.ch\/vins\/wp-content\/uploads\/2016\/11\/gamayschis.jpg","contentUrl":"http:\/\/www.phusis.ch\/vins\/wp-content\/uploads\/2016\/11\/gamayschis.jpg","width":825,"height":1100},{"@type":"BreadcrumbList","@id":"https:\/\/www.phusis.ch\/vins\/accueil\/vins\/millesime-2015\/gamay-schiste\/#breadcrumb","itemListElement":[{"@type":"ListItem","position":1,"name":"Accueil","item":"https:\/\/www.phusis.ch\/vins\/"},{"@type":"ListItem","position":2,"name":"bienvenue sur phusis vins","item":"https:\/\/www.phusis.ch\/vins\/"},{"@type":"ListItem","position":3,"name":"nos vins","item":"https:\/\/www.phusis.ch\/vins\/accueil\/vins\/"},{"@type":"ListItem","position":4,"name":"mill\u00e9sime 2015","item":"https:\/\/www.phusis.ch\/vins\/accueil\/vins\/millesime-2015\/"},{"@type":"ListItem","position":5,"name":"gamay sur schiste 2015"}]},{"@type":"WebSite","@id":"https:\/\/www.phusis.ch\/vins\/#website","url":"https:\/\/www.phusis.ch\/vins\/","name":"PHUSIS","description":"Phusis | Une exp\u00e9rience du vin","publisher":{"@id":"https:\/\/www.phusis.ch\/vins\/#organization"},"potentialAction":[{"@type":"SearchAction","target":{"@type":"EntryPoint","urlTemplate":"https:\/\/www.phusis.ch\/vins\/?s={search_term_string}"},"query-input":"required name=search_term_string"}],"inLanguage":"fr-FR"},{"@type":"Organization","@id":"https:\/\/www.phusis.ch\/vins\/#organization","name":"PHUSIS","url":"https:\/\/www.phusis.ch\/vins\/","logo":{"@type":"ImageObject","inLanguage":"fr-FR","@id":"https:\/\/www.phusis.ch\/vins\/#\/schema\/logo\/image\/","url":"http:\/\/www.phusis.ch\/vins\/wp-content\/uploads\/2021\/06\/Oiseau-PHUSIS-Transparent-1024x1024-1.png","contentUrl":"http:\/\/www.phusis.ch\/vins\/wp-content\/uploads\/2021\/06\/Oiseau-PHUSIS-Transparent-1024x1024-1.png","width":1024,"height":1024,"caption":"PHUSIS"},"image":{"@id":"https:\/\/www.phusis.ch\/vins\/#\/schema\/logo\/image\/"}}]}},"_links":{"self":[{"href":"http:\/\/www.phusis.ch\/vins\/wp-json\/wp\/v2\/pages\/3235"}],"collection":[{"href":"http:\/\/www.phusis.ch\/vins\/wp-json\/wp\/v2\/pages"}],"about":[{"href":"http:\/\/www.phusis.ch\/vins\/wp-json\/wp\/v2\/types\/page"}],"author":[{"embeddable":true,"href":"http:\/\/www.phusis.ch\/vins\/wp-json\/wp\/v2\/users\/3"}],"replies":[{"embeddable":true,"href":"http:\/\/www.phusis.ch\/vins\/wp-json\/wp\/v2\/comments?post=3235"}],"version-history":[{"count":21,"href":"http:\/\/www.phusis.ch\/vins\/wp-json\/wp\/v2\/pages\/3235\/revisions"}],"predecessor-version":[{"id":11274,"href":"http:\/\/www.phusis.ch\/vins\/wp-json\/wp\/v2\/pages\/3235\/revisions\/11274"}],"up":[{"embeddable":true,"href":"http:\/\/www.phusis.ch\/vins\/wp-json\/wp\/v2\/pages\/3125"}],"wp:featuredmedia":[{"embeddable":true,"href":"http:\/\/www.phusis.ch\/vins\/wp-json\/wp\/v2\/media\/3238"}],"wp:attachment":[{"href":"http:\/\/www.phusis.ch\/vins\/wp-json\/wp\/v2\/media?parent=3235"}],"curies":[{"name":"wp","href":"https:\/\/api.w.org\/{rel}","templated":true}]}}