{"id":3643,"date":"2018-11-08T21:32:30","date_gmt":"2018-11-08T20:32:30","guid":{"rendered":"http:\/\/www.phusis.ch\/steve\/?page_id=3643"},"modified":"2023-03-05T15:57:27","modified_gmt":"2023-03-05T14:57:27","slug":"savagnin","status":"publish","type":"page","link":"http:\/\/www.phusis.ch\/vins\/accueil\/vins\/millesime-2016\/savagnin\/","title":{"rendered":"savagnin 2016 | la neuveville"},"content":{"rendered":"\t\t<div data-elementor-type=\"wp-page\" data-elementor-id=\"3643\" class=\"elementor elementor-3643\" data-elementor-post-type=\"page\">\n\t\t\t\t\t\t<section class=\"has_ma_el_bg_slider elementor-section elementor-top-section elementor-element elementor-element-756bce5e elementor-section-boxed elementor-section-height-default elementor-section-height-default jltma-glass-effect-no\" data-id=\"756bce5e\" data-element_type=\"section\">\n\t\t\t\t\t\t<div class=\"elementor-container elementor-column-gap-default\">\n\t\t\t\t\t<div class=\"has_ma_el_bg_slider elementor-column elementor-col-100 elementor-top-column elementor-element elementor-element-67f5711d jltma-glass-effect-no\" data-id=\"67f5711d\" data-element_type=\"column\">\n\t\t\t<div class=\"elementor-widget-wrap elementor-element-populated\">\n\t\t\t\t\t\t<section class=\"has_ma_el_bg_slider elementor-section elementor-inner-section elementor-element elementor-element-37ec7281 elementor-section-boxed elementor-section-height-default elementor-section-height-default jltma-glass-effect-no\" data-id=\"37ec7281\" data-element_type=\"section\">\n\t\t\t\t\t\t<div class=\"elementor-container elementor-column-gap-default\">\n\t\t\t\t\t<div class=\"has_ma_el_bg_slider elementor-column elementor-col-33 elementor-inner-column elementor-element elementor-element-4b4b6863 jltma-glass-effect-no\" data-id=\"4b4b6863\" data-element_type=\"column\">\n\t\t\t<div class=\"elementor-widget-wrap elementor-element-populated\">\n\t\t\t\t\t\t<div class=\"elementor-element elementor-element-7009a97d jltma-glass-effect-no elementor-widget elementor-widget-counter\" data-id=\"7009a97d\" data-element_type=\"widget\" data-widget_type=\"counter.default\">\n\t\t\t\t<div class=\"elementor-widget-container\">\n\t\t\t\t\t<div class=\"elementor-counter\">\n\t\t\t<div class=\"elementor-counter-title\">bouteilles<\/div>\t\t\t<div class=\"elementor-counter-number-wrapper\">\n\t\t\t\t<span class=\"elementor-counter-number-prefix\"><\/span>\n\t\t\t\t<span class=\"elementor-counter-number\" data-duration=\"2000\" data-to-value=\"285\" data-from-value=\"0\" data-delimiter=\",\">0<\/span>\n\t\t\t\t<span class=\"elementor-counter-number-suffix\"><\/span>\n\t\t\t<\/div>\n\t\t<\/div>\n\t\t\t\t<\/div>\n\t\t\t\t<\/div>\n\t\t\t\t<div class=\"elementor-element elementor-element-34d09db5 jltma-glass-effect-no elementor-widget elementor-widget-text-editor\" data-id=\"34d09db5\" data-element_type=\"widget\" data-widget_type=\"text-editor.default\">\n\t\t\t\t<div class=\"elementor-widget-container\">\n\t\t\t\t\t\t\t<p><strong>C\u00e9page :<\/strong> Savagnin<br \/><strong>D\u00e9gustation :<\/strong> 8 \u00e0 10\u00b0C<br \/><strong>Long\u00e9vit\u00e9<\/strong><strong> :<\/strong> 2019-2028<br \/><strong>Prix :<\/strong>\u00a028.-\/bt (\u00e9puis\u00e9)<\/p><h4><strong>Origine<\/strong><\/h4><p>La gamme metaPHUSIS est \u00e9labor\u00e9e \u00e0 partir de raisins ou de vins achet\u00e9s aupr\u00e8s de vignerons respectueux dont nous connaissons le travail ainsi que les parcelles.<\/p><p>Cette cuv\u00e9e provient d\u2019une jolie petite parcelle enclav\u00e9e entre les maisons de la Neuveville, sur les bords du lac de Bienne. Le sol y est tr\u00e8s lourd, de nature marneuse, comme dans le vignoble du Jura fran\u00e7ais. La viticulture y est extensive et les vignes sont conduites en port libre.<\/p><h4><span style=\"font-weight: bolder;\">Notes de d\u00e9gustation<\/span><\/h4><p>Dor\u00e9 clair, limpide. Nez intense, profond, avec des notes de fruits exotiques (mangue, ananas), de fleurs blanches ainsi qu\u2019une touche de foin fleuri. Bouche vive et tendue d\u00e8s l\u2019attaque. Corps effil\u00e9, vibrant, droit, hypertonique et longue finale saline, directe, aromatique. Un vin sans concession, tendu comme un arc (ao\u00fbt 2018).<\/p>\t\t\t\t\t\t<\/div>\n\t\t\t\t<\/div>\n\t\t\t\t\t<\/div>\n\t\t<\/div>\n\t\t\t\t<div class=\"has_ma_el_bg_slider elementor-column elementor-col-33 elementor-inner-column elementor-element elementor-element-6ab13877 jltma-glass-effect-no\" data-id=\"6ab13877\" data-element_type=\"column\">\n\t\t\t<div class=\"elementor-widget-wrap elementor-element-populated\">\n\t\t\t\t\t\t<div class=\"elementor-element elementor-element-4d9d40e1 jltma-glass-effect-no elementor-widget elementor-widget-image\" data-id=\"4d9d40e1\" data-element_type=\"widget\" data-widget_type=\"image.default\">\n\t\t\t\t<div class=\"elementor-widget-container\">\n\t\t\t\t\t\t\t\t\t\t\t\t\t<img fetchpriority=\"high\" decoding=\"async\" width=\"688\" height=\"2640\" src=\"http:\/\/www.phusis.ch\/vins\/wp-content\/uploads\/2023\/02\/Bouteille-dessinee2.png\" class=\"attachment-full size-full wp-image-10155\" alt=\"\" srcset=\"http:\/\/www.phusis.ch\/vins\/wp-content\/uploads\/2023\/02\/Bouteille-dessinee2.png 688w, http:\/\/www.phusis.ch\/vins\/wp-content\/uploads\/2023\/02\/Bouteille-dessinee2-78x300.png 78w, http:\/\/www.phusis.ch\/vins\/wp-content\/uploads\/2023\/02\/Bouteille-dessinee2-267x1024.png 267w, http:\/\/www.phusis.ch\/vins\/wp-content\/uploads\/2023\/02\/Bouteille-dessinee2-400x1536.png 400w, http:\/\/www.phusis.ch\/vins\/wp-content\/uploads\/2023\/02\/Bouteille-dessinee2-534x2048.png 534w\" sizes=\"(max-width: 688px) 100vw, 688px\" \/>\t\t\t\t\t\t\t\t\t\t\t\t\t<\/div>\n\t\t\t\t<\/div>\n\t\t\t\t\t<\/div>\n\t\t<\/div>\n\t\t\t\t<div class=\"has_ma_el_bg_slider elementor-column elementor-col-33 elementor-inner-column elementor-element elementor-element-633d55b jltma-glass-effect-no\" data-id=\"633d55b\" data-element_type=\"column\">\n\t\t\t<div class=\"elementor-widget-wrap elementor-element-populated\">\n\t\t\t\t\t\t<div class=\"elementor-element elementor-element-3a7ae8bd jltma-glass-effect-no elementor-widget elementor-widget-text-editor\" data-id=\"3a7ae8bd\" data-element_type=\"widget\" data-widget_type=\"text-editor.default\">\n\t\t\t\t<div class=\"elementor-widget-container\">\n\t\t\t\t\t\t\t<h4>Suggestions d&#8217;accords<\/h4><p>Jambon persill\u00e9, carpaccio de daurade, salade de poulpe.<\/p><h4>vendange et vinification<\/h4><p>Les raisins sont vendang\u00e9s les 18 et 19 octobre et affichent 90 \u00b0Oe. Ils sont press\u00e9s dans un pressoir vertical manuel et le mo\u00fbt est ensuite d\u00e9bourb\u00e9 avant d\u2019\u00eatre mis, pour fermentation, dans un f\u00fbt d\u00e9j\u00e0 utilis\u00e9. Comme il manque quelques litres pour compl\u00e9ter le f\u00fbt, un Pa\u00efen des Coteaux de Sierre y est ajout\u00e9 \u00e0 hauteur d\u2019environ 10%. La fermentation malolactique se fait l\u2019\u00e9t\u00e9 suivant et le vin continue son \u00e9levage jusqu\u2019en mars 2018 o\u00f9 il est mis en cuve inox pour quelques mois encore.<\/p><p>La mise en bouteille se d\u00e9roule le 6 ao\u00fbt 2018 apr\u00e8s une l\u00e9g\u00e8re filtration.<\/p>\t\t\t\t\t\t<\/div>\n\t\t\t\t<\/div>\n\t\t\t\t\t<\/div>\n\t\t<\/div>\n\t\t\t\t\t<\/div>\n\t\t<\/section>\n\t\t\t\t\t<\/div>\n\t\t<\/div>\n\t\t\t\t\t<\/div>\n\t\t<\/section>\n\t\t\t\t<section class=\"has_ma_el_bg_slider elementor-section elementor-top-section elementor-element elementor-element-464c4e57 elementor-section-boxed elementor-section-height-default elementor-section-height-default jltma-glass-effect-no\" data-id=\"464c4e57\" data-element_type=\"section\">\n\t\t\t\t\t\t<div class=\"elementor-container elementor-column-gap-default\">\n\t\t\t\t\t<div class=\"has_ma_el_bg_slider elementor-column elementor-col-100 elementor-top-column elementor-element elementor-element-532a414e jltma-glass-effect-no\" data-id=\"532a414e\" data-element_type=\"column\">\n\t\t\t<div class=\"elementor-widget-wrap\">\n\t\t\t\t\t\t\t<\/div>\n\t\t<\/div>\n\t\t\t\t\t<\/div>\n\t\t<\/section>\n\t\t\t\t<\/div>\n\t\t\n\t\t\t<div style=\"clear: both; float: none;\" class=\"ratepost-clear\"><\/div>\n\t\t\t<div id=\"ratepost-3643\" class=\"ratepost\" rel=\"3\">\n\t\t\t\t\t<span class=\"rating3\"><div class=\"star1\" rel=\"1\"><\/div><div class=\"star2\" rel=\"2\"><\/div><div class=\"star3\" rel=\"3\"><\/div><div class=\"star4\" rel=\"4\"><\/div><div class=\"star5\" rel=\"5\"><\/div><\/span>\n\t\t\t\t<div class=\"status-info\"><\/div>\n\t\t<\/div><div style=\"clear: both; float: none;\" class=\"ratepost-clear\"><\/div>","protected":false},"excerpt":{"rendered":"<p>0 bouteilles C\u00e9page : SavagninD\u00e9gustation : 8 \u00e0 10\u00b0CLong\u00e9vit\u00e9 : 2019-2028Prix :\u00a028.-\/bt (\u00e9puis\u00e9) Origine La gamme metaPHUSIS est \u00e9labor\u00e9e \u00e0 partir de raisins ou de vins achet\u00e9s aupr\u00e8s de vignerons respectueux dont nous connaissons le travail ainsi que les parcelles. Cette cuv\u00e9e provient d\u2019une jolie petite parcelle enclav\u00e9e entre les maisons de la Neuveville, sur [&hellip;]<\/p>\n","protected":false},"author":3,"featured_media":3645,"parent":3349,"menu_order":14,"comment_status":"closed","ping_status":"closed","template":"elementor_theme","meta":{"_monsterinsights_skip_tracking":false,"_monsterinsights_sitenote_active":false,"_monsterinsights_sitenote_note":"","_monsterinsights_sitenote_category":0,"footnotes":""},"yoast_head":"<!-- This site is optimized with the Yoast SEO plugin v22.8 - https:\/\/yoast.com\/wordpress\/plugins\/seo\/ -->\n<title>savagnin 2016 | la neuveville - PHUSIS<\/title>\n<meta name=\"robots\" content=\"index, follow, max-snippet:-1, max-image-preview:large, max-video-preview:-1\" \/>\n<link rel=\"canonical\" href=\"http:\/\/www.phusis.ch\/vins\/accueil\/vins\/millesime-2016\/savagnin\/\" \/>\n<meta property=\"og:locale\" content=\"fr_FR\" \/>\n<meta property=\"og:type\" content=\"article\" \/>\n<meta property=\"og:title\" content=\"savagnin 2016 | la neuveville - PHUSIS\" \/>\n<meta property=\"og:description\" content=\"0 bouteilles C\u00e9page : SavagninD\u00e9gustation : 8 \u00e0 10\u00b0CLong\u00e9vit\u00e9 : 2019-2028Prix :\u00a028.-\/bt (\u00e9puis\u00e9) Origine La gamme metaPHUSIS est \u00e9labor\u00e9e \u00e0 partir de raisins ou de vins achet\u00e9s aupr\u00e8s de vignerons respectueux dont nous connaissons le travail ainsi que les parcelles. Cette cuv\u00e9e provient d\u2019une jolie petite parcelle enclav\u00e9e entre les maisons de la Neuveville, sur [&hellip;]\" \/>\n<meta property=\"og:url\" content=\"http:\/\/www.phusis.ch\/vins\/accueil\/vins\/millesime-2016\/savagnin\/\" \/>\n<meta property=\"og:site_name\" content=\"PHUSIS\" \/>\n<meta property=\"article:modified_time\" content=\"2023-03-05T14:57:27+00:00\" \/>\n<meta property=\"og:image\" content=\"http:\/\/www.phusis.ch\/vins\/wp-content\/uploads\/2018\/11\/Savagnin16.jpg\" \/>\n\t<meta property=\"og:image:width\" content=\"576\" \/>\n\t<meta property=\"og:image:height\" content=\"768\" \/>\n\t<meta property=\"og:image:type\" content=\"image\/jpeg\" \/>\n<meta name=\"twitter:card\" content=\"summary_large_image\" \/>\n<meta name=\"twitter:label1\" content=\"Dur\u00e9e de lecture estim\u00e9e\" \/>\n\t<meta name=\"twitter:data1\" content=\"2 minutes\" \/>\n<script type=\"application\/ld+json\" class=\"yoast-schema-graph\">{\"@context\":\"https:\/\/schema.org\",\"@graph\":[{\"@type\":\"WebPage\",\"@id\":\"http:\/\/www.phusis.ch\/vins\/accueil\/vins\/millesime-2016\/savagnin\/\",\"url\":\"http:\/\/www.phusis.ch\/vins\/accueil\/vins\/millesime-2016\/savagnin\/\",\"name\":\"savagnin 2016 | la neuveville - PHUSIS\",\"isPartOf\":{\"@id\":\"https:\/\/www.phusis.ch\/vins\/#website\"},\"primaryImageOfPage\":{\"@id\":\"http:\/\/www.phusis.ch\/vins\/accueil\/vins\/millesime-2016\/savagnin\/#primaryimage\"},\"image\":{\"@id\":\"http:\/\/www.phusis.ch\/vins\/accueil\/vins\/millesime-2016\/savagnin\/#primaryimage\"},\"thumbnailUrl\":\"http:\/\/www.phusis.ch\/vins\/wp-content\/uploads\/2018\/11\/Savagnin16.jpg\",\"datePublished\":\"2018-11-08T20:32:30+00:00\",\"dateModified\":\"2023-03-05T14:57:27+00:00\",\"breadcrumb\":{\"@id\":\"http:\/\/www.phusis.ch\/vins\/accueil\/vins\/millesime-2016\/savagnin\/#breadcrumb\"},\"inLanguage\":\"fr-FR\",\"potentialAction\":[{\"@type\":\"ReadAction\",\"target\":[\"http:\/\/www.phusis.ch\/vins\/accueil\/vins\/millesime-2016\/savagnin\/\"]}]},{\"@type\":\"ImageObject\",\"inLanguage\":\"fr-FR\",\"@id\":\"http:\/\/www.phusis.ch\/vins\/accueil\/vins\/millesime-2016\/savagnin\/#primaryimage\",\"url\":\"http:\/\/www.phusis.ch\/vins\/wp-content\/uploads\/2018\/11\/Savagnin16.jpg\",\"contentUrl\":\"http:\/\/www.phusis.ch\/vins\/wp-content\/uploads\/2018\/11\/Savagnin16.jpg\",\"width\":576,\"height\":768},{\"@type\":\"BreadcrumbList\",\"@id\":\"http:\/\/www.phusis.ch\/vins\/accueil\/vins\/millesime-2016\/savagnin\/#breadcrumb\",\"itemListElement\":[{\"@type\":\"ListItem\",\"position\":1,\"name\":\"Accueil\",\"item\":\"https:\/\/www.phusis.ch\/vins\/\"},{\"@type\":\"ListItem\",\"position\":2,\"name\":\"bienvenue sur phusis vins\",\"item\":\"https:\/\/www.phusis.ch\/vins\/\"},{\"@type\":\"ListItem\",\"position\":3,\"name\":\"nos vins\",\"item\":\"https:\/\/www.phusis.ch\/vins\/accueil\/vins\/\"},{\"@type\":\"ListItem\",\"position\":4,\"name\":\"mill\u00e9sime 2016\",\"item\":\"http:\/\/www.phusis.ch\/vins\/accueil\/vins\/millesime-2016\/\"},{\"@type\":\"ListItem\",\"position\":5,\"name\":\"savagnin 2016 | la neuveville\"}]},{\"@type\":\"WebSite\",\"@id\":\"https:\/\/www.phusis.ch\/vins\/#website\",\"url\":\"https:\/\/www.phusis.ch\/vins\/\",\"name\":\"PHUSIS\",\"description\":\"Phusis | Une exp\u00e9rience du vin\",\"publisher\":{\"@id\":\"https:\/\/www.phusis.ch\/vins\/#organization\"},\"potentialAction\":[{\"@type\":\"SearchAction\",\"target\":{\"@type\":\"EntryPoint\",\"urlTemplate\":\"https:\/\/www.phusis.ch\/vins\/?s={search_term_string}\"},\"query-input\":\"required name=search_term_string\"}],\"inLanguage\":\"fr-FR\"},{\"@type\":\"Organization\",\"@id\":\"https:\/\/www.phusis.ch\/vins\/#organization\",\"name\":\"PHUSIS\",\"url\":\"https:\/\/www.phusis.ch\/vins\/\",\"logo\":{\"@type\":\"ImageObject\",\"inLanguage\":\"fr-FR\",\"@id\":\"https:\/\/www.phusis.ch\/vins\/#\/schema\/logo\/image\/\",\"url\":\"http:\/\/www.phusis.ch\/vins\/wp-content\/uploads\/2021\/06\/Oiseau-PHUSIS-Transparent-1024x1024-1.png\",\"contentUrl\":\"http:\/\/www.phusis.ch\/vins\/wp-content\/uploads\/2021\/06\/Oiseau-PHUSIS-Transparent-1024x1024-1.png\",\"width\":1024,\"height\":1024,\"caption\":\"PHUSIS\"},\"image\":{\"@id\":\"https:\/\/www.phusis.ch\/vins\/#\/schema\/logo\/image\/\"}}]}<\/script>\n<!-- \/ Yoast SEO plugin. -->","yoast_head_json":{"title":"savagnin 2016 | la neuveville - PHUSIS","robots":{"index":"index","follow":"follow","max-snippet":"max-snippet:-1","max-image-preview":"max-image-preview:large","max-video-preview":"max-video-preview:-1"},"canonical":"http:\/\/www.phusis.ch\/vins\/accueil\/vins\/millesime-2016\/savagnin\/","og_locale":"fr_FR","og_type":"article","og_title":"savagnin 2016 | la neuveville - PHUSIS","og_description":"0 bouteilles C\u00e9page : SavagninD\u00e9gustation : 8 \u00e0 10\u00b0CLong\u00e9vit\u00e9 : 2019-2028Prix :\u00a028.-\/bt (\u00e9puis\u00e9) Origine La gamme metaPHUSIS est \u00e9labor\u00e9e \u00e0 partir de raisins ou de vins achet\u00e9s aupr\u00e8s de vignerons respectueux dont nous connaissons le travail ainsi que les parcelles. Cette cuv\u00e9e provient d\u2019une jolie petite parcelle enclav\u00e9e entre les maisons de la Neuveville, sur [&hellip;]","og_url":"http:\/\/www.phusis.ch\/vins\/accueil\/vins\/millesime-2016\/savagnin\/","og_site_name":"PHUSIS","article_modified_time":"2023-03-05T14:57:27+00:00","og_image":[{"width":576,"height":768,"url":"http:\/\/www.phusis.ch\/vins\/wp-content\/uploads\/2018\/11\/Savagnin16.jpg","type":"image\/jpeg"}],"twitter_card":"summary_large_image","twitter_misc":{"Dur\u00e9e de lecture estim\u00e9e":"2 minutes"},"schema":{"@context":"https:\/\/schema.org","@graph":[{"@type":"WebPage","@id":"http:\/\/www.phusis.ch\/vins\/accueil\/vins\/millesime-2016\/savagnin\/","url":"http:\/\/www.phusis.ch\/vins\/accueil\/vins\/millesime-2016\/savagnin\/","name":"savagnin 2016 | la neuveville - PHUSIS","isPartOf":{"@id":"https:\/\/www.phusis.ch\/vins\/#website"},"primaryImageOfPage":{"@id":"http:\/\/www.phusis.ch\/vins\/accueil\/vins\/millesime-2016\/savagnin\/#primaryimage"},"image":{"@id":"http:\/\/www.phusis.ch\/vins\/accueil\/vins\/millesime-2016\/savagnin\/#primaryimage"},"thumbnailUrl":"http:\/\/www.phusis.ch\/vins\/wp-content\/uploads\/2018\/11\/Savagnin16.jpg","datePublished":"2018-11-08T20:32:30+00:00","dateModified":"2023-03-05T14:57:27+00:00","breadcrumb":{"@id":"http:\/\/www.phusis.ch\/vins\/accueil\/vins\/millesime-2016\/savagnin\/#breadcrumb"},"inLanguage":"fr-FR","potentialAction":[{"@type":"ReadAction","target":["http:\/\/www.phusis.ch\/vins\/accueil\/vins\/millesime-2016\/savagnin\/"]}]},{"@type":"ImageObject","inLanguage":"fr-FR","@id":"http:\/\/www.phusis.ch\/vins\/accueil\/vins\/millesime-2016\/savagnin\/#primaryimage","url":"http:\/\/www.phusis.ch\/vins\/wp-content\/uploads\/2018\/11\/Savagnin16.jpg","contentUrl":"http:\/\/www.phusis.ch\/vins\/wp-content\/uploads\/2018\/11\/Savagnin16.jpg","width":576,"height":768},{"@type":"BreadcrumbList","@id":"http:\/\/www.phusis.ch\/vins\/accueil\/vins\/millesime-2016\/savagnin\/#breadcrumb","itemListElement":[{"@type":"ListItem","position":1,"name":"Accueil","item":"https:\/\/www.phusis.ch\/vins\/"},{"@type":"ListItem","position":2,"name":"bienvenue sur phusis vins","item":"https:\/\/www.phusis.ch\/vins\/"},{"@type":"ListItem","position":3,"name":"nos vins","item":"https:\/\/www.phusis.ch\/vins\/accueil\/vins\/"},{"@type":"ListItem","position":4,"name":"mill\u00e9sime 2016","item":"http:\/\/www.phusis.ch\/vins\/accueil\/vins\/millesime-2016\/"},{"@type":"ListItem","position":5,"name":"savagnin 2016 | la neuveville"}]},{"@type":"WebSite","@id":"https:\/\/www.phusis.ch\/vins\/#website","url":"https:\/\/www.phusis.ch\/vins\/","name":"PHUSIS","description":"Phusis | Une exp\u00e9rience du vin","publisher":{"@id":"https:\/\/www.phusis.ch\/vins\/#organization"},"potentialAction":[{"@type":"SearchAction","target":{"@type":"EntryPoint","urlTemplate":"https:\/\/www.phusis.ch\/vins\/?s={search_term_string}"},"query-input":"required name=search_term_string"}],"inLanguage":"fr-FR"},{"@type":"Organization","@id":"https:\/\/www.phusis.ch\/vins\/#organization","name":"PHUSIS","url":"https:\/\/www.phusis.ch\/vins\/","logo":{"@type":"ImageObject","inLanguage":"fr-FR","@id":"https:\/\/www.phusis.ch\/vins\/#\/schema\/logo\/image\/","url":"http:\/\/www.phusis.ch\/vins\/wp-content\/uploads\/2021\/06\/Oiseau-PHUSIS-Transparent-1024x1024-1.png","contentUrl":"http:\/\/www.phusis.ch\/vins\/wp-content\/uploads\/2021\/06\/Oiseau-PHUSIS-Transparent-1024x1024-1.png","width":1024,"height":1024,"caption":"PHUSIS"},"image":{"@id":"https:\/\/www.phusis.ch\/vins\/#\/schema\/logo\/image\/"}}]}},"_links":{"self":[{"href":"http:\/\/www.phusis.ch\/vins\/wp-json\/wp\/v2\/pages\/3643"}],"collection":[{"href":"http:\/\/www.phusis.ch\/vins\/wp-json\/wp\/v2\/pages"}],"about":[{"href":"http:\/\/www.phusis.ch\/vins\/wp-json\/wp\/v2\/types\/page"}],"author":[{"embeddable":true,"href":"http:\/\/www.phusis.ch\/vins\/wp-json\/wp\/v2\/users\/3"}],"replies":[{"embeddable":true,"href":"http:\/\/www.phusis.ch\/vins\/wp-json\/wp\/v2\/comments?post=3643"}],"version-history":[{"count":16,"href":"http:\/\/www.phusis.ch\/vins\/wp-json\/wp\/v2\/pages\/3643\/revisions"}],"predecessor-version":[{"id":11298,"href":"http:\/\/www.phusis.ch\/vins\/wp-json\/wp\/v2\/pages\/3643\/revisions\/11298"}],"up":[{"embeddable":true,"href":"http:\/\/www.phusis.ch\/vins\/wp-json\/wp\/v2\/pages\/3349"}],"wp:featuredmedia":[{"embeddable":true,"href":"http:\/\/www.phusis.ch\/vins\/wp-json\/wp\/v2\/media\/3645"}],"wp:attachment":[{"href":"http:\/\/www.phusis.ch\/vins\/wp-json\/wp\/v2\/media?parent=3643"}],"curies":[{"name":"wp","href":"https:\/\/api.w.org\/{rel}","templated":true}]}}