{"id":3804,"date":"2019-06-08T22:29:10","date_gmt":"2019-06-08T20:29:10","guid":{"rendered":"http:\/\/www.phusis.ch\/steve\/?page_id=3804"},"modified":"2023-03-06T09:03:46","modified_gmt":"2023-03-06T08:03:46","slug":"roche-fleurie-rouge","status":"publish","type":"page","link":"http:\/\/www.phusis.ch\/vins\/accueil\/vins\/millesime-2017\/roche-fleurie-rouge\/","title":{"rendered":"roche fleurie rouge 2017"},"content":{"rendered":"\t\t<div data-elementor-type=\"wp-page\" data-elementor-id=\"3804\" class=\"elementor elementor-3804\" data-elementor-post-type=\"page\">\n\t\t\t\t\t\t<section class=\"has_ma_el_bg_slider elementor-section elementor-top-section elementor-element elementor-element-4a15e31e elementor-section-boxed elementor-section-height-default elementor-section-height-default jltma-glass-effect-no\" data-id=\"4a15e31e\" data-element_type=\"section\">\n\t\t\t\t\t\t<div class=\"elementor-container elementor-column-gap-default\">\n\t\t\t\t\t<div class=\"has_ma_el_bg_slider elementor-column elementor-col-100 elementor-top-column elementor-element elementor-element-3520e422 jltma-glass-effect-no\" data-id=\"3520e422\" data-element_type=\"column\">\n\t\t\t<div class=\"elementor-widget-wrap elementor-element-populated\">\n\t\t\t\t\t\t<section class=\"has_ma_el_bg_slider elementor-section elementor-inner-section elementor-element elementor-element-5a442ea3 elementor-section-boxed elementor-section-height-default elementor-section-height-default jltma-glass-effect-no\" data-id=\"5a442ea3\" data-element_type=\"section\">\n\t\t\t\t\t\t<div class=\"elementor-container elementor-column-gap-default\">\n\t\t\t\t\t<div class=\"has_ma_el_bg_slider elementor-column elementor-col-33 elementor-inner-column elementor-element elementor-element-33a0ff99 jltma-glass-effect-no\" data-id=\"33a0ff99\" data-element_type=\"column\">\n\t\t\t<div class=\"elementor-widget-wrap elementor-element-populated\">\n\t\t\t\t\t\t<div class=\"elementor-element elementor-element-35afb3c7 jltma-glass-effect-no elementor-widget elementor-widget-counter\" data-id=\"35afb3c7\" data-element_type=\"widget\" data-widget_type=\"counter.default\">\n\t\t\t\t<div class=\"elementor-widget-container\">\n\t\t\t\t\t<div class=\"elementor-counter\">\n\t\t\t<div class=\"elementor-counter-title\">bouteilles<\/div>\t\t\t<div class=\"elementor-counter-number-wrapper\">\n\t\t\t\t<span class=\"elementor-counter-number-prefix\"><\/span>\n\t\t\t\t<span class=\"elementor-counter-number\" data-duration=\"2000\" data-to-value=\"460\" data-from-value=\"0\" data-delimiter=\",\">0<\/span>\n\t\t\t\t<span class=\"elementor-counter-number-suffix\"><\/span>\n\t\t\t<\/div>\n\t\t<\/div>\n\t\t\t\t<\/div>\n\t\t\t\t<\/div>\n\t\t\t\t<div class=\"elementor-element elementor-element-5f6cd3e6 jltma-glass-effect-no elementor-widget elementor-widget-text-editor\" data-id=\"5f6cd3e6\" data-element_type=\"widget\" data-widget_type=\"text-editor.default\">\n\t\t\t\t<div class=\"elementor-widget-container\">\n\t\t\t\t\t\t\t<p><strong>C\u00e9pages :<\/strong> Complantation de c\u00e9pages rouges<br \/><strong>D\u00e9gustation :<\/strong>\u00a017 \u00e0 19\u00b0C<br \/><strong>Long\u00e9vit\u00e9<\/strong><strong> :<\/strong> 2019-2027<br \/><strong>Prix :<\/strong>\u00a035.-\/bt (\u00e9puis\u00e9)<\/p><h4><strong>Origine<\/strong><\/h4><p>La gamme metaPHUSIS est \u00e9labor\u00e9e \u00e0 partir de raisins ou de vins achet\u00e9s aupr\u00e8s de vignerons respectueux dont nous connaissons le travail ainsi que les parcelles.<\/p><p>Cette cuv\u00e9e provient du lieu-dit les Rochettes, parcelle situ\u00e9e au dessus de la Neuveville (sur les bords du lac de Bienne) et constitu\u00e9e de terrasses sur un coteau escarp\u00e9, difficile d\u2019acc\u00e8s. Pour son premier mill\u00e9sime (2016), ce vin s\u2019est d\u2019ailleurs nomm\u00e9 Rouge des Rochettes mais d\u00e8s 2017, il change de nom et devient Roche Fleurie rouge.<\/p><p>Au c\u0153ur des Rochettes se trouve une entit\u00e9 complant\u00e9e en un grand nombre de c\u00e9pages rouges (Syrah, Cabernet Franc, Mondeuse, Diolinoir, Gamay, Cabernet Sauvignon, Zweigelt, etc.).<\/p><p>La viticulture y est extensive, les vignes sont conduites en port libre et le terroir s\u00e9chard favorise de petites grappes aux petits grains.<\/p><h4><span style=\"font-weight: bolder;\">Notes de d\u00e9gustation<\/span><\/h4><p>Robe violet fonc\u00e9. Beau nez de fruits noirs, d\u2019\u00e2tre, d\u2019\u00e9pices douces, de tabac, de pivoine. Entr\u00e9e en bouche vineuse, glissante. Corps g\u00e9n\u00e9reux, bien textur\u00e9, dot\u00e9 de nombreux tannins fins et soyeux. Finale assez relev\u00e9e, sapide, sur des notes de fruits frais et une touche d\u2019\u00e9corce. Un vin \u00e0 la fois fruit\u00e9, avenant et b\u00e2ti pour la garde (juin 2019).<\/p>\t\t\t\t\t\t<\/div>\n\t\t\t\t<\/div>\n\t\t\t\t\t<\/div>\n\t\t<\/div>\n\t\t\t\t<div class=\"has_ma_el_bg_slider elementor-column elementor-col-33 elementor-inner-column elementor-element elementor-element-71af40af jltma-glass-effect-no\" data-id=\"71af40af\" data-element_type=\"column\">\n\t\t\t<div class=\"elementor-widget-wrap elementor-element-populated\">\n\t\t\t\t\t\t<div class=\"elementor-element elementor-element-247b13c1 jltma-glass-effect-no elementor-widget elementor-widget-image\" data-id=\"247b13c1\" data-element_type=\"widget\" data-widget_type=\"image.default\">\n\t\t\t\t<div class=\"elementor-widget-container\">\n\t\t\t\t\t\t\t\t\t\t\t\t\t<img fetchpriority=\"high\" decoding=\"async\" width=\"688\" height=\"2640\" src=\"http:\/\/www.phusis.ch\/vins\/wp-content\/uploads\/2023\/02\/Bouteille-dessinee2.png\" class=\"attachment-full size-full wp-image-10155\" alt=\"\" srcset=\"http:\/\/www.phusis.ch\/vins\/wp-content\/uploads\/2023\/02\/Bouteille-dessinee2.png 688w, http:\/\/www.phusis.ch\/vins\/wp-content\/uploads\/2023\/02\/Bouteille-dessinee2-78x300.png 78w, http:\/\/www.phusis.ch\/vins\/wp-content\/uploads\/2023\/02\/Bouteille-dessinee2-267x1024.png 267w, http:\/\/www.phusis.ch\/vins\/wp-content\/uploads\/2023\/02\/Bouteille-dessinee2-400x1536.png 400w, http:\/\/www.phusis.ch\/vins\/wp-content\/uploads\/2023\/02\/Bouteille-dessinee2-534x2048.png 534w\" sizes=\"(max-width: 688px) 100vw, 688px\" \/>\t\t\t\t\t\t\t\t\t\t\t\t\t<\/div>\n\t\t\t\t<\/div>\n\t\t\t\t\t<\/div>\n\t\t<\/div>\n\t\t\t\t<div class=\"has_ma_el_bg_slider elementor-column elementor-col-33 elementor-inner-column elementor-element elementor-element-48385773 jltma-glass-effect-no\" data-id=\"48385773\" data-element_type=\"column\">\n\t\t\t<div class=\"elementor-widget-wrap elementor-element-populated\">\n\t\t\t\t\t\t<div class=\"elementor-element elementor-element-13cb8aa2 jltma-glass-effect-no elementor-widget elementor-widget-text-editor\" data-id=\"13cb8aa2\" data-element_type=\"widget\" data-widget_type=\"text-editor.default\">\n\t\t\t\t<div class=\"elementor-widget-container\">\n\t\t\t\t\t\t\t<h4><span style=\"font-weight: bolder;\">Suggestions d&#8217;accords<\/span><\/h4><p style=\"font-family: 'Open Sans'; font-size: 15px; font-weight: 400;\">Entrec\u00f4te parisienne. Rack d\u2019agneau au romarin. Jarret de veau brais\u00e9.<\/p><h4>vendange et vinification<\/h4><p>La vendange se d\u00e9roule le 22 septembre et les raisins sondent en moyenne 93 \u00b0Oe. Ils sont totalement \u00e9grapp\u00e9s et fermentent en cuve inox. Apr\u00e8s trois petites semaines le vin est d\u00e9cuv\u00e9 puis mis en f\u00fbts de ch\u00eane pour un \u00e9levage d\u2019une ann\u00e9e (un f\u00fbt ayant d\u00e9j\u00e0 contenu 3 vins ainsi qu\u2019une feuillette neuve). L\u2019automne suivant, il est sorti des f\u00fbts pour passer encore un hiver en cuve inox.<\/p><p>La mise en bouteille est effectu\u00e9e sans filtration le 8 juin 2019.<\/p>\t\t\t\t\t\t<\/div>\n\t\t\t\t<\/div>\n\t\t\t\t\t<\/div>\n\t\t<\/div>\n\t\t\t\t\t<\/div>\n\t\t<\/section>\n\t\t\t\t\t<\/div>\n\t\t<\/div>\n\t\t\t\t\t<\/div>\n\t\t<\/section>\n\t\t\t\t<\/div>\n\t\t\n\t\t\t<div style=\"clear: both; float: none;\" class=\"ratepost-clear\"><\/div>\n\t\t\t<div id=\"ratepost-3804\" class=\"ratepost\" rel=\"3\">\n\t\t\t\t\t<span class=\"rating3\"><div class=\"star1\" rel=\"1\"><\/div><div class=\"star2\" rel=\"2\"><\/div><div class=\"star3\" rel=\"3\"><\/div><div class=\"star4\" rel=\"4\"><\/div><div class=\"star5\" rel=\"5\"><\/div><\/span>\n\t\t\t\t<div class=\"status-info\"><\/div>\n\t\t<\/div><div style=\"clear: both; float: none;\" class=\"ratepost-clear\"><\/div>","protected":false},"excerpt":{"rendered":"<p>0 bouteilles C\u00e9pages : Complantation de c\u00e9pages rougesD\u00e9gustation :\u00a017 \u00e0 19\u00b0CLong\u00e9vit\u00e9 : 2019-2027Prix :\u00a035.-\/bt (\u00e9puis\u00e9) Origine La gamme metaPHUSIS est \u00e9labor\u00e9e \u00e0 partir de raisins ou de vins achet\u00e9s aupr\u00e8s de vignerons respectueux dont nous connaissons le travail ainsi que les parcelles. Cette cuv\u00e9e provient du lieu-dit les Rochettes, parcelle situ\u00e9e au dessus de la [&hellip;]<\/p>\n","protected":false},"author":3,"featured_media":3807,"parent":3553,"menu_order":12,"comment_status":"closed","ping_status":"closed","template":"elementor_theme","meta":{"_monsterinsights_skip_tracking":false,"_monsterinsights_sitenote_active":false,"_monsterinsights_sitenote_note":"","_monsterinsights_sitenote_category":0,"footnotes":""},"yoast_head":"<!-- This site is optimized with the Yoast SEO plugin v22.8 - https:\/\/yoast.com\/wordpress\/plugins\/seo\/ -->\n<title>roche fleurie rouge 2017 - PHUSIS<\/title>\n<meta name=\"robots\" content=\"index, follow, max-snippet:-1, max-image-preview:large, max-video-preview:-1\" \/>\n<link rel=\"canonical\" href=\"http:\/\/www.phusis.ch\/vins\/accueil\/vins\/millesime-2017\/roche-fleurie-rouge\/\" \/>\n<meta property=\"og:locale\" content=\"fr_FR\" \/>\n<meta property=\"og:type\" content=\"article\" \/>\n<meta property=\"og:title\" content=\"roche fleurie rouge 2017 - PHUSIS\" \/>\n<meta property=\"og:description\" content=\"0 bouteilles C\u00e9pages : Complantation de c\u00e9pages rougesD\u00e9gustation :\u00a017 \u00e0 19\u00b0CLong\u00e9vit\u00e9 : 2019-2027Prix :\u00a035.-\/bt (\u00e9puis\u00e9) Origine La gamme metaPHUSIS est \u00e9labor\u00e9e \u00e0 partir de raisins ou de vins achet\u00e9s aupr\u00e8s de vignerons respectueux dont nous connaissons le travail ainsi que les parcelles. Cette cuv\u00e9e provient du lieu-dit les Rochettes, parcelle situ\u00e9e au dessus de la [&hellip;]\" \/>\n<meta property=\"og:url\" content=\"http:\/\/www.phusis.ch\/vins\/accueil\/vins\/millesime-2017\/roche-fleurie-rouge\/\" \/>\n<meta property=\"og:site_name\" content=\"PHUSIS\" \/>\n<meta property=\"article:modified_time\" content=\"2023-03-06T08:03:46+00:00\" \/>\n<meta property=\"og:image\" content=\"http:\/\/www.phusis.ch\/vins\/wp-content\/uploads\/2019\/06\/Rochettes17.jpg\" \/>\n\t<meta property=\"og:image:width\" content=\"1024\" \/>\n\t<meta property=\"og:image:height\" content=\"768\" \/>\n\t<meta property=\"og:image:type\" content=\"image\/jpeg\" \/>\n<meta name=\"twitter:card\" content=\"summary_large_image\" \/>\n<meta name=\"twitter:label1\" content=\"Dur\u00e9e de lecture estim\u00e9e\" \/>\n\t<meta name=\"twitter:data1\" content=\"2 minutes\" \/>\n<script type=\"application\/ld+json\" class=\"yoast-schema-graph\">{\"@context\":\"https:\/\/schema.org\",\"@graph\":[{\"@type\":\"WebPage\",\"@id\":\"http:\/\/www.phusis.ch\/vins\/accueil\/vins\/millesime-2017\/roche-fleurie-rouge\/\",\"url\":\"http:\/\/www.phusis.ch\/vins\/accueil\/vins\/millesime-2017\/roche-fleurie-rouge\/\",\"name\":\"roche fleurie rouge 2017 - PHUSIS\",\"isPartOf\":{\"@id\":\"http:\/\/www.phusis.ch\/vins\/#website\"},\"primaryImageOfPage\":{\"@id\":\"http:\/\/www.phusis.ch\/vins\/accueil\/vins\/millesime-2017\/roche-fleurie-rouge\/#primaryimage\"},\"image\":{\"@id\":\"http:\/\/www.phusis.ch\/vins\/accueil\/vins\/millesime-2017\/roche-fleurie-rouge\/#primaryimage\"},\"thumbnailUrl\":\"http:\/\/www.phusis.ch\/vins\/wp-content\/uploads\/2019\/06\/Rochettes17.jpg\",\"datePublished\":\"2019-06-08T20:29:10+00:00\",\"dateModified\":\"2023-03-06T08:03:46+00:00\",\"breadcrumb\":{\"@id\":\"http:\/\/www.phusis.ch\/vins\/accueil\/vins\/millesime-2017\/roche-fleurie-rouge\/#breadcrumb\"},\"inLanguage\":\"fr-FR\",\"potentialAction\":[{\"@type\":\"ReadAction\",\"target\":[\"http:\/\/www.phusis.ch\/vins\/accueil\/vins\/millesime-2017\/roche-fleurie-rouge\/\"]}]},{\"@type\":\"ImageObject\",\"inLanguage\":\"fr-FR\",\"@id\":\"http:\/\/www.phusis.ch\/vins\/accueil\/vins\/millesime-2017\/roche-fleurie-rouge\/#primaryimage\",\"url\":\"http:\/\/www.phusis.ch\/vins\/wp-content\/uploads\/2019\/06\/Rochettes17.jpg\",\"contentUrl\":\"http:\/\/www.phusis.ch\/vins\/wp-content\/uploads\/2019\/06\/Rochettes17.jpg\",\"width\":1024,\"height\":768,\"caption\":\"Exif_JPEG_PICTURE\"},{\"@type\":\"BreadcrumbList\",\"@id\":\"http:\/\/www.phusis.ch\/vins\/accueil\/vins\/millesime-2017\/roche-fleurie-rouge\/#breadcrumb\",\"itemListElement\":[{\"@type\":\"ListItem\",\"position\":1,\"name\":\"Accueil\",\"item\":\"http:\/\/www.phusis.ch\/vins\/\"},{\"@type\":\"ListItem\",\"position\":2,\"name\":\"bienvenue sur phusis vins\",\"item\":\"http:\/\/www.phusis.ch\/vins\/\"},{\"@type\":\"ListItem\",\"position\":3,\"name\":\"nos vins\",\"item\":\"https:\/\/www.phusis.ch\/vins\/accueil\/vins\/\"},{\"@type\":\"ListItem\",\"position\":4,\"name\":\"mill\u00e9sime 2017\",\"item\":\"https:\/\/www.phusis.ch\/vins\/accueil\/vins\/millesime-2017\/\"},{\"@type\":\"ListItem\",\"position\":5,\"name\":\"roche fleurie rouge 2017\"}]},{\"@type\":\"WebSite\",\"@id\":\"http:\/\/www.phusis.ch\/vins\/#website\",\"url\":\"http:\/\/www.phusis.ch\/vins\/\",\"name\":\"PHUSIS\",\"description\":\"Phusis | Une exp\u00e9rience du vin\",\"publisher\":{\"@id\":\"http:\/\/www.phusis.ch\/vins\/#organization\"},\"potentialAction\":[{\"@type\":\"SearchAction\",\"target\":{\"@type\":\"EntryPoint\",\"urlTemplate\":\"http:\/\/www.phusis.ch\/vins\/?s={search_term_string}\"},\"query-input\":\"required name=search_term_string\"}],\"inLanguage\":\"fr-FR\"},{\"@type\":\"Organization\",\"@id\":\"http:\/\/www.phusis.ch\/vins\/#organization\",\"name\":\"PHUSIS\",\"url\":\"http:\/\/www.phusis.ch\/vins\/\",\"logo\":{\"@type\":\"ImageObject\",\"inLanguage\":\"fr-FR\",\"@id\":\"http:\/\/www.phusis.ch\/vins\/#\/schema\/logo\/image\/\",\"url\":\"http:\/\/www.phusis.ch\/vins\/wp-content\/uploads\/2021\/06\/Oiseau-PHUSIS-Transparent-1024x1024-1.png\",\"contentUrl\":\"http:\/\/www.phusis.ch\/vins\/wp-content\/uploads\/2021\/06\/Oiseau-PHUSIS-Transparent-1024x1024-1.png\",\"width\":1024,\"height\":1024,\"caption\":\"PHUSIS\"},\"image\":{\"@id\":\"http:\/\/www.phusis.ch\/vins\/#\/schema\/logo\/image\/\"}}]}<\/script>\n<!-- \/ Yoast SEO plugin. -->","yoast_head_json":{"title":"roche fleurie rouge 2017 - PHUSIS","robots":{"index":"index","follow":"follow","max-snippet":"max-snippet:-1","max-image-preview":"max-image-preview:large","max-video-preview":"max-video-preview:-1"},"canonical":"http:\/\/www.phusis.ch\/vins\/accueil\/vins\/millesime-2017\/roche-fleurie-rouge\/","og_locale":"fr_FR","og_type":"article","og_title":"roche fleurie rouge 2017 - PHUSIS","og_description":"0 bouteilles C\u00e9pages : Complantation de c\u00e9pages rougesD\u00e9gustation :\u00a017 \u00e0 19\u00b0CLong\u00e9vit\u00e9 : 2019-2027Prix :\u00a035.-\/bt (\u00e9puis\u00e9) Origine La gamme metaPHUSIS est \u00e9labor\u00e9e \u00e0 partir de raisins ou de vins achet\u00e9s aupr\u00e8s de vignerons respectueux dont nous connaissons le travail ainsi que les parcelles. Cette cuv\u00e9e provient du lieu-dit les Rochettes, parcelle situ\u00e9e au dessus de la [&hellip;]","og_url":"http:\/\/www.phusis.ch\/vins\/accueil\/vins\/millesime-2017\/roche-fleurie-rouge\/","og_site_name":"PHUSIS","article_modified_time":"2023-03-06T08:03:46+00:00","og_image":[{"width":1024,"height":768,"url":"http:\/\/www.phusis.ch\/vins\/wp-content\/uploads\/2019\/06\/Rochettes17.jpg","type":"image\/jpeg"}],"twitter_card":"summary_large_image","twitter_misc":{"Dur\u00e9e de lecture estim\u00e9e":"2 minutes"},"schema":{"@context":"https:\/\/schema.org","@graph":[{"@type":"WebPage","@id":"http:\/\/www.phusis.ch\/vins\/accueil\/vins\/millesime-2017\/roche-fleurie-rouge\/","url":"http:\/\/www.phusis.ch\/vins\/accueil\/vins\/millesime-2017\/roche-fleurie-rouge\/","name":"roche fleurie rouge 2017 - PHUSIS","isPartOf":{"@id":"http:\/\/www.phusis.ch\/vins\/#website"},"primaryImageOfPage":{"@id":"http:\/\/www.phusis.ch\/vins\/accueil\/vins\/millesime-2017\/roche-fleurie-rouge\/#primaryimage"},"image":{"@id":"http:\/\/www.phusis.ch\/vins\/accueil\/vins\/millesime-2017\/roche-fleurie-rouge\/#primaryimage"},"thumbnailUrl":"http:\/\/www.phusis.ch\/vins\/wp-content\/uploads\/2019\/06\/Rochettes17.jpg","datePublished":"2019-06-08T20:29:10+00:00","dateModified":"2023-03-06T08:03:46+00:00","breadcrumb":{"@id":"http:\/\/www.phusis.ch\/vins\/accueil\/vins\/millesime-2017\/roche-fleurie-rouge\/#breadcrumb"},"inLanguage":"fr-FR","potentialAction":[{"@type":"ReadAction","target":["http:\/\/www.phusis.ch\/vins\/accueil\/vins\/millesime-2017\/roche-fleurie-rouge\/"]}]},{"@type":"ImageObject","inLanguage":"fr-FR","@id":"http:\/\/www.phusis.ch\/vins\/accueil\/vins\/millesime-2017\/roche-fleurie-rouge\/#primaryimage","url":"http:\/\/www.phusis.ch\/vins\/wp-content\/uploads\/2019\/06\/Rochettes17.jpg","contentUrl":"http:\/\/www.phusis.ch\/vins\/wp-content\/uploads\/2019\/06\/Rochettes17.jpg","width":1024,"height":768,"caption":"Exif_JPEG_PICTURE"},{"@type":"BreadcrumbList","@id":"http:\/\/www.phusis.ch\/vins\/accueil\/vins\/millesime-2017\/roche-fleurie-rouge\/#breadcrumb","itemListElement":[{"@type":"ListItem","position":1,"name":"Accueil","item":"http:\/\/www.phusis.ch\/vins\/"},{"@type":"ListItem","position":2,"name":"bienvenue sur phusis vins","item":"http:\/\/www.phusis.ch\/vins\/"},{"@type":"ListItem","position":3,"name":"nos vins","item":"https:\/\/www.phusis.ch\/vins\/accueil\/vins\/"},{"@type":"ListItem","position":4,"name":"mill\u00e9sime 2017","item":"https:\/\/www.phusis.ch\/vins\/accueil\/vins\/millesime-2017\/"},{"@type":"ListItem","position":5,"name":"roche fleurie rouge 2017"}]},{"@type":"WebSite","@id":"http:\/\/www.phusis.ch\/vins\/#website","url":"http:\/\/www.phusis.ch\/vins\/","name":"PHUSIS","description":"Phusis | Une exp\u00e9rience du vin","publisher":{"@id":"http:\/\/www.phusis.ch\/vins\/#organization"},"potentialAction":[{"@type":"SearchAction","target":{"@type":"EntryPoint","urlTemplate":"http:\/\/www.phusis.ch\/vins\/?s={search_term_string}"},"query-input":"required name=search_term_string"}],"inLanguage":"fr-FR"},{"@type":"Organization","@id":"http:\/\/www.phusis.ch\/vins\/#organization","name":"PHUSIS","url":"http:\/\/www.phusis.ch\/vins\/","logo":{"@type":"ImageObject","inLanguage":"fr-FR","@id":"http:\/\/www.phusis.ch\/vins\/#\/schema\/logo\/image\/","url":"http:\/\/www.phusis.ch\/vins\/wp-content\/uploads\/2021\/06\/Oiseau-PHUSIS-Transparent-1024x1024-1.png","contentUrl":"http:\/\/www.phusis.ch\/vins\/wp-content\/uploads\/2021\/06\/Oiseau-PHUSIS-Transparent-1024x1024-1.png","width":1024,"height":1024,"caption":"PHUSIS"},"image":{"@id":"http:\/\/www.phusis.ch\/vins\/#\/schema\/logo\/image\/"}}]}},"_links":{"self":[{"href":"http:\/\/www.phusis.ch\/vins\/wp-json\/wp\/v2\/pages\/3804"}],"collection":[{"href":"http:\/\/www.phusis.ch\/vins\/wp-json\/wp\/v2\/pages"}],"about":[{"href":"http:\/\/www.phusis.ch\/vins\/wp-json\/wp\/v2\/types\/page"}],"author":[{"embeddable":true,"href":"http:\/\/www.phusis.ch\/vins\/wp-json\/wp\/v2\/users\/3"}],"replies":[{"embeddable":true,"href":"http:\/\/www.phusis.ch\/vins\/wp-json\/wp\/v2\/comments?post=3804"}],"version-history":[{"count":21,"href":"http:\/\/www.phusis.ch\/vins\/wp-json\/wp\/v2\/pages\/3804\/revisions"}],"predecessor-version":[{"id":11313,"href":"http:\/\/www.phusis.ch\/vins\/wp-json\/wp\/v2\/pages\/3804\/revisions\/11313"}],"up":[{"embeddable":true,"href":"http:\/\/www.phusis.ch\/vins\/wp-json\/wp\/v2\/pages\/3553"}],"wp:featuredmedia":[{"embeddable":true,"href":"http:\/\/www.phusis.ch\/vins\/wp-json\/wp\/v2\/media\/3807"}],"wp:attachment":[{"href":"http:\/\/www.phusis.ch\/vins\/wp-json\/wp\/v2\/media?parent=3804"}],"curies":[{"name":"wp","href":"https:\/\/api.w.org\/{rel}","templated":true}]}}