{"id":385,"date":"2010-05-14T22:47:43","date_gmt":"2010-05-14T20:47:43","guid":{"rendered":"http:\/\/phusis.ch\/phusis\/?page_id=385"},"modified":"2023-03-06T09:21:51","modified_gmt":"2023-03-06T08:21:51","slug":"lieu-de-rencontre","status":"publish","type":"page","link":"http:\/\/www.phusis.ch\/vins\/lieu-de-rencontre\/","title":{"rendered":"lieu de rencontres"},"content":{"rendered":"\t\t<div data-elementor-type=\"wp-page\" data-elementor-id=\"385\" class=\"elementor elementor-385\" data-elementor-post-type=\"page\">\n\t\t\t\t\t\t<section class=\"has_ma_el_bg_slider elementor-section elementor-top-section elementor-element elementor-element-324fecf elementor-section-boxed elementor-section-height-default elementor-section-height-default jltma-glass-effect-no\" data-id=\"324fecf\" data-element_type=\"section\">\n\t\t\t\t\t\t<div class=\"elementor-container elementor-column-gap-default\">\n\t\t\t\t\t<div class=\"has_ma_el_bg_slider elementor-column elementor-col-66 elementor-top-column elementor-element elementor-element-a58aff9 jltma-glass-effect-no\" data-id=\"a58aff9\" data-element_type=\"column\">\n\t\t\t<div class=\"elementor-widget-wrap elementor-element-populated\">\n\t\t\t\t\t\t<div class=\"elementor-element elementor-element-d792bb4 jltma-glass-effect-no elementor-widget elementor-widget-text-editor\" data-id=\"d792bb4\" data-element_type=\"widget\" data-widget_type=\"text-editor.default\">\n\t\t\t\t<div class=\"elementor-widget-container\">\n\t\t\t\t\t\t\t<p>PHUSIS est le lieu de rencontre entre un vigneron, Steve Bettschen, un philosophe-animateur, Michel Herren, et de nombreux amis de divers domaines.<\/p>\n<p>PHUSIS est une gamme de vins et un mouvement philosophique hors des sentiers battus : une lutte pour le bon sens et le bon go\u00fbt, une porte ouverte sur de nouvelles possibilit\u00e9s d\u2019existence.<\/p>\n<p>PHUSIS renoue avec H\u00e9raclite : \u00ab Comprendre est la plus grande excellence, et la sagesse est de dire et produire les choses vraies selon la <em>phusis,<\/em> en l\u2019\u00e9coutant \u00bb (22B 112 DK)<\/p>\n<p>PHUSIS se met \u00e0 l\u2019\u00e9coute des ph\u00e9nom\u00e8nes, accepte d\u2019\u00eatre \u00e0 la merci des forces de vie : les accompagne productivement.<\/p>\t\t\t\t\t\t<\/div>\n\t\t\t\t<\/div>\n\t\t\t\t\t<\/div>\n\t\t<\/div>\n\t\t\t\t<div class=\"has_ma_el_bg_slider elementor-column elementor-col-33 elementor-top-column elementor-element elementor-element-d2f9688 jltma-glass-effect-no\" data-id=\"d2f9688\" data-element_type=\"column\">\n\t\t\t<div class=\"elementor-widget-wrap elementor-element-populated\">\n\t\t\t\t\t\t<div class=\"elementor-element elementor-element-9aa0b33 jltma-glass-effect-no elementor-widget elementor-widget-image\" data-id=\"9aa0b33\" data-element_type=\"widget\" data-widget_type=\"image.default\">\n\t\t\t\t<div class=\"elementor-widget-container\">\n\t\t\t\t\t\t\t\t\t\t<figure class=\"wp-caption\">\n\t\t\t\t\t\t\t\t\t\t<img fetchpriority=\"high\" decoding=\"async\" width=\"300\" height=\"225\" src=\"http:\/\/www.phusis.ch\/vins\/wp-content\/uploads\/2021\/06\/Val-Fedoz-300x225-1.jpg\" class=\"attachment-large size-large wp-image-4581\" alt=\"\" \/>\t\t\t\t\t\t\t\t\t\t\t<figcaption class=\"widget-image-caption wp-caption-text\"><\/figcaption>\n\t\t\t\t\t\t\t\t\t\t<\/figure>\n\t\t\t\t\t\t\t<\/div>\n\t\t\t\t<\/div>\n\t\t\t\t\t<\/div>\n\t\t<\/div>\n\t\t\t\t\t<\/div>\n\t\t<\/section>\n\t\t\t\t<section class=\"has_ma_el_bg_slider elementor-section elementor-top-section elementor-element elementor-element-4db35e1 elementor-section-boxed elementor-section-height-default elementor-section-height-default jltma-glass-effect-no\" data-id=\"4db35e1\" data-element_type=\"section\">\n\t\t\t\t\t\t<div class=\"elementor-container elementor-column-gap-default\">\n\t\t\t\t\t<div class=\"has_ma_el_bg_slider elementor-column elementor-col-100 elementor-top-column elementor-element elementor-element-8411bf1 jltma-glass-effect-no\" data-id=\"8411bf1\" data-element_type=\"column\">\n\t\t\t<div class=\"elementor-widget-wrap elementor-element-populated\">\n\t\t\t\t\t\t<div class=\"elementor-element elementor-element-25c9d5d jltma-glass-effect-no elementor-widget elementor-widget-text-editor\" data-id=\"25c9d5d\" data-element_type=\"widget\" data-widget_type=\"text-editor.default\">\n\t\t\t\t<div class=\"elementor-widget-container\">\n\t\t\t\t\t\t\t<h4><strong>vigneron phusique<\/strong><\/h4><p>Loin de consid\u00e9rer la vigne comme un objet traitable et manipulable \u00e0 sa guise \u2013 maximum de productivit\u00e9 pour un minimum de co\u00fbts \u2013, le vigneron phusique l\u2019\u00e9paule dans son \u00e9volution. Il est un trait d\u2019union, \u00e0 l\u2019\u00e9coute des multiples influences (terrestres, climatiques, solaires, lunaires, astrales, etc.) dont elle est tributaire. Selon les besoins, tant\u00f4t il les stimule, tant\u00f4t les freine. En se gardant d\u2019employer des produits de synth\u00e8se. L&#8217;enjeu est de sentir, comprendre et accompagner les forces qui r\u00e9gissent le monde : se laisser guider par elles pour produire un vin le plus honn\u00eate, authentique et vrai possible, qui fait vibrer chacun de nous.<\/p><p>D&#8217;o\u00f9 provient le terme \u00ab phusis \u00bb ? Vous trouverez la r\u00e9ponse <a href=\"https:\/\/www.phusis.ch\/vins\/phusis-nom\/le-terme-phusis\/\"><strong>ici<\/strong><\/a><strong>.<\/strong><br \/>La d\u00e9couverte et pr\u00e9sentation du mouvement phusique se trouvent <strong><a href=\"https:\/\/www.phusis.ch\/vins\/phusis-nom\/noyau-theorique\/\">l\u00e0<\/a><\/strong>.<\/p>\t\t\t\t\t\t<\/div>\n\t\t\t\t<\/div>\n\t\t\t\t\t<\/div>\n\t\t<\/div>\n\t\t\t\t\t<\/div>\n\t\t<\/section>\n\t\t\t\t<\/div>\n\t\t\n\t\t\t<div style=\"clear: both; float: none;\" class=\"ratepost-clear\"><\/div>\n\t\t\t<div id=\"ratepost-385\" class=\"ratepost\" rel=\"3\">\n\t\t\t\t\t<span class=\"rating3\"><div class=\"star1\" rel=\"1\"><\/div><div class=\"star2\" rel=\"2\"><\/div><div class=\"star3\" rel=\"3\"><\/div><div class=\"star4\" rel=\"4\"><\/div><div class=\"star5\" rel=\"5\"><\/div><\/span>\n\t\t\t\t<div class=\"status-info\"><\/div>\n\t\t<\/div><div style=\"clear: both; float: none;\" class=\"ratepost-clear\"><\/div>","protected":false},"excerpt":{"rendered":"<p>PHUSIS est le lieu de rencontre entre un vigneron, Steve Bettschen, un philosophe-animateur, Michel Herren, et de nombreux amis de divers domaines. PHUSIS est une gamme de vins et un mouvement philosophique hors des sentiers battus : une lutte pour le bon sens et le bon go\u00fbt, une porte ouverte sur de nouvelles possibilit\u00e9s d\u2019existence. [&hellip;]<\/p>\n","protected":false},"author":6,"featured_media":4581,"parent":0,"menu_order":0,"comment_status":"open","ping_status":"closed","template":"","meta":{"_monsterinsights_skip_tracking":false,"_monsterinsights_sitenote_active":false,"_monsterinsights_sitenote_note":"","_monsterinsights_sitenote_category":0,"footnotes":""},"yoast_head":"<!-- This site is optimized with the Yoast SEO plugin v22.8 - https:\/\/yoast.com\/wordpress\/plugins\/seo\/ -->\n<title>lieu de rencontres - PHUSIS<\/title>\n<meta name=\"robots\" content=\"index, follow, max-snippet:-1, max-image-preview:large, max-video-preview:-1\" \/>\n<link rel=\"canonical\" href=\"https:\/\/www.phusis.ch\/vins\/lieu-de-rencontre\/\" \/>\n<meta property=\"og:locale\" content=\"fr_FR\" \/>\n<meta property=\"og:type\" content=\"article\" \/>\n<meta property=\"og:title\" content=\"lieu de rencontres - PHUSIS\" \/>\n<meta property=\"og:description\" content=\"PHUSIS est le lieu de rencontre entre un vigneron, Steve Bettschen, un philosophe-animateur, Michel Herren, et de nombreux amis de divers domaines. PHUSIS est une gamme de vins et un mouvement philosophique hors des sentiers battus : une lutte pour le bon sens et le bon go\u00fbt, une porte ouverte sur de nouvelles possibilit\u00e9s d\u2019existence. [&hellip;]\" \/>\n<meta property=\"og:url\" content=\"https:\/\/www.phusis.ch\/vins\/lieu-de-rencontre\/\" \/>\n<meta property=\"og:site_name\" content=\"PHUSIS\" \/>\n<meta property=\"article:modified_time\" content=\"2023-03-06T08:21:51+00:00\" \/>\n<meta property=\"og:image\" content=\"https:\/\/www.phusis.ch\/vins\/wp-content\/uploads\/2021\/06\/Val-Fedoz-300x225-1.jpg\" \/>\n\t<meta property=\"og:image:width\" content=\"300\" \/>\n\t<meta property=\"og:image:height\" content=\"225\" \/>\n\t<meta property=\"og:image:type\" content=\"image\/jpeg\" \/>\n<meta name=\"twitter:card\" content=\"summary_large_image\" \/>\n<meta name=\"twitter:label1\" content=\"Dur\u00e9e de lecture estim\u00e9e\" \/>\n\t<meta name=\"twitter:data1\" content=\"2 minutes\" \/>\n<script type=\"application\/ld+json\" class=\"yoast-schema-graph\">{\"@context\":\"https:\/\/schema.org\",\"@graph\":[{\"@type\":\"WebPage\",\"@id\":\"https:\/\/www.phusis.ch\/vins\/lieu-de-rencontre\/\",\"url\":\"https:\/\/www.phusis.ch\/vins\/lieu-de-rencontre\/\",\"name\":\"lieu de rencontres - PHUSIS\",\"isPartOf\":{\"@id\":\"http:\/\/www.phusis.ch\/vins\/#website\"},\"primaryImageOfPage\":{\"@id\":\"https:\/\/www.phusis.ch\/vins\/lieu-de-rencontre\/#primaryimage\"},\"image\":{\"@id\":\"https:\/\/www.phusis.ch\/vins\/lieu-de-rencontre\/#primaryimage\"},\"thumbnailUrl\":\"http:\/\/www.phusis.ch\/vins\/wp-content\/uploads\/2021\/06\/Val-Fedoz-300x225-1.jpg\",\"datePublished\":\"2010-05-14T20:47:43+00:00\",\"dateModified\":\"2023-03-06T08:21:51+00:00\",\"breadcrumb\":{\"@id\":\"https:\/\/www.phusis.ch\/vins\/lieu-de-rencontre\/#breadcrumb\"},\"inLanguage\":\"fr-FR\",\"potentialAction\":[{\"@type\":\"ReadAction\",\"target\":[\"https:\/\/www.phusis.ch\/vins\/lieu-de-rencontre\/\"]}]},{\"@type\":\"ImageObject\",\"inLanguage\":\"fr-FR\",\"@id\":\"https:\/\/www.phusis.ch\/vins\/lieu-de-rencontre\/#primaryimage\",\"url\":\"http:\/\/www.phusis.ch\/vins\/wp-content\/uploads\/2021\/06\/Val-Fedoz-300x225-1.jpg\",\"contentUrl\":\"http:\/\/www.phusis.ch\/vins\/wp-content\/uploads\/2021\/06\/Val-Fedoz-300x225-1.jpg\",\"width\":300,\"height\":225},{\"@type\":\"BreadcrumbList\",\"@id\":\"https:\/\/www.phusis.ch\/vins\/lieu-de-rencontre\/#breadcrumb\",\"itemListElement\":[{\"@type\":\"ListItem\",\"position\":1,\"name\":\"Accueil\",\"item\":\"http:\/\/www.phusis.ch\/vins\/\"},{\"@type\":\"ListItem\",\"position\":2,\"name\":\"lieu de rencontres\"}]},{\"@type\":\"WebSite\",\"@id\":\"http:\/\/www.phusis.ch\/vins\/#website\",\"url\":\"http:\/\/www.phusis.ch\/vins\/\",\"name\":\"PHUSIS\",\"description\":\"Phusis | Une exp\u00e9rience du vin\",\"publisher\":{\"@id\":\"http:\/\/www.phusis.ch\/vins\/#organization\"},\"potentialAction\":[{\"@type\":\"SearchAction\",\"target\":{\"@type\":\"EntryPoint\",\"urlTemplate\":\"http:\/\/www.phusis.ch\/vins\/?s={search_term_string}\"},\"query-input\":\"required name=search_term_string\"}],\"inLanguage\":\"fr-FR\"},{\"@type\":\"Organization\",\"@id\":\"http:\/\/www.phusis.ch\/vins\/#organization\",\"name\":\"PHUSIS\",\"url\":\"http:\/\/www.phusis.ch\/vins\/\",\"logo\":{\"@type\":\"ImageObject\",\"inLanguage\":\"fr-FR\",\"@id\":\"http:\/\/www.phusis.ch\/vins\/#\/schema\/logo\/image\/\",\"url\":\"http:\/\/www.phusis.ch\/vins\/wp-content\/uploads\/2021\/06\/Oiseau-PHUSIS-Transparent-1024x1024-1.png\",\"contentUrl\":\"http:\/\/www.phusis.ch\/vins\/wp-content\/uploads\/2021\/06\/Oiseau-PHUSIS-Transparent-1024x1024-1.png\",\"width\":1024,\"height\":1024,\"caption\":\"PHUSIS\"},\"image\":{\"@id\":\"http:\/\/www.phusis.ch\/vins\/#\/schema\/logo\/image\/\"}}]}<\/script>\n<!-- \/ Yoast SEO plugin. -->","yoast_head_json":{"title":"lieu de rencontres - PHUSIS","robots":{"index":"index","follow":"follow","max-snippet":"max-snippet:-1","max-image-preview":"max-image-preview:large","max-video-preview":"max-video-preview:-1"},"canonical":"https:\/\/www.phusis.ch\/vins\/lieu-de-rencontre\/","og_locale":"fr_FR","og_type":"article","og_title":"lieu de rencontres - PHUSIS","og_description":"PHUSIS est le lieu de rencontre entre un vigneron, Steve Bettschen, un philosophe-animateur, Michel Herren, et de nombreux amis de divers domaines. PHUSIS est une gamme de vins et un mouvement philosophique hors des sentiers battus : une lutte pour le bon sens et le bon go\u00fbt, une porte ouverte sur de nouvelles possibilit\u00e9s d\u2019existence. [&hellip;]","og_url":"https:\/\/www.phusis.ch\/vins\/lieu-de-rencontre\/","og_site_name":"PHUSIS","article_modified_time":"2023-03-06T08:21:51+00:00","og_image":[{"width":300,"height":225,"url":"https:\/\/www.phusis.ch\/vins\/wp-content\/uploads\/2021\/06\/Val-Fedoz-300x225-1.jpg","type":"image\/jpeg"}],"twitter_card":"summary_large_image","twitter_misc":{"Dur\u00e9e de lecture estim\u00e9e":"2 minutes"},"schema":{"@context":"https:\/\/schema.org","@graph":[{"@type":"WebPage","@id":"https:\/\/www.phusis.ch\/vins\/lieu-de-rencontre\/","url":"https:\/\/www.phusis.ch\/vins\/lieu-de-rencontre\/","name":"lieu de rencontres - PHUSIS","isPartOf":{"@id":"http:\/\/www.phusis.ch\/vins\/#website"},"primaryImageOfPage":{"@id":"https:\/\/www.phusis.ch\/vins\/lieu-de-rencontre\/#primaryimage"},"image":{"@id":"https:\/\/www.phusis.ch\/vins\/lieu-de-rencontre\/#primaryimage"},"thumbnailUrl":"http:\/\/www.phusis.ch\/vins\/wp-content\/uploads\/2021\/06\/Val-Fedoz-300x225-1.jpg","datePublished":"2010-05-14T20:47:43+00:00","dateModified":"2023-03-06T08:21:51+00:00","breadcrumb":{"@id":"https:\/\/www.phusis.ch\/vins\/lieu-de-rencontre\/#breadcrumb"},"inLanguage":"fr-FR","potentialAction":[{"@type":"ReadAction","target":["https:\/\/www.phusis.ch\/vins\/lieu-de-rencontre\/"]}]},{"@type":"ImageObject","inLanguage":"fr-FR","@id":"https:\/\/www.phusis.ch\/vins\/lieu-de-rencontre\/#primaryimage","url":"http:\/\/www.phusis.ch\/vins\/wp-content\/uploads\/2021\/06\/Val-Fedoz-300x225-1.jpg","contentUrl":"http:\/\/www.phusis.ch\/vins\/wp-content\/uploads\/2021\/06\/Val-Fedoz-300x225-1.jpg","width":300,"height":225},{"@type":"BreadcrumbList","@id":"https:\/\/www.phusis.ch\/vins\/lieu-de-rencontre\/#breadcrumb","itemListElement":[{"@type":"ListItem","position":1,"name":"Accueil","item":"http:\/\/www.phusis.ch\/vins\/"},{"@type":"ListItem","position":2,"name":"lieu de rencontres"}]},{"@type":"WebSite","@id":"http:\/\/www.phusis.ch\/vins\/#website","url":"http:\/\/www.phusis.ch\/vins\/","name":"PHUSIS","description":"Phusis | Une exp\u00e9rience du vin","publisher":{"@id":"http:\/\/www.phusis.ch\/vins\/#organization"},"potentialAction":[{"@type":"SearchAction","target":{"@type":"EntryPoint","urlTemplate":"http:\/\/www.phusis.ch\/vins\/?s={search_term_string}"},"query-input":"required name=search_term_string"}],"inLanguage":"fr-FR"},{"@type":"Organization","@id":"http:\/\/www.phusis.ch\/vins\/#organization","name":"PHUSIS","url":"http:\/\/www.phusis.ch\/vins\/","logo":{"@type":"ImageObject","inLanguage":"fr-FR","@id":"http:\/\/www.phusis.ch\/vins\/#\/schema\/logo\/image\/","url":"http:\/\/www.phusis.ch\/vins\/wp-content\/uploads\/2021\/06\/Oiseau-PHUSIS-Transparent-1024x1024-1.png","contentUrl":"http:\/\/www.phusis.ch\/vins\/wp-content\/uploads\/2021\/06\/Oiseau-PHUSIS-Transparent-1024x1024-1.png","width":1024,"height":1024,"caption":"PHUSIS"},"image":{"@id":"http:\/\/www.phusis.ch\/vins\/#\/schema\/logo\/image\/"}}]}},"_links":{"self":[{"href":"http:\/\/www.phusis.ch\/vins\/wp-json\/wp\/v2\/pages\/385"}],"collection":[{"href":"http:\/\/www.phusis.ch\/vins\/wp-json\/wp\/v2\/pages"}],"about":[{"href":"http:\/\/www.phusis.ch\/vins\/wp-json\/wp\/v2\/types\/page"}],"author":[{"embeddable":true,"href":"http:\/\/www.phusis.ch\/vins\/wp-json\/wp\/v2\/users\/6"}],"replies":[{"embeddable":true,"href":"http:\/\/www.phusis.ch\/vins\/wp-json\/wp\/v2\/comments?post=385"}],"version-history":[{"count":33,"href":"http:\/\/www.phusis.ch\/vins\/wp-json\/wp\/v2\/pages\/385\/revisions"}],"predecessor-version":[{"id":11375,"href":"http:\/\/www.phusis.ch\/vins\/wp-json\/wp\/v2\/pages\/385\/revisions\/11375"}],"wp:featuredmedia":[{"embeddable":true,"href":"http:\/\/www.phusis.ch\/vins\/wp-json\/wp\/v2\/media\/4581"}],"wp:attachment":[{"href":"http:\/\/www.phusis.ch\/vins\/wp-json\/wp\/v2\/media?parent=385"}],"curies":[{"name":"wp","href":"https:\/\/api.w.org\/{rel}","templated":true}]}}