{"id":4089,"date":"2020-11-17T08:29:28","date_gmt":"2020-11-17T07:29:28","guid":{"rendered":"http:\/\/www.phusis.ch\/steve\/?page_id=4089"},"modified":"2024-02-25T10:54:04","modified_gmt":"2024-02-25T09:54:04","slug":"arvine-eszencia-2012","status":"publish","type":"page","link":"http:\/\/www.phusis.ch\/vins\/accueil\/vins\/phusis-6-2012\/arvine-eszencia-2012\/","title":{"rendered":"arvine vieille vigne sur falaise eszencia 2012"},"content":{"rendered":"\t\t<div data-elementor-type=\"wp-page\" data-elementor-id=\"4089\" class=\"elementor elementor-4089\" data-elementor-post-type=\"page\">\n\t\t\t\t\t\t<section class=\"has_ma_el_bg_slider elementor-section elementor-top-section elementor-element elementor-element-12c22752 elementor-section-boxed elementor-section-height-default elementor-section-height-default jltma-glass-effect-no\" data-id=\"12c22752\" data-element_type=\"section\">\n\t\t\t\t\t\t<div class=\"elementor-container elementor-column-gap-default\">\n\t\t\t\t\t<div class=\"has_ma_el_bg_slider elementor-column elementor-col-100 elementor-top-column elementor-element elementor-element-13638ba4 jltma-glass-effect-no\" data-id=\"13638ba4\" data-element_type=\"column\">\n\t\t\t<div class=\"elementor-widget-wrap elementor-element-populated\">\n\t\t\t\t\t\t<section class=\"has_ma_el_bg_slider elementor-section elementor-inner-section elementor-element elementor-element-226d96d2 elementor-section-boxed elementor-section-height-default elementor-section-height-default jltma-glass-effect-no\" data-id=\"226d96d2\" data-element_type=\"section\">\n\t\t\t\t\t\t<div class=\"elementor-container elementor-column-gap-default\">\n\t\t\t\t\t<div class=\"has_ma_el_bg_slider elementor-column elementor-col-33 elementor-inner-column elementor-element elementor-element-24ed2478 jltma-glass-effect-no\" data-id=\"24ed2478\" data-element_type=\"column\">\n\t\t\t<div class=\"elementor-widget-wrap elementor-element-populated\">\n\t\t\t\t\t\t<div class=\"elementor-element elementor-element-55b5a894 jltma-glass-effect-no elementor-widget elementor-widget-counter\" data-id=\"55b5a894\" data-element_type=\"widget\" data-widget_type=\"counter.default\">\n\t\t\t\t<div class=\"elementor-widget-container\">\n\t\t\t\t\t<div class=\"elementor-counter\">\n\t\t\t<div class=\"elementor-counter-title\">demi-bouteilles<\/div>\t\t\t<div class=\"elementor-counter-number-wrapper\">\n\t\t\t\t<span class=\"elementor-counter-number-prefix\"><\/span>\n\t\t\t\t<span class=\"elementor-counter-number\" data-duration=\"2000\" data-to-value=\"201\" data-from-value=\"0\" data-delimiter=\",\">0<\/span>\n\t\t\t\t<span class=\"elementor-counter-number-suffix\"><\/span>\n\t\t\t<\/div>\n\t\t<\/div>\n\t\t\t\t<\/div>\n\t\t\t\t<\/div>\n\t\t\t\t<div class=\"elementor-element elementor-element-4d607e88 jltma-glass-effect-no elementor-widget elementor-widget-text-editor\" data-id=\"4d607e88\" data-element_type=\"widget\" data-widget_type=\"text-editor.default\">\n\t\t\t\t<div class=\"elementor-widget-container\">\n\t\t\t\t\t\t\t<p><strong>C\u00e9page :<\/strong>\u00a0Petite Arvine<br \/><strong>D\u00e9gustation :<\/strong> 8 \u00e0 10\u00b0C<br \/><strong>Long\u00e9vit\u00e9<\/strong><strong> :<\/strong> 2020-2100<br \/><strong>Prix :<\/strong>\u00a090.-\/demi-bt (\u00e9puis\u00e9)<\/p><h4><strong>Origine<\/strong><\/h4><p>Cette cuv\u00e9e est issue de notre vigne de Sensine, \u00e0 Conthey, en Valais. Plus d\u2019informations concernant les vins PHUSIS<span style=\"color: #000000;\"> <strong><a style=\"color: #000000;\" href=\"https:\/\/www.phusis.ch\/steve\/les-vignes\/\">ici<\/a><\/strong><\/span>.<\/p><h4><span style=\"font-weight: bolder;\">Notes de d\u00e9gustation<\/span><\/h4><p>Robe fonc\u00e9e, de couleur ambre. Nez tr\u00e8s profond, complexe, myst\u00e9rieux\u00a0: bois pr\u00e9cieux, \u00e9corces d\u2019agrumes, th\u00e9 noir, raisins secs, figues, \u00e9pices orientales\u2026 Entr\u00e9e en bouche formidablement dense et visqueuse. Corps \u00e0 la fois hyper riche et tr\u00e8s tonique. L\u2019immense sucrosit\u00e9 est men\u00e9e par une grande acidit\u00e9 qui \u00e9quilibre parfaitement l\u2019ensemble. La finale est explosive, franche, d\u2019une r\u00e9tro-olfaction\u00a0 interminable\u2026 (ao\u00fbt 2020).<\/p>\t\t\t\t\t\t<\/div>\n\t\t\t\t<\/div>\n\t\t\t\t\t<\/div>\n\t\t<\/div>\n\t\t\t\t<div class=\"has_ma_el_bg_slider elementor-column elementor-col-33 elementor-inner-column elementor-element elementor-element-381a8ec5 jltma-glass-effect-no\" data-id=\"381a8ec5\" data-element_type=\"column\">\n\t\t\t<div class=\"elementor-widget-wrap elementor-element-populated\">\n\t\t\t\t\t\t<div class=\"elementor-element elementor-element-191df3d0 jltma-glass-effect-no elementor-widget elementor-widget-image\" data-id=\"191df3d0\" data-element_type=\"widget\" data-widget_type=\"image.default\">\n\t\t\t\t<div class=\"elementor-widget-container\">\n\t\t\t\t\t\t\t\t\t\t\t\t\t<img fetchpriority=\"high\" decoding=\"async\" width=\"493\" height=\"2703\" src=\"http:\/\/www.phusis.ch\/vins\/wp-content\/uploads\/2024\/01\/Fiche-vin-liquoreux.png\" class=\"attachment-full size-full wp-image-12240\" alt=\"\" srcset=\"http:\/\/www.phusis.ch\/vins\/wp-content\/uploads\/2024\/01\/Fiche-vin-liquoreux.png 493w, http:\/\/www.phusis.ch\/vins\/wp-content\/uploads\/2024\/01\/Fiche-vin-liquoreux-187x1024.png 187w, http:\/\/www.phusis.ch\/vins\/wp-content\/uploads\/2024\/01\/Fiche-vin-liquoreux-280x1536.png 280w\" sizes=\"(max-width: 493px) 100vw, 493px\" \/>\t\t\t\t\t\t\t\t\t\t\t\t\t<\/div>\n\t\t\t\t<\/div>\n\t\t\t\t\t<\/div>\n\t\t<\/div>\n\t\t\t\t<div class=\"has_ma_el_bg_slider elementor-column elementor-col-33 elementor-inner-column elementor-element elementor-element-666204dc jltma-glass-effect-no\" data-id=\"666204dc\" data-element_type=\"column\">\n\t\t\t<div class=\"elementor-widget-wrap elementor-element-populated\">\n\t\t\t\t\t\t<div class=\"elementor-element elementor-element-293867a9 jltma-glass-effect-no elementor-widget elementor-widget-text-editor\" data-id=\"293867a9\" data-element_type=\"widget\" data-widget_type=\"text-editor.default\">\n\t\t\t\t<div class=\"elementor-widget-container\">\n\t\t\t\t\t\t\t<h4><span style=\"font-weight: bolder;\">Suggestions d&#8217;accords<\/span><\/h4><p style=\"font-family: 'Open Sans'; font-size: 15px; font-weight: 400;\">Le vrai vin de conversation ou de m\u00e9ditation qui se suffit \u00e0 lui-m\u00eame.<\/p><h4>vendange et vinification<\/h4><p>Le mill\u00e9sime 2012 est marqu\u00e9 par un bon d\u00e9but de vendange propice aux c\u00e9pages pr\u00e9coces. Puis le temps change et l\u2019humidit\u00e9 arrive. Cet \u00e9pisode est heureusement assez court et le beau revient. Avec pour effet de concentrer les grappes caill\u00e9es et attaqu\u00e9es par la pourriture noble. Ainsi, le 26 octobre, 165 kg de raisins 100 % botrytis\u00e9s sont vendang\u00e9s (ils avaient \u00e9t\u00e9 laiss\u00e9s sur les ceps lors de la vendange du vin sec, le 5 octobre 2012).<\/p><p>Le mo\u00fbt affiche 225 \u00b0Oe et fermente pour partie dans un petit f\u00fbt de ch\u00eane neuf de 54 litres et pour partie sous verre. Ce jus prodigieusement sucr\u00e9, fruit\u00e9, intense et acide doit s\u2019\u00e9quilibrer et se faire lors d\u2019un tr\u00e8s long \u00e9levage qui va durer quasiment 8 ans. La mise en bouteille se fait fin ao\u00fbt 2020, sans filtration.<\/p>\t\t\t\t\t\t<\/div>\n\t\t\t\t<\/div>\n\t\t\t\t\t<\/div>\n\t\t<\/div>\n\t\t\t\t\t<\/div>\n\t\t<\/section>\n\t\t\t\t\t<\/div>\n\t\t<\/div>\n\t\t\t\t\t<\/div>\n\t\t<\/section>\n\t\t\t\t<section class=\"has_ma_el_bg_slider elementor-section elementor-top-section elementor-element elementor-element-1a16bf15 elementor-section-boxed elementor-section-height-default elementor-section-height-default jltma-glass-effect-no\" data-id=\"1a16bf15\" data-element_type=\"section\">\n\t\t\t\t\t\t<div class=\"elementor-container elementor-column-gap-default\">\n\t\t\t\t\t<div class=\"has_ma_el_bg_slider elementor-column elementor-col-100 elementor-top-column elementor-element elementor-element-5fbe30eb jltma-glass-effect-no\" data-id=\"5fbe30eb\" data-element_type=\"column\">\n\t\t\t<div class=\"elementor-widget-wrap\">\n\t\t\t\t\t\t\t<\/div>\n\t\t<\/div>\n\t\t\t\t\t<\/div>\n\t\t<\/section>\n\t\t\t\t<\/div>\n\t\t\n\t\t\t<div style=\"clear: both; float: none;\" class=\"ratepost-clear\"><\/div>\n\t\t\t<div id=\"ratepost-4089\" class=\"ratepost\" rel=\"3\">\n\t\t\t\t\t<span class=\"rating3\"><div class=\"star1\" rel=\"1\"><\/div><div class=\"star2\" rel=\"2\"><\/div><div class=\"star3\" rel=\"3\"><\/div><div class=\"star4\" rel=\"4\"><\/div><div class=\"star5\" rel=\"5\"><\/div><\/span>\n\t\t\t\t<div class=\"status-info\"><\/div>\n\t\t<\/div><div style=\"clear: both; float: none;\" class=\"ratepost-clear\"><\/div>","protected":false},"excerpt":{"rendered":"<p>0 demi-bouteilles C\u00e9page :\u00a0Petite ArvineD\u00e9gustation : 8 \u00e0 10\u00b0CLong\u00e9vit\u00e9 : 2020-2100Prix :\u00a090.-\/demi-bt (\u00e9puis\u00e9) Origine Cette cuv\u00e9e est issue de notre vigne de Sensine, \u00e0 Conthey, en Valais. Plus d\u2019informations concernant les vins PHUSIS ici. Notes de d\u00e9gustation Robe fonc\u00e9e, de couleur ambre. Nez tr\u00e8s profond, complexe, myst\u00e9rieux\u00a0: bois pr\u00e9cieux, \u00e9corces d\u2019agrumes, th\u00e9 noir, raisins secs, [&hellip;]<\/p>\n","protected":false},"author":3,"featured_media":4122,"parent":2081,"menu_order":13,"comment_status":"closed","ping_status":"closed","template":"elementor_theme","meta":{"_monsterinsights_skip_tracking":false,"_monsterinsights_sitenote_active":false,"_monsterinsights_sitenote_note":"","_monsterinsights_sitenote_category":0,"footnotes":""},"yoast_head":"<!-- This site is optimized with the Yoast SEO plugin v22.8 - https:\/\/yoast.com\/wordpress\/plugins\/seo\/ -->\n<title>arvine vieille vigne sur falaise eszencia 2012 - PHUSIS<\/title>\n<meta name=\"robots\" content=\"index, follow, max-snippet:-1, max-image-preview:large, max-video-preview:-1\" \/>\n<link rel=\"canonical\" href=\"https:\/\/www.phusis.ch\/vins\/accueil\/vins\/phusis-6-2012\/arvine-eszencia-2012\/\" \/>\n<meta property=\"og:locale\" content=\"fr_FR\" \/>\n<meta property=\"og:type\" content=\"article\" \/>\n<meta property=\"og:title\" content=\"arvine vieille vigne sur falaise eszencia 2012 - PHUSIS\" \/>\n<meta property=\"og:description\" content=\"0 demi-bouteilles C\u00e9page :\u00a0Petite ArvineD\u00e9gustation : 8 \u00e0 10\u00b0CLong\u00e9vit\u00e9 : 2020-2100Prix :\u00a090.-\/demi-bt (\u00e9puis\u00e9) Origine Cette cuv\u00e9e est issue de notre vigne de Sensine, \u00e0 Conthey, en Valais. Plus d\u2019informations concernant les vins PHUSIS ici. Notes de d\u00e9gustation Robe fonc\u00e9e, de couleur ambre. Nez tr\u00e8s profond, complexe, myst\u00e9rieux\u00a0: bois pr\u00e9cieux, \u00e9corces d\u2019agrumes, th\u00e9 noir, raisins secs, [&hellip;]\" \/>\n<meta property=\"og:url\" content=\"https:\/\/www.phusis.ch\/vins\/accueil\/vins\/phusis-6-2012\/arvine-eszencia-2012\/\" \/>\n<meta property=\"og:site_name\" content=\"PHUSIS\" \/>\n<meta property=\"article:modified_time\" content=\"2024-02-25T09:54:04+00:00\" \/>\n<meta property=\"og:image\" content=\"https:\/\/www.phusis.ch\/vins\/wp-content\/uploads\/2020\/11\/Eszencia-1.jpg\" \/>\n\t<meta property=\"og:image:width\" content=\"800\" \/>\n\t<meta property=\"og:image:height\" content=\"600\" \/>\n\t<meta property=\"og:image:type\" content=\"image\/jpeg\" \/>\n<meta name=\"twitter:card\" content=\"summary_large_image\" \/>\n<meta name=\"twitter:label1\" content=\"Dur\u00e9e de lecture estim\u00e9e\" \/>\n\t<meta name=\"twitter:data1\" content=\"2 minutes\" \/>\n<script type=\"application\/ld+json\" class=\"yoast-schema-graph\">{\"@context\":\"https:\/\/schema.org\",\"@graph\":[{\"@type\":\"WebPage\",\"@id\":\"https:\/\/www.phusis.ch\/vins\/accueil\/vins\/phusis-6-2012\/arvine-eszencia-2012\/\",\"url\":\"https:\/\/www.phusis.ch\/vins\/accueil\/vins\/phusis-6-2012\/arvine-eszencia-2012\/\",\"name\":\"arvine vieille vigne sur falaise eszencia 2012 - PHUSIS\",\"isPartOf\":{\"@id\":\"http:\/\/www.phusis.ch\/vins\/#website\"},\"primaryImageOfPage\":{\"@id\":\"https:\/\/www.phusis.ch\/vins\/accueil\/vins\/phusis-6-2012\/arvine-eszencia-2012\/#primaryimage\"},\"image\":{\"@id\":\"https:\/\/www.phusis.ch\/vins\/accueil\/vins\/phusis-6-2012\/arvine-eszencia-2012\/#primaryimage\"},\"thumbnailUrl\":\"http:\/\/www.phusis.ch\/vins\/wp-content\/uploads\/2020\/11\/Eszencia-1.jpg\",\"datePublished\":\"2020-11-17T07:29:28+00:00\",\"dateModified\":\"2024-02-25T09:54:04+00:00\",\"breadcrumb\":{\"@id\":\"https:\/\/www.phusis.ch\/vins\/accueil\/vins\/phusis-6-2012\/arvine-eszencia-2012\/#breadcrumb\"},\"inLanguage\":\"fr-FR\",\"potentialAction\":[{\"@type\":\"ReadAction\",\"target\":[\"https:\/\/www.phusis.ch\/vins\/accueil\/vins\/phusis-6-2012\/arvine-eszencia-2012\/\"]}]},{\"@type\":\"ImageObject\",\"inLanguage\":\"fr-FR\",\"@id\":\"https:\/\/www.phusis.ch\/vins\/accueil\/vins\/phusis-6-2012\/arvine-eszencia-2012\/#primaryimage\",\"url\":\"http:\/\/www.phusis.ch\/vins\/wp-content\/uploads\/2020\/11\/Eszencia-1.jpg\",\"contentUrl\":\"http:\/\/www.phusis.ch\/vins\/wp-content\/uploads\/2020\/11\/Eszencia-1.jpg\",\"width\":800,\"height\":600,\"caption\":\"Exif_JPEG_PICTURE\"},{\"@type\":\"BreadcrumbList\",\"@id\":\"https:\/\/www.phusis.ch\/vins\/accueil\/vins\/phusis-6-2012\/arvine-eszencia-2012\/#breadcrumb\",\"itemListElement\":[{\"@type\":\"ListItem\",\"position\":1,\"name\":\"Accueil\",\"item\":\"http:\/\/www.phusis.ch\/vins\/\"},{\"@type\":\"ListItem\",\"position\":2,\"name\":\"bienvenue sur phusis vins\",\"item\":\"http:\/\/www.phusis.ch\/vins\/\"},{\"@type\":\"ListItem\",\"position\":3,\"name\":\"nos vins\",\"item\":\"https:\/\/www.phusis.ch\/vins\/accueil\/vins\/\"},{\"@type\":\"ListItem\",\"position\":4,\"name\":\"mill\u00e9sime 2012\",\"item\":\"http:\/\/www.phusis.ch\/vins\/accueil\/vins\/phusis-6-2012\/\"},{\"@type\":\"ListItem\",\"position\":5,\"name\":\"arvine vieille vigne sur falaise eszencia 2012\"}]},{\"@type\":\"WebSite\",\"@id\":\"http:\/\/www.phusis.ch\/vins\/#website\",\"url\":\"http:\/\/www.phusis.ch\/vins\/\",\"name\":\"PHUSIS\",\"description\":\"Phusis | Une exp\u00e9rience du vin\",\"publisher\":{\"@id\":\"http:\/\/www.phusis.ch\/vins\/#organization\"},\"potentialAction\":[{\"@type\":\"SearchAction\",\"target\":{\"@type\":\"EntryPoint\",\"urlTemplate\":\"http:\/\/www.phusis.ch\/vins\/?s={search_term_string}\"},\"query-input\":\"required name=search_term_string\"}],\"inLanguage\":\"fr-FR\"},{\"@type\":\"Organization\",\"@id\":\"http:\/\/www.phusis.ch\/vins\/#organization\",\"name\":\"PHUSIS\",\"url\":\"http:\/\/www.phusis.ch\/vins\/\",\"logo\":{\"@type\":\"ImageObject\",\"inLanguage\":\"fr-FR\",\"@id\":\"http:\/\/www.phusis.ch\/vins\/#\/schema\/logo\/image\/\",\"url\":\"http:\/\/www.phusis.ch\/vins\/wp-content\/uploads\/2021\/06\/Oiseau-PHUSIS-Transparent-1024x1024-1.png\",\"contentUrl\":\"http:\/\/www.phusis.ch\/vins\/wp-content\/uploads\/2021\/06\/Oiseau-PHUSIS-Transparent-1024x1024-1.png\",\"width\":1024,\"height\":1024,\"caption\":\"PHUSIS\"},\"image\":{\"@id\":\"http:\/\/www.phusis.ch\/vins\/#\/schema\/logo\/image\/\"}}]}<\/script>\n<!-- \/ Yoast SEO plugin. -->","yoast_head_json":{"title":"arvine vieille vigne sur falaise eszencia 2012 - PHUSIS","robots":{"index":"index","follow":"follow","max-snippet":"max-snippet:-1","max-image-preview":"max-image-preview:large","max-video-preview":"max-video-preview:-1"},"canonical":"https:\/\/www.phusis.ch\/vins\/accueil\/vins\/phusis-6-2012\/arvine-eszencia-2012\/","og_locale":"fr_FR","og_type":"article","og_title":"arvine vieille vigne sur falaise eszencia 2012 - PHUSIS","og_description":"0 demi-bouteilles C\u00e9page :\u00a0Petite ArvineD\u00e9gustation : 8 \u00e0 10\u00b0CLong\u00e9vit\u00e9 : 2020-2100Prix :\u00a090.-\/demi-bt (\u00e9puis\u00e9) Origine Cette cuv\u00e9e est issue de notre vigne de Sensine, \u00e0 Conthey, en Valais. Plus d\u2019informations concernant les vins PHUSIS ici. Notes de d\u00e9gustation Robe fonc\u00e9e, de couleur ambre. Nez tr\u00e8s profond, complexe, myst\u00e9rieux\u00a0: bois pr\u00e9cieux, \u00e9corces d\u2019agrumes, th\u00e9 noir, raisins secs, [&hellip;]","og_url":"https:\/\/www.phusis.ch\/vins\/accueil\/vins\/phusis-6-2012\/arvine-eszencia-2012\/","og_site_name":"PHUSIS","article_modified_time":"2024-02-25T09:54:04+00:00","og_image":[{"width":800,"height":600,"url":"https:\/\/www.phusis.ch\/vins\/wp-content\/uploads\/2020\/11\/Eszencia-1.jpg","type":"image\/jpeg"}],"twitter_card":"summary_large_image","twitter_misc":{"Dur\u00e9e de lecture estim\u00e9e":"2 minutes"},"schema":{"@context":"https:\/\/schema.org","@graph":[{"@type":"WebPage","@id":"https:\/\/www.phusis.ch\/vins\/accueil\/vins\/phusis-6-2012\/arvine-eszencia-2012\/","url":"https:\/\/www.phusis.ch\/vins\/accueil\/vins\/phusis-6-2012\/arvine-eszencia-2012\/","name":"arvine vieille vigne sur falaise eszencia 2012 - PHUSIS","isPartOf":{"@id":"http:\/\/www.phusis.ch\/vins\/#website"},"primaryImageOfPage":{"@id":"https:\/\/www.phusis.ch\/vins\/accueil\/vins\/phusis-6-2012\/arvine-eszencia-2012\/#primaryimage"},"image":{"@id":"https:\/\/www.phusis.ch\/vins\/accueil\/vins\/phusis-6-2012\/arvine-eszencia-2012\/#primaryimage"},"thumbnailUrl":"http:\/\/www.phusis.ch\/vins\/wp-content\/uploads\/2020\/11\/Eszencia-1.jpg","datePublished":"2020-11-17T07:29:28+00:00","dateModified":"2024-02-25T09:54:04+00:00","breadcrumb":{"@id":"https:\/\/www.phusis.ch\/vins\/accueil\/vins\/phusis-6-2012\/arvine-eszencia-2012\/#breadcrumb"},"inLanguage":"fr-FR","potentialAction":[{"@type":"ReadAction","target":["https:\/\/www.phusis.ch\/vins\/accueil\/vins\/phusis-6-2012\/arvine-eszencia-2012\/"]}]},{"@type":"ImageObject","inLanguage":"fr-FR","@id":"https:\/\/www.phusis.ch\/vins\/accueil\/vins\/phusis-6-2012\/arvine-eszencia-2012\/#primaryimage","url":"http:\/\/www.phusis.ch\/vins\/wp-content\/uploads\/2020\/11\/Eszencia-1.jpg","contentUrl":"http:\/\/www.phusis.ch\/vins\/wp-content\/uploads\/2020\/11\/Eszencia-1.jpg","width":800,"height":600,"caption":"Exif_JPEG_PICTURE"},{"@type":"BreadcrumbList","@id":"https:\/\/www.phusis.ch\/vins\/accueil\/vins\/phusis-6-2012\/arvine-eszencia-2012\/#breadcrumb","itemListElement":[{"@type":"ListItem","position":1,"name":"Accueil","item":"http:\/\/www.phusis.ch\/vins\/"},{"@type":"ListItem","position":2,"name":"bienvenue sur phusis vins","item":"http:\/\/www.phusis.ch\/vins\/"},{"@type":"ListItem","position":3,"name":"nos vins","item":"https:\/\/www.phusis.ch\/vins\/accueil\/vins\/"},{"@type":"ListItem","position":4,"name":"mill\u00e9sime 2012","item":"http:\/\/www.phusis.ch\/vins\/accueil\/vins\/phusis-6-2012\/"},{"@type":"ListItem","position":5,"name":"arvine vieille vigne sur falaise eszencia 2012"}]},{"@type":"WebSite","@id":"http:\/\/www.phusis.ch\/vins\/#website","url":"http:\/\/www.phusis.ch\/vins\/","name":"PHUSIS","description":"Phusis | Une exp\u00e9rience du vin","publisher":{"@id":"http:\/\/www.phusis.ch\/vins\/#organization"},"potentialAction":[{"@type":"SearchAction","target":{"@type":"EntryPoint","urlTemplate":"http:\/\/www.phusis.ch\/vins\/?s={search_term_string}"},"query-input":"required name=search_term_string"}],"inLanguage":"fr-FR"},{"@type":"Organization","@id":"http:\/\/www.phusis.ch\/vins\/#organization","name":"PHUSIS","url":"http:\/\/www.phusis.ch\/vins\/","logo":{"@type":"ImageObject","inLanguage":"fr-FR","@id":"http:\/\/www.phusis.ch\/vins\/#\/schema\/logo\/image\/","url":"http:\/\/www.phusis.ch\/vins\/wp-content\/uploads\/2021\/06\/Oiseau-PHUSIS-Transparent-1024x1024-1.png","contentUrl":"http:\/\/www.phusis.ch\/vins\/wp-content\/uploads\/2021\/06\/Oiseau-PHUSIS-Transparent-1024x1024-1.png","width":1024,"height":1024,"caption":"PHUSIS"},"image":{"@id":"http:\/\/www.phusis.ch\/vins\/#\/schema\/logo\/image\/"}}]}},"_links":{"self":[{"href":"http:\/\/www.phusis.ch\/vins\/wp-json\/wp\/v2\/pages\/4089"}],"collection":[{"href":"http:\/\/www.phusis.ch\/vins\/wp-json\/wp\/v2\/pages"}],"about":[{"href":"http:\/\/www.phusis.ch\/vins\/wp-json\/wp\/v2\/types\/page"}],"author":[{"embeddable":true,"href":"http:\/\/www.phusis.ch\/vins\/wp-json\/wp\/v2\/users\/3"}],"replies":[{"embeddable":true,"href":"http:\/\/www.phusis.ch\/vins\/wp-json\/wp\/v2\/comments?post=4089"}],"version-history":[{"count":37,"href":"http:\/\/www.phusis.ch\/vins\/wp-json\/wp\/v2\/pages\/4089\/revisions"}],"predecessor-version":[{"id":12335,"href":"http:\/\/www.phusis.ch\/vins\/wp-json\/wp\/v2\/pages\/4089\/revisions\/12335"}],"up":[{"embeddable":true,"href":"http:\/\/www.phusis.ch\/vins\/wp-json\/wp\/v2\/pages\/2081"}],"wp:featuredmedia":[{"embeddable":true,"href":"http:\/\/www.phusis.ch\/vins\/wp-json\/wp\/v2\/media\/4122"}],"wp:attachment":[{"href":"http:\/\/www.phusis.ch\/vins\/wp-json\/wp\/v2\/media?parent=4089"}],"curies":[{"name":"wp","href":"https:\/\/api.w.org\/{rel}","templated":true}]}}