{"id":4533,"date":"2010-05-02T13:23:32","date_gmt":"2010-05-02T11:23:32","guid":{"rendered":"http:\/\/phusis.ch\/phusis\/?page_id=116"},"modified":"2023-03-10T14:12:11","modified_gmt":"2023-03-10T13:12:11","slug":"symboles-2","status":"publish","type":"page","link":"http:\/\/www.phusis.ch\/vins\/symboles-2\/","title":{"rendered":"symboles"},"content":{"rendered":"\t\t<div data-elementor-type=\"wp-page\" data-elementor-id=\"4533\" class=\"elementor elementor-4533\" data-elementor-post-type=\"page\">\n\t\t\t\t\t\t<section class=\"has_ma_el_bg_slider elementor-section elementor-top-section elementor-element elementor-element-41149c9 elementor-section-boxed elementor-section-height-default elementor-section-height-default jltma-glass-effect-no\" data-id=\"41149c9\" data-element_type=\"section\">\n\t\t\t\t\t\t<div class=\"elementor-container elementor-column-gap-default\">\n\t\t\t\t\t<div class=\"has_ma_el_bg_slider elementor-column elementor-col-100 elementor-top-column elementor-element elementor-element-8a3d259 jltma-glass-effect-no\" data-id=\"8a3d259\" data-element_type=\"column\">\n\t\t\t<div class=\"elementor-widget-wrap elementor-element-populated\">\n\t\t\t\t\t\t<section class=\"has_ma_el_bg_slider elementor-section elementor-inner-section elementor-element elementor-element-7681bb7 elementor-section-boxed elementor-section-height-default elementor-section-height-default jltma-glass-effect-no\" data-id=\"7681bb7\" data-element_type=\"section\">\n\t\t\t\t\t\t<div class=\"elementor-container elementor-column-gap-default\">\n\t\t\t\t\t<div class=\"has_ma_el_bg_slider elementor-column elementor-col-100 elementor-inner-column elementor-element elementor-element-9fa9fcc jltma-glass-effect-no\" data-id=\"9fa9fcc\" data-element_type=\"column\">\n\t\t\t<div class=\"elementor-widget-wrap elementor-element-populated\">\n\t\t\t\t\t\t<div class=\"elementor-element elementor-element-5072357 jltma-glass-effect-no elementor-widget elementor-widget-text-editor\" data-id=\"5072357\" data-element_type=\"widget\" data-widget_type=\"text-editor.default\">\n\t\t\t\t<div class=\"elementor-widget-container\">\n\t\t\t\t\t\t\t<p>La gamme de vins et philosophie PHUSIS est port\u00e9e par deux symboles : une double figure g\u00e9om\u00e9trique et un oiseau.<\/p><p>Le mot <strong>\u00ab\u00a0symbole\u00a0\u00bb<\/strong> provient du verbe grec <em>sumballein<\/em>, <em>jeter ensemble<\/em>, <em>r\u00e9unir les parties du m\u00eame<\/em>. Selon le mythe d\u2019<em>Eros<\/em> racont\u00e9 par Aristophane dans le <em>Banquet <\/em>de Platon (191 d), les hommes formaient originairement des couples bienheureux, physiquement unis l\u2019un \u00e0 l\u2019autre. Jusqu\u2019au jour o\u00f9 Zeus, le dieu des dieux, vient \u00e0 les s\u00e9parer en deux. Depuis lors, chaque homme est contraint de se mettre \u00e0 la recherche de son double. Qu\u00eate amoureuse qui fait de chaque \u00eatre le symbole de son autre soi-m\u00eame. Volontiers, les amoureux partagent un objet et gardent chacun une des deux parties, en guise de symbole de leur unit\u00e9.<\/p>\t\t\t\t\t\t<\/div>\n\t\t\t\t<\/div>\n\t\t\t\t\t<\/div>\n\t\t<\/div>\n\t\t\t\t\t<\/div>\n\t\t<\/section>\n\t\t\t\t<section class=\"has_ma_el_bg_slider elementor-section elementor-inner-section elementor-element elementor-element-2ce7b94 elementor-section-boxed elementor-section-height-default elementor-section-height-default jltma-glass-effect-no\" data-id=\"2ce7b94\" data-element_type=\"section\">\n\t\t\t\t\t\t<div class=\"elementor-container elementor-column-gap-default\">\n\t\t\t\t\t<div class=\"has_ma_el_bg_slider elementor-column elementor-col-50 elementor-inner-column elementor-element elementor-element-8fb9a3c jltma-glass-effect-no\" data-id=\"8fb9a3c\" data-element_type=\"column\">\n\t\t\t<div class=\"elementor-widget-wrap elementor-element-populated\">\n\t\t\t\t\t\t<div class=\"elementor-element elementor-element-f2648b9 jltma-glass-effect-no elementor-widget elementor-widget-image\" data-id=\"f2648b9\" data-element_type=\"widget\" data-widget_type=\"image.default\">\n\t\t\t\t<div class=\"elementor-widget-container\">\n\t\t\t\t\t\t\t\t\t\t\t\t\t<img fetchpriority=\"high\" decoding=\"async\" width=\"342\" height=\"479\" src=\"http:\/\/www.phusis.ch\/vins\/wp-content\/uploads\/2021\/06\/Etiquettes-PHUSIS.png\" class=\"attachment-large size-large wp-image-4721\" alt=\"\" srcset=\"http:\/\/www.phusis.ch\/vins\/wp-content\/uploads\/2021\/06\/Etiquettes-PHUSIS.png 342w, http:\/\/www.phusis.ch\/vins\/wp-content\/uploads\/2021\/06\/Etiquettes-PHUSIS-214x300.png 214w\" sizes=\"(max-width: 342px) 100vw, 342px\" \/>\t\t\t\t\t\t\t\t\t\t\t\t\t<\/div>\n\t\t\t\t<\/div>\n\t\t\t\t\t<\/div>\n\t\t<\/div>\n\t\t\t\t<div class=\"has_ma_el_bg_slider elementor-column elementor-col-50 elementor-inner-column elementor-element elementor-element-297b761 jltma-glass-effect-no\" data-id=\"297b761\" data-element_type=\"column\">\n\t\t\t<div class=\"elementor-widget-wrap elementor-element-populated\">\n\t\t\t\t\t\t<div class=\"elementor-element elementor-element-bf9bcef jltma-glass-effect-no elementor-widget elementor-widget-text-editor\" data-id=\"bf9bcef\" data-element_type=\"widget\" data-widget_type=\"text-editor.default\">\n\t\t\t\t<div class=\"elementor-widget-container\">\n\t\t\t\t\t\t\t<p>La <strong>double figure g\u00e9om\u00e9trique<\/strong> consiste en deux triangles \u00e9vid\u00e9s unis et oppos\u00e9s par l\u2019hypot\u00e9nuse, en positif\/n\u00e9gatif l\u2019un de l\u2019autre. Ils symbolisent l\u2019union des contraires propres \u00e0 la phusis : le jeu des formes et le s\u00e9rieux de leur fond, le clair-obscur, le vide et le plein, l\u2019un toujours avec, contre et dans l\u2019autre. L\u2019unit\u00e9 myst\u00e9rieuse du grand tout, en ses multiples parties. Les forces de vie qui traversent et \u00e9quilibrent de fond en comble le grand tout.<\/p><p>Certains y reconna\u00eetront la terre et le ciel, les \u00e9l\u00e9ments aquatique et solide ou a\u00e9rien, une montagne, un \u00e9clair, des pointes de fl\u00e8ches, des forces du haut et du bas, d\u2019autres y devineront un \u00eatre qui nous regarde, une fen\u00eatre sur le monde, voire simplement l\u2019expression d\u2019une \u00e9tonnante harmonie dans l\u2019union des contraires.<\/p>\t\t\t\t\t\t<\/div>\n\t\t\t\t<\/div>\n\t\t\t\t\t<\/div>\n\t\t<\/div>\n\t\t\t\t\t<\/div>\n\t\t<\/section>\n\t\t\t\t<section class=\"has_ma_el_bg_slider elementor-section elementor-inner-section elementor-element elementor-element-00a0416 elementor-section-boxed elementor-section-height-default elementor-section-height-default jltma-glass-effect-no\" data-id=\"00a0416\" data-element_type=\"section\">\n\t\t\t\t\t\t<div class=\"elementor-container elementor-column-gap-default\">\n\t\t\t\t\t<div class=\"has_ma_el_bg_slider elementor-column elementor-col-50 elementor-inner-column elementor-element elementor-element-a5ff0a2 jltma-glass-effect-no\" data-id=\"a5ff0a2\" data-element_type=\"column\">\n\t\t\t<div class=\"elementor-widget-wrap elementor-element-populated\">\n\t\t\t\t\t\t<div class=\"elementor-element elementor-element-3028fb2 jltma-glass-effect-no elementor-widget elementor-widget-text-editor\" data-id=\"3028fb2\" data-element_type=\"widget\" data-widget_type=\"text-editor.default\">\n\t\t\t\t<div class=\"elementor-widget-container\">\n\t\t\t\t\t\t\t<p>L\u2019<strong>oiseau<\/strong> est un cygne ou une oie sauvage, d\u00e9tail d\u2019un vase grec archa\u00efque. Oiseau immacul\u00e9 dont la blancheur, la noirceur, la puissance et la gr\u00e2ce c\u00e9l\u00e8brent une vivante \u00e9piphanie de la lumi\u00e8re et de la nuit : blancheur et noirceur du jour, solaire, m\u00e2le (cygne) ; blancheur et noirceur de la nuit, lunaire, femelle (oie).<\/p><p>Animal androgyne et hermaphrodite compagnon d\u2019Apollon, il exprime la ferme tenue, la lucidit\u00e9 : il est charg\u00e9 de tous les myst\u00e8res sacr\u00e9s de la musique, de la po\u00e9sie et de la divination. Il incarne l\u2019exp\u00e9rience, la ma\u00eetrise et le d\u00e9passement des forces \u00e0 l\u2019\u0153uvre partout : l\u2019\u00e9quilibre, la s\u00e9r\u00e9nit\u00e9 et la connaissance de soi et du monde. Dans la symbolique de l\u2019alchimie, l\u2019oiseau est vu comme embl\u00e8me du mercure, dont il incarne la couleur, la mobilit\u00e9 et la volatilit\u00e9. <em>Divina sibi canit et orbi <\/em>: <em>il chante divinement pour soi et pour le monde.<\/em><\/p>\t\t\t\t\t\t<\/div>\n\t\t\t\t<\/div>\n\t\t\t\t\t<\/div>\n\t\t<\/div>\n\t\t\t\t<div class=\"has_ma_el_bg_slider elementor-column elementor-col-50 elementor-inner-column elementor-element elementor-element-bc21c05 jltma-glass-effect-no\" data-id=\"bc21c05\" data-element_type=\"column\">\n\t\t\t<div class=\"elementor-widget-wrap elementor-element-populated\">\n\t\t\t\t\t\t<div class=\"elementor-element elementor-element-da77c8a jltma-glass-effect-no elementor-widget elementor-widget-image\" data-id=\"da77c8a\" data-element_type=\"widget\" data-widget_type=\"image.default\">\n\t\t\t\t<div class=\"elementor-widget-container\">\n\t\t\t\t\t\t\t\t\t\t\t\t\t<img decoding=\"async\" width=\"768\" height=\"768\" src=\"http:\/\/www.phusis.ch\/vins\/wp-content\/uploads\/2021\/06\/Oiseau-PHUSIS-Transparent-1024x1024-1-768x768.png\" class=\"attachment-medium_large size-medium_large wp-image-4481\" alt=\"\" srcset=\"http:\/\/www.phusis.ch\/vins\/wp-content\/uploads\/2021\/06\/Oiseau-PHUSIS-Transparent-1024x1024-1-768x768.png 768w, http:\/\/www.phusis.ch\/vins\/wp-content\/uploads\/2021\/06\/Oiseau-PHUSIS-Transparent-1024x1024-1-300x300.png 300w, http:\/\/www.phusis.ch\/vins\/wp-content\/uploads\/2021\/06\/Oiseau-PHUSIS-Transparent-1024x1024-1.png 1024w, http:\/\/www.phusis.ch\/vins\/wp-content\/uploads\/2021\/06\/Oiseau-PHUSIS-Transparent-1024x1024-1-150x150.png 150w, http:\/\/www.phusis.ch\/vins\/wp-content\/uploads\/2021\/06\/Oiseau-PHUSIS-Transparent-1024x1024-1-800x800.png 800w\" sizes=\"(max-width: 768px) 100vw, 768px\" \/>\t\t\t\t\t\t\t\t\t\t\t\t\t<\/div>\n\t\t\t\t<\/div>\n\t\t\t\t\t<\/div>\n\t\t<\/div>\n\t\t\t\t\t<\/div>\n\t\t<\/section>\n\t\t\t\t\t<\/div>\n\t\t<\/div>\n\t\t\t\t\t<\/div>\n\t\t<\/section>\n\t\t\t\t<\/div>\n\t\t\n\t\t\t<div style=\"clear: both; float: none;\" class=\"ratepost-clear\"><\/div>\n\t\t\t<div id=\"ratepost-4533\" class=\"ratepost\" rel=\"3\">\n\t\t\t\t\t<span class=\"rating3\"><div class=\"star1\" rel=\"1\"><\/div><div class=\"star2\" rel=\"2\"><\/div><div class=\"star3\" rel=\"3\"><\/div><div class=\"star4\" rel=\"4\"><\/div><div class=\"star5\" rel=\"5\"><\/div><\/span>\n\t\t\t\t<div class=\"status-info\"><\/div>\n\t\t<\/div><div style=\"clear: both; float: none;\" class=\"ratepost-clear\"><\/div>","protected":false},"excerpt":{"rendered":"<p>La gamme de vins et philosophie PHUSIS est port\u00e9e par deux symboles : une double figure g\u00e9om\u00e9trique et un oiseau. Le mot \u00ab\u00a0symbole\u00a0\u00bb provient du verbe grec sumballein, jeter ensemble, r\u00e9unir les parties du m\u00eame. Selon le mythe d\u2019Eros racont\u00e9 par Aristophane dans le Banquet de Platon (191 d), les hommes formaient originairement des couples [&hellip;]<\/p>\n","protected":false},"author":6,"featured_media":4636,"parent":0,"menu_order":0,"comment_status":"closed","ping_status":"closed","template":"","meta":{"_monsterinsights_skip_tracking":false,"_monsterinsights_sitenote_active":false,"_monsterinsights_sitenote_note":"","_monsterinsights_sitenote_category":0,"footnotes":""},"yoast_head":"<!-- This site is optimized with the Yoast SEO plugin v22.8 - https:\/\/yoast.com\/wordpress\/plugins\/seo\/ -->\n<title>symboles - PHUSIS<\/title>\n<meta name=\"robots\" content=\"index, follow, max-snippet:-1, max-image-preview:large, max-video-preview:-1\" \/>\n<link rel=\"canonical\" href=\"http:\/\/www.phusis.ch\/vins\/symboles-2\/\" \/>\n<meta property=\"og:locale\" content=\"fr_FR\" \/>\n<meta property=\"og:type\" content=\"article\" \/>\n<meta property=\"og:title\" content=\"symboles - PHUSIS\" \/>\n<meta property=\"og:description\" content=\"La gamme de vins et philosophie PHUSIS est port\u00e9e par deux symboles : une double figure g\u00e9om\u00e9trique et un oiseau. Le mot \u00ab\u00a0symbole\u00a0\u00bb provient du verbe grec sumballein, jeter ensemble, r\u00e9unir les parties du m\u00eame. Selon le mythe d\u2019Eros racont\u00e9 par Aristophane dans le Banquet de Platon (191 d), les hommes formaient originairement des couples [&hellip;]\" \/>\n<meta property=\"og:url\" content=\"http:\/\/www.phusis.ch\/vins\/symboles-2\/\" \/>\n<meta property=\"og:site_name\" content=\"PHUSIS\" \/>\n<meta property=\"article:modified_time\" content=\"2023-03-10T13:12:11+00:00\" \/>\n<meta property=\"og:image\" content=\"http:\/\/www.phusis.ch\/vins\/wp-content\/uploads\/2021\/06\/Symbole-union-293x300-1.jpg\" \/>\n\t<meta property=\"og:image:width\" content=\"293\" \/>\n\t<meta property=\"og:image:height\" content=\"300\" \/>\n\t<meta property=\"og:image:type\" content=\"image\/jpeg\" \/>\n<meta name=\"twitter:card\" content=\"summary_large_image\" \/>\n<meta name=\"twitter:label1\" content=\"Dur\u00e9e de lecture estim\u00e9e\" \/>\n\t<meta name=\"twitter:data1\" content=\"3 minutes\" \/>\n<script type=\"application\/ld+json\" class=\"yoast-schema-graph\">{\"@context\":\"https:\/\/schema.org\",\"@graph\":[{\"@type\":\"WebPage\",\"@id\":\"http:\/\/www.phusis.ch\/vins\/symboles-2\/\",\"url\":\"http:\/\/www.phusis.ch\/vins\/symboles-2\/\",\"name\":\"symboles - PHUSIS\",\"isPartOf\":{\"@id\":\"http:\/\/www.phusis.ch\/vins\/#website\"},\"primaryImageOfPage\":{\"@id\":\"http:\/\/www.phusis.ch\/vins\/symboles-2\/#primaryimage\"},\"image\":{\"@id\":\"http:\/\/www.phusis.ch\/vins\/symboles-2\/#primaryimage\"},\"thumbnailUrl\":\"http:\/\/www.phusis.ch\/vins\/wp-content\/uploads\/2021\/06\/Symbole-union-293x300-1.jpg\",\"datePublished\":\"2010-05-02T11:23:32+00:00\",\"dateModified\":\"2023-03-10T13:12:11+00:00\",\"breadcrumb\":{\"@id\":\"http:\/\/www.phusis.ch\/vins\/symboles-2\/#breadcrumb\"},\"inLanguage\":\"fr-FR\",\"potentialAction\":[{\"@type\":\"ReadAction\",\"target\":[\"http:\/\/www.phusis.ch\/vins\/symboles-2\/\"]}]},{\"@type\":\"ImageObject\",\"inLanguage\":\"fr-FR\",\"@id\":\"http:\/\/www.phusis.ch\/vins\/symboles-2\/#primaryimage\",\"url\":\"http:\/\/www.phusis.ch\/vins\/wp-content\/uploads\/2021\/06\/Symbole-union-293x300-1.jpg\",\"contentUrl\":\"http:\/\/www.phusis.ch\/vins\/wp-content\/uploads\/2021\/06\/Symbole-union-293x300-1.jpg\",\"width\":293,\"height\":300},{\"@type\":\"BreadcrumbList\",\"@id\":\"http:\/\/www.phusis.ch\/vins\/symboles-2\/#breadcrumb\",\"itemListElement\":[{\"@type\":\"ListItem\",\"position\":1,\"name\":\"Accueil\",\"item\":\"http:\/\/www.phusis.ch\/vins\/\"},{\"@type\":\"ListItem\",\"position\":2,\"name\":\"symboles\"}]},{\"@type\":\"WebSite\",\"@id\":\"http:\/\/www.phusis.ch\/vins\/#website\",\"url\":\"http:\/\/www.phusis.ch\/vins\/\",\"name\":\"PHUSIS\",\"description\":\"Phusis | Une exp\u00e9rience du vin\",\"publisher\":{\"@id\":\"http:\/\/www.phusis.ch\/vins\/#organization\"},\"potentialAction\":[{\"@type\":\"SearchAction\",\"target\":{\"@type\":\"EntryPoint\",\"urlTemplate\":\"http:\/\/www.phusis.ch\/vins\/?s={search_term_string}\"},\"query-input\":\"required name=search_term_string\"}],\"inLanguage\":\"fr-FR\"},{\"@type\":\"Organization\",\"@id\":\"http:\/\/www.phusis.ch\/vins\/#organization\",\"name\":\"PHUSIS\",\"url\":\"http:\/\/www.phusis.ch\/vins\/\",\"logo\":{\"@type\":\"ImageObject\",\"inLanguage\":\"fr-FR\",\"@id\":\"http:\/\/www.phusis.ch\/vins\/#\/schema\/logo\/image\/\",\"url\":\"http:\/\/www.phusis.ch\/vins\/wp-content\/uploads\/2021\/06\/Oiseau-PHUSIS-Transparent-1024x1024-1.png\",\"contentUrl\":\"http:\/\/www.phusis.ch\/vins\/wp-content\/uploads\/2021\/06\/Oiseau-PHUSIS-Transparent-1024x1024-1.png\",\"width\":1024,\"height\":1024,\"caption\":\"PHUSIS\"},\"image\":{\"@id\":\"http:\/\/www.phusis.ch\/vins\/#\/schema\/logo\/image\/\"}}]}<\/script>\n<!-- \/ Yoast SEO plugin. -->","yoast_head_json":{"title":"symboles - PHUSIS","robots":{"index":"index","follow":"follow","max-snippet":"max-snippet:-1","max-image-preview":"max-image-preview:large","max-video-preview":"max-video-preview:-1"},"canonical":"http:\/\/www.phusis.ch\/vins\/symboles-2\/","og_locale":"fr_FR","og_type":"article","og_title":"symboles - PHUSIS","og_description":"La gamme de vins et philosophie PHUSIS est port\u00e9e par deux symboles : une double figure g\u00e9om\u00e9trique et un oiseau. Le mot \u00ab\u00a0symbole\u00a0\u00bb provient du verbe grec sumballein, jeter ensemble, r\u00e9unir les parties du m\u00eame. Selon le mythe d\u2019Eros racont\u00e9 par Aristophane dans le Banquet de Platon (191 d), les hommes formaient originairement des couples [&hellip;]","og_url":"http:\/\/www.phusis.ch\/vins\/symboles-2\/","og_site_name":"PHUSIS","article_modified_time":"2023-03-10T13:12:11+00:00","og_image":[{"width":293,"height":300,"url":"http:\/\/www.phusis.ch\/vins\/wp-content\/uploads\/2021\/06\/Symbole-union-293x300-1.jpg","type":"image\/jpeg"}],"twitter_card":"summary_large_image","twitter_misc":{"Dur\u00e9e de lecture estim\u00e9e":"3 minutes"},"schema":{"@context":"https:\/\/schema.org","@graph":[{"@type":"WebPage","@id":"http:\/\/www.phusis.ch\/vins\/symboles-2\/","url":"http:\/\/www.phusis.ch\/vins\/symboles-2\/","name":"symboles - PHUSIS","isPartOf":{"@id":"http:\/\/www.phusis.ch\/vins\/#website"},"primaryImageOfPage":{"@id":"http:\/\/www.phusis.ch\/vins\/symboles-2\/#primaryimage"},"image":{"@id":"http:\/\/www.phusis.ch\/vins\/symboles-2\/#primaryimage"},"thumbnailUrl":"http:\/\/www.phusis.ch\/vins\/wp-content\/uploads\/2021\/06\/Symbole-union-293x300-1.jpg","datePublished":"2010-05-02T11:23:32+00:00","dateModified":"2023-03-10T13:12:11+00:00","breadcrumb":{"@id":"http:\/\/www.phusis.ch\/vins\/symboles-2\/#breadcrumb"},"inLanguage":"fr-FR","potentialAction":[{"@type":"ReadAction","target":["http:\/\/www.phusis.ch\/vins\/symboles-2\/"]}]},{"@type":"ImageObject","inLanguage":"fr-FR","@id":"http:\/\/www.phusis.ch\/vins\/symboles-2\/#primaryimage","url":"http:\/\/www.phusis.ch\/vins\/wp-content\/uploads\/2021\/06\/Symbole-union-293x300-1.jpg","contentUrl":"http:\/\/www.phusis.ch\/vins\/wp-content\/uploads\/2021\/06\/Symbole-union-293x300-1.jpg","width":293,"height":300},{"@type":"BreadcrumbList","@id":"http:\/\/www.phusis.ch\/vins\/symboles-2\/#breadcrumb","itemListElement":[{"@type":"ListItem","position":1,"name":"Accueil","item":"http:\/\/www.phusis.ch\/vins\/"},{"@type":"ListItem","position":2,"name":"symboles"}]},{"@type":"WebSite","@id":"http:\/\/www.phusis.ch\/vins\/#website","url":"http:\/\/www.phusis.ch\/vins\/","name":"PHUSIS","description":"Phusis | Une exp\u00e9rience du vin","publisher":{"@id":"http:\/\/www.phusis.ch\/vins\/#organization"},"potentialAction":[{"@type":"SearchAction","target":{"@type":"EntryPoint","urlTemplate":"http:\/\/www.phusis.ch\/vins\/?s={search_term_string}"},"query-input":"required name=search_term_string"}],"inLanguage":"fr-FR"},{"@type":"Organization","@id":"http:\/\/www.phusis.ch\/vins\/#organization","name":"PHUSIS","url":"http:\/\/www.phusis.ch\/vins\/","logo":{"@type":"ImageObject","inLanguage":"fr-FR","@id":"http:\/\/www.phusis.ch\/vins\/#\/schema\/logo\/image\/","url":"http:\/\/www.phusis.ch\/vins\/wp-content\/uploads\/2021\/06\/Oiseau-PHUSIS-Transparent-1024x1024-1.png","contentUrl":"http:\/\/www.phusis.ch\/vins\/wp-content\/uploads\/2021\/06\/Oiseau-PHUSIS-Transparent-1024x1024-1.png","width":1024,"height":1024,"caption":"PHUSIS"},"image":{"@id":"http:\/\/www.phusis.ch\/vins\/#\/schema\/logo\/image\/"}}]}},"_links":{"self":[{"href":"http:\/\/www.phusis.ch\/vins\/wp-json\/wp\/v2\/pages\/4533"}],"collection":[{"href":"http:\/\/www.phusis.ch\/vins\/wp-json\/wp\/v2\/pages"}],"about":[{"href":"http:\/\/www.phusis.ch\/vins\/wp-json\/wp\/v2\/types\/page"}],"author":[{"embeddable":true,"href":"http:\/\/www.phusis.ch\/vins\/wp-json\/wp\/v2\/users\/6"}],"replies":[{"embeddable":true,"href":"http:\/\/www.phusis.ch\/vins\/wp-json\/wp\/v2\/comments?post=4533"}],"version-history":[{"count":21,"href":"http:\/\/www.phusis.ch\/vins\/wp-json\/wp\/v2\/pages\/4533\/revisions"}],"predecessor-version":[{"id":11452,"href":"http:\/\/www.phusis.ch\/vins\/wp-json\/wp\/v2\/pages\/4533\/revisions\/11452"}],"wp:featuredmedia":[{"embeddable":true,"href":"http:\/\/www.phusis.ch\/vins\/wp-json\/wp\/v2\/media\/4636"}],"wp:attachment":[{"href":"http:\/\/www.phusis.ch\/vins\/wp-json\/wp\/v2\/media?parent=4533"}],"curies":[{"name":"wp","href":"https:\/\/api.w.org\/{rel}","templated":true}]}}