{"id":627,"date":"2010-09-22T17:47:41","date_gmt":"2010-09-22T15:47:41","guid":{"rendered":"http:\/\/www.phusis.ch\/steve\/"},"modified":"2023-03-05T14:35:37","modified_gmt":"2023-03-05T13:35:37","slug":"metaphusis-3-5","status":"publish","type":"page","link":"http:\/\/www.phusis.ch\/vins\/accueil\/vins\/phusis-3-2009\/metaphusis-3-5\/","title":{"rendered":"johannisberg fully 2009"},"content":{"rendered":"\t\t<div data-elementor-type=\"wp-page\" data-elementor-id=\"627\" class=\"elementor elementor-627\" data-elementor-post-type=\"page\">\n\t\t\t\t\t\t<section class=\"has_ma_el_bg_slider elementor-section elementor-top-section elementor-element elementor-element-6122c899 elementor-section-boxed elementor-section-height-default elementor-section-height-default jltma-glass-effect-no\" data-id=\"6122c899\" data-element_type=\"section\">\n\t\t\t\t\t\t<div class=\"elementor-container elementor-column-gap-default\">\n\t\t\t\t\t<div class=\"has_ma_el_bg_slider elementor-column elementor-col-100 elementor-top-column elementor-element elementor-element-1f72d546 jltma-glass-effect-no\" data-id=\"1f72d546\" data-element_type=\"column\">\n\t\t\t<div class=\"elementor-widget-wrap elementor-element-populated\">\n\t\t\t\t\t\t<section class=\"has_ma_el_bg_slider elementor-section elementor-inner-section elementor-element elementor-element-77021df7 elementor-section-boxed elementor-section-height-default elementor-section-height-default jltma-glass-effect-no\" data-id=\"77021df7\" data-element_type=\"section\">\n\t\t\t\t\t\t<div class=\"elementor-container elementor-column-gap-default\">\n\t\t\t\t\t<div class=\"has_ma_el_bg_slider elementor-column elementor-col-33 elementor-inner-column elementor-element elementor-element-2901c7a1 jltma-glass-effect-no\" data-id=\"2901c7a1\" data-element_type=\"column\">\n\t\t\t<div class=\"elementor-widget-wrap elementor-element-populated\">\n\t\t\t\t\t\t<div class=\"elementor-element elementor-element-10585f89 jltma-glass-effect-no elementor-widget elementor-widget-counter\" data-id=\"10585f89\" data-element_type=\"widget\" data-widget_type=\"counter.default\">\n\t\t\t\t<div class=\"elementor-widget-container\">\n\t\t\t\t\t<div class=\"elementor-counter\">\n\t\t\t<div class=\"elementor-counter-title\">bouteilles<\/div>\t\t\t<div class=\"elementor-counter-number-wrapper\">\n\t\t\t\t<span class=\"elementor-counter-number-prefix\"><\/span>\n\t\t\t\t<span class=\"elementor-counter-number\" data-duration=\"2000\" data-to-value=\"375\" data-from-value=\"0\" data-delimiter=\",\">0<\/span>\n\t\t\t\t<span class=\"elementor-counter-number-suffix\"><\/span>\n\t\t\t<\/div>\n\t\t<\/div>\n\t\t\t\t<\/div>\n\t\t\t\t<\/div>\n\t\t\t\t<div class=\"elementor-element elementor-element-733fad9b jltma-glass-effect-no elementor-widget elementor-widget-text-editor\" data-id=\"733fad9b\" data-element_type=\"widget\" data-widget_type=\"text-editor.default\">\n\t\t\t\t<div class=\"elementor-widget-container\">\n\t\t\t\t\t\t\t<p><strong>C\u00e9page :<\/strong>\u00a0Sylvaner<br \/><strong>D\u00e9gustation :<\/strong>\u00a010 \u00e0 12\u00b0C<br \/><strong>Long\u00e9vit\u00e9<\/strong><strong> :<\/strong> 2010-2015<br \/><strong>Prix :<\/strong>\u00a027.-\/bt (\u00e9puis\u00e9)<\/p><h4><strong>Origine<\/strong><\/h4><p>La gamme m<span class=\"metaphusis\">eta<\/span>PHUSIS est \u00e9labor\u00e9e \u00e0 partir de raisins ou de vins achet\u00e9s aupr\u00e8s de vignerons respectueux dont nous connaissons le travail ainsi que les parcelles.<\/p><p>Ce vin est issu d\u2019un assemblage de raisins provenant de diff\u00e9rentes vignes de Fully. Une petite partie vient en effet du coteaux des Seilles, sur Branson, une autre des Claives et la derni\u00e8re, plus importante, d\u2019une parcelle situ\u00e9e en altitude, tout \u00e0 l\u2019est de la commune. Toutes les parcelles sont cultiv\u00e9es en biodynamie.<\/p><h4><span style=\"font-weight: bolder;\">Notes de d\u00e9gustation<\/span><\/h4><p>La robe est d\u2019un jaune dor\u00e9 tirant sur la paille. Nez discret de p\u00eache blanche, de mirabelle, de mie de pain de ma\u00efs, de beurre frais, de menthe. En bouche, le vin est large, a\u00e9rien, svelte. Assez peu vineux, il se termine sur une longue finale min\u00e9rale, persistante, \u00e9voquant l\u2019amande am\u00e8re, la reine-claude.\u00a0(novembre 2010).<\/p>\t\t\t\t\t\t<\/div>\n\t\t\t\t<\/div>\n\t\t\t\t\t<\/div>\n\t\t<\/div>\n\t\t\t\t<div class=\"has_ma_el_bg_slider elementor-column elementor-col-33 elementor-inner-column elementor-element elementor-element-24080fe4 jltma-glass-effect-no\" data-id=\"24080fe4\" data-element_type=\"column\">\n\t\t\t<div class=\"elementor-widget-wrap elementor-element-populated\">\n\t\t\t\t\t\t<div class=\"elementor-element elementor-element-44f24b6d jltma-glass-effect-no elementor-widget elementor-widget-image\" data-id=\"44f24b6d\" data-element_type=\"widget\" data-widget_type=\"image.default\">\n\t\t\t\t<div class=\"elementor-widget-container\">\n\t\t\t\t\t\t\t\t\t\t\t\t\t<img fetchpriority=\"high\" decoding=\"async\" width=\"688\" height=\"2640\" src=\"http:\/\/www.phusis.ch\/vins\/wp-content\/uploads\/2023\/02\/Bouteille-dessinee2.png\" class=\"attachment-full size-full wp-image-10155\" alt=\"\" srcset=\"http:\/\/www.phusis.ch\/vins\/wp-content\/uploads\/2023\/02\/Bouteille-dessinee2.png 688w, http:\/\/www.phusis.ch\/vins\/wp-content\/uploads\/2023\/02\/Bouteille-dessinee2-78x300.png 78w, http:\/\/www.phusis.ch\/vins\/wp-content\/uploads\/2023\/02\/Bouteille-dessinee2-267x1024.png 267w, http:\/\/www.phusis.ch\/vins\/wp-content\/uploads\/2023\/02\/Bouteille-dessinee2-400x1536.png 400w, http:\/\/www.phusis.ch\/vins\/wp-content\/uploads\/2023\/02\/Bouteille-dessinee2-534x2048.png 534w\" sizes=\"(max-width: 688px) 100vw, 688px\" \/>\t\t\t\t\t\t\t\t\t\t\t\t\t<\/div>\n\t\t\t\t<\/div>\n\t\t\t\t\t<\/div>\n\t\t<\/div>\n\t\t\t\t<div class=\"has_ma_el_bg_slider elementor-column elementor-col-33 elementor-inner-column elementor-element elementor-element-4e23f183 jltma-glass-effect-no\" data-id=\"4e23f183\" data-element_type=\"column\">\n\t\t\t<div class=\"elementor-widget-wrap elementor-element-populated\">\n\t\t\t\t\t\t<div class=\"elementor-element elementor-element-683ea2a8 jltma-glass-effect-no elementor-widget elementor-widget-text-editor\" data-id=\"683ea2a8\" data-element_type=\"widget\" data-widget_type=\"text-editor.default\">\n\t\t\t\t<div class=\"elementor-widget-container\">\n\t\t\t\t\t\t\t<h4>Suggestions d&#8217;accords<\/h4><p>Passage en carafe vivement conseill\u00e9. Se boira ensuite en ap\u00e9ritif ou, de pr\u00e9f\u00e9rence, sur une terrine de mousse de l\u00e9gumes, un filet d&#8217;omble chevalier en papillote ou un dos de sandre juste saisi.<\/p><h4>vendange et vinification<\/h4><p>La vinification s\u2019effectue en bonbonnes pour les raisins des Seilles et des Claives et en cuve pour les autres. La fermentation malolactique est effectu\u00e9e.<\/p><p>Fin f\u00e9vrier, les vins sont assembl\u00e9s et la mise en bouteille faite le 15 juillet 2010.<\/p>\t\t\t\t\t\t<\/div>\n\t\t\t\t<\/div>\n\t\t\t\t\t<\/div>\n\t\t<\/div>\n\t\t\t\t\t<\/div>\n\t\t<\/section>\n\t\t\t\t\t<\/div>\n\t\t<\/div>\n\t\t\t\t\t<\/div>\n\t\t<\/section>\n\t\t\t\t<section class=\"has_ma_el_bg_slider elementor-section elementor-top-section elementor-element elementor-element-48338a5b elementor-section-boxed elementor-section-height-default elementor-section-height-default jltma-glass-effect-no\" data-id=\"48338a5b\" data-element_type=\"section\">\n\t\t\t\t\t\t<div class=\"elementor-container elementor-column-gap-default\">\n\t\t\t\t\t<div class=\"has_ma_el_bg_slider elementor-column elementor-col-100 elementor-top-column elementor-element elementor-element-4340eb56 jltma-glass-effect-no\" data-id=\"4340eb56\" data-element_type=\"column\">\n\t\t\t<div class=\"elementor-widget-wrap\">\n\t\t\t\t\t\t\t<\/div>\n\t\t<\/div>\n\t\t\t\t\t<\/div>\n\t\t<\/section>\n\t\t\t\t<\/div>\n\t\t\n\t\t\t<div style=\"clear: both; float: none;\" class=\"ratepost-clear\"><\/div>\n\t\t\t<div id=\"ratepost-627\" class=\"ratepost\" rel=\"3\">\n\t\t\t\t\t<span class=\"rating3\"><div class=\"star1\" rel=\"1\"><\/div><div class=\"star2\" rel=\"2\"><\/div><div class=\"star3\" rel=\"3\"><\/div><div class=\"star4\" rel=\"4\"><\/div><div class=\"star5\" rel=\"5\"><\/div><\/span>\n\t\t\t\t<div class=\"status-info\"><\/div>\n\t\t<\/div><div style=\"clear: both; float: none;\" class=\"ratepost-clear\"><\/div>","protected":false},"excerpt":{"rendered":"<p>0 bouteilles C\u00e9page :\u00a0SylvanerD\u00e9gustation :\u00a010 \u00e0 12\u00b0CLong\u00e9vit\u00e9 : 2010-2015Prix :\u00a027.-\/bt (\u00e9puis\u00e9) Origine La gamme metaPHUSIS est \u00e9labor\u00e9e \u00e0 partir de raisins ou de vins achet\u00e9s aupr\u00e8s de vignerons respectueux dont nous connaissons le travail ainsi que les parcelles. Ce vin est issu d\u2019un assemblage de raisins provenant de diff\u00e9rentes vignes de Fully. Une petite partie [&hellip;]<\/p>\n","protected":false},"author":4,"featured_media":8559,"parent":61,"menu_order":6,"comment_status":"open","ping_status":"closed","template":"elementor_theme","meta":{"_monsterinsights_skip_tracking":false,"_monsterinsights_sitenote_active":false,"_monsterinsights_sitenote_note":"","_monsterinsights_sitenote_category":0,"footnotes":""},"yoast_head":"<!-- This site is optimized with the Yoast SEO plugin v22.8 - https:\/\/yoast.com\/wordpress\/plugins\/seo\/ -->\n<title>johannisberg fully 2009 - PHUSIS<\/title>\n<meta name=\"robots\" content=\"index, follow, max-snippet:-1, max-image-preview:large, max-video-preview:-1\" \/>\n<link rel=\"canonical\" href=\"http:\/\/www.phusis.ch\/vins\/accueil\/vins\/phusis-3-2009\/metaphusis-3-5\/\" \/>\n<meta property=\"og:locale\" content=\"fr_FR\" \/>\n<meta property=\"og:type\" content=\"article\" \/>\n<meta property=\"og:title\" content=\"johannisberg fully 2009 - PHUSIS\" \/>\n<meta property=\"og:description\" content=\"0 bouteilles C\u00e9page :\u00a0SylvanerD\u00e9gustation :\u00a010 \u00e0 12\u00b0CLong\u00e9vit\u00e9 : 2010-2015Prix :\u00a027.-\/bt (\u00e9puis\u00e9) Origine La gamme metaPHUSIS est \u00e9labor\u00e9e \u00e0 partir de raisins ou de vins achet\u00e9s aupr\u00e8s de vignerons respectueux dont nous connaissons le travail ainsi que les parcelles. Ce vin est issu d\u2019un assemblage de raisins provenant de diff\u00e9rentes vignes de Fully. Une petite partie [&hellip;]\" \/>\n<meta property=\"og:url\" content=\"http:\/\/www.phusis.ch\/vins\/accueil\/vins\/phusis-3-2009\/metaphusis-3-5\/\" \/>\n<meta property=\"og:site_name\" content=\"PHUSIS\" \/>\n<meta property=\"article:modified_time\" content=\"2023-03-05T13:35:37+00:00\" \/>\n<meta property=\"og:image\" content=\"http:\/\/www.phusis.ch\/vins\/wp-content\/uploads\/2022\/12\/JohFully-scaled.jpg\" \/>\n\t<meta property=\"og:image:width\" content=\"1920\" \/>\n\t<meta property=\"og:image:height\" content=\"2560\" \/>\n\t<meta property=\"og:image:type\" content=\"image\/jpeg\" \/>\n<meta name=\"twitter:card\" content=\"summary_large_image\" \/>\n<meta name=\"twitter:label1\" content=\"Dur\u00e9e de lecture estim\u00e9e\" \/>\n\t<meta name=\"twitter:data1\" content=\"2 minutes\" \/>\n<script type=\"application\/ld+json\" class=\"yoast-schema-graph\">{\"@context\":\"https:\/\/schema.org\",\"@graph\":[{\"@type\":\"WebPage\",\"@id\":\"http:\/\/www.phusis.ch\/vins\/accueil\/vins\/phusis-3-2009\/metaphusis-3-5\/\",\"url\":\"http:\/\/www.phusis.ch\/vins\/accueil\/vins\/phusis-3-2009\/metaphusis-3-5\/\",\"name\":\"johannisberg fully 2009 - PHUSIS\",\"isPartOf\":{\"@id\":\"https:\/\/www.phusis.ch\/vins\/#website\"},\"primaryImageOfPage\":{\"@id\":\"http:\/\/www.phusis.ch\/vins\/accueil\/vins\/phusis-3-2009\/metaphusis-3-5\/#primaryimage\"},\"image\":{\"@id\":\"http:\/\/www.phusis.ch\/vins\/accueil\/vins\/phusis-3-2009\/metaphusis-3-5\/#primaryimage\"},\"thumbnailUrl\":\"http:\/\/www.phusis.ch\/vins\/wp-content\/uploads\/2022\/12\/JohFully-scaled.jpg\",\"datePublished\":\"2010-09-22T15:47:41+00:00\",\"dateModified\":\"2023-03-05T13:35:37+00:00\",\"breadcrumb\":{\"@id\":\"http:\/\/www.phusis.ch\/vins\/accueil\/vins\/phusis-3-2009\/metaphusis-3-5\/#breadcrumb\"},\"inLanguage\":\"fr-FR\",\"potentialAction\":[{\"@type\":\"ReadAction\",\"target\":[\"http:\/\/www.phusis.ch\/vins\/accueil\/vins\/phusis-3-2009\/metaphusis-3-5\/\"]}]},{\"@type\":\"ImageObject\",\"inLanguage\":\"fr-FR\",\"@id\":\"http:\/\/www.phusis.ch\/vins\/accueil\/vins\/phusis-3-2009\/metaphusis-3-5\/#primaryimage\",\"url\":\"http:\/\/www.phusis.ch\/vins\/wp-content\/uploads\/2022\/12\/JohFully-scaled.jpg\",\"contentUrl\":\"http:\/\/www.phusis.ch\/vins\/wp-content\/uploads\/2022\/12\/JohFully-scaled.jpg\",\"width\":1920,\"height\":2560,\"caption\":\"Exif_JPEG_PICTURE\"},{\"@type\":\"BreadcrumbList\",\"@id\":\"http:\/\/www.phusis.ch\/vins\/accueil\/vins\/phusis-3-2009\/metaphusis-3-5\/#breadcrumb\",\"itemListElement\":[{\"@type\":\"ListItem\",\"position\":1,\"name\":\"Accueil\",\"item\":\"http:\/\/www.phusis.ch\/vins\/\"},{\"@type\":\"ListItem\",\"position\":2,\"name\":\"bienvenue sur phusis vins\",\"item\":\"http:\/\/www.phusis.ch\/vins\/\"},{\"@type\":\"ListItem\",\"position\":3,\"name\":\"nos vins\",\"item\":\"https:\/\/www.phusis.ch\/vins\/accueil\/vins\/\"},{\"@type\":\"ListItem\",\"position\":4,\"name\":\"mill\u00e9sime 2009\",\"item\":\"http:\/\/www.phusis.ch\/vins\/accueil\/vins\/phusis-3-2009\/\"},{\"@type\":\"ListItem\",\"position\":5,\"name\":\"johannisberg fully 2009\"}]},{\"@type\":\"WebSite\",\"@id\":\"https:\/\/www.phusis.ch\/vins\/#website\",\"url\":\"https:\/\/www.phusis.ch\/vins\/\",\"name\":\"PHUSIS\",\"description\":\"Phusis | Une exp\u00e9rience du vin\",\"publisher\":{\"@id\":\"https:\/\/www.phusis.ch\/vins\/#organization\"},\"potentialAction\":[{\"@type\":\"SearchAction\",\"target\":{\"@type\":\"EntryPoint\",\"urlTemplate\":\"https:\/\/www.phusis.ch\/vins\/?s={search_term_string}\"},\"query-input\":\"required name=search_term_string\"}],\"inLanguage\":\"fr-FR\"},{\"@type\":\"Organization\",\"@id\":\"https:\/\/www.phusis.ch\/vins\/#organization\",\"name\":\"PHUSIS\",\"url\":\"https:\/\/www.phusis.ch\/vins\/\",\"logo\":{\"@type\":\"ImageObject\",\"inLanguage\":\"fr-FR\",\"@id\":\"https:\/\/www.phusis.ch\/vins\/#\/schema\/logo\/image\/\",\"url\":\"http:\/\/www.phusis.ch\/vins\/wp-content\/uploads\/2021\/06\/Oiseau-PHUSIS-Transparent-1024x1024-1.png\",\"contentUrl\":\"http:\/\/www.phusis.ch\/vins\/wp-content\/uploads\/2021\/06\/Oiseau-PHUSIS-Transparent-1024x1024-1.png\",\"width\":1024,\"height\":1024,\"caption\":\"PHUSIS\"},\"image\":{\"@id\":\"https:\/\/www.phusis.ch\/vins\/#\/schema\/logo\/image\/\"}}]}<\/script>\n<!-- \/ Yoast SEO plugin. -->","yoast_head_json":{"title":"johannisberg fully 2009 - PHUSIS","robots":{"index":"index","follow":"follow","max-snippet":"max-snippet:-1","max-image-preview":"max-image-preview:large","max-video-preview":"max-video-preview:-1"},"canonical":"http:\/\/www.phusis.ch\/vins\/accueil\/vins\/phusis-3-2009\/metaphusis-3-5\/","og_locale":"fr_FR","og_type":"article","og_title":"johannisberg fully 2009 - PHUSIS","og_description":"0 bouteilles C\u00e9page :\u00a0SylvanerD\u00e9gustation :\u00a010 \u00e0 12\u00b0CLong\u00e9vit\u00e9 : 2010-2015Prix :\u00a027.-\/bt (\u00e9puis\u00e9) Origine La gamme metaPHUSIS est \u00e9labor\u00e9e \u00e0 partir de raisins ou de vins achet\u00e9s aupr\u00e8s de vignerons respectueux dont nous connaissons le travail ainsi que les parcelles. Ce vin est issu d\u2019un assemblage de raisins provenant de diff\u00e9rentes vignes de Fully. Une petite partie [&hellip;]","og_url":"http:\/\/www.phusis.ch\/vins\/accueil\/vins\/phusis-3-2009\/metaphusis-3-5\/","og_site_name":"PHUSIS","article_modified_time":"2023-03-05T13:35:37+00:00","og_image":[{"width":1920,"height":2560,"url":"http:\/\/www.phusis.ch\/vins\/wp-content\/uploads\/2022\/12\/JohFully-scaled.jpg","type":"image\/jpeg"}],"twitter_card":"summary_large_image","twitter_misc":{"Dur\u00e9e de lecture estim\u00e9e":"2 minutes"},"schema":{"@context":"https:\/\/schema.org","@graph":[{"@type":"WebPage","@id":"http:\/\/www.phusis.ch\/vins\/accueil\/vins\/phusis-3-2009\/metaphusis-3-5\/","url":"http:\/\/www.phusis.ch\/vins\/accueil\/vins\/phusis-3-2009\/metaphusis-3-5\/","name":"johannisberg fully 2009 - PHUSIS","isPartOf":{"@id":"https:\/\/www.phusis.ch\/vins\/#website"},"primaryImageOfPage":{"@id":"http:\/\/www.phusis.ch\/vins\/accueil\/vins\/phusis-3-2009\/metaphusis-3-5\/#primaryimage"},"image":{"@id":"http:\/\/www.phusis.ch\/vins\/accueil\/vins\/phusis-3-2009\/metaphusis-3-5\/#primaryimage"},"thumbnailUrl":"http:\/\/www.phusis.ch\/vins\/wp-content\/uploads\/2022\/12\/JohFully-scaled.jpg","datePublished":"2010-09-22T15:47:41+00:00","dateModified":"2023-03-05T13:35:37+00:00","breadcrumb":{"@id":"http:\/\/www.phusis.ch\/vins\/accueil\/vins\/phusis-3-2009\/metaphusis-3-5\/#breadcrumb"},"inLanguage":"fr-FR","potentialAction":[{"@type":"ReadAction","target":["http:\/\/www.phusis.ch\/vins\/accueil\/vins\/phusis-3-2009\/metaphusis-3-5\/"]}]},{"@type":"ImageObject","inLanguage":"fr-FR","@id":"http:\/\/www.phusis.ch\/vins\/accueil\/vins\/phusis-3-2009\/metaphusis-3-5\/#primaryimage","url":"http:\/\/www.phusis.ch\/vins\/wp-content\/uploads\/2022\/12\/JohFully-scaled.jpg","contentUrl":"http:\/\/www.phusis.ch\/vins\/wp-content\/uploads\/2022\/12\/JohFully-scaled.jpg","width":1920,"height":2560,"caption":"Exif_JPEG_PICTURE"},{"@type":"BreadcrumbList","@id":"http:\/\/www.phusis.ch\/vins\/accueil\/vins\/phusis-3-2009\/metaphusis-3-5\/#breadcrumb","itemListElement":[{"@type":"ListItem","position":1,"name":"Accueil","item":"http:\/\/www.phusis.ch\/vins\/"},{"@type":"ListItem","position":2,"name":"bienvenue sur phusis vins","item":"http:\/\/www.phusis.ch\/vins\/"},{"@type":"ListItem","position":3,"name":"nos vins","item":"https:\/\/www.phusis.ch\/vins\/accueil\/vins\/"},{"@type":"ListItem","position":4,"name":"mill\u00e9sime 2009","item":"http:\/\/www.phusis.ch\/vins\/accueil\/vins\/phusis-3-2009\/"},{"@type":"ListItem","position":5,"name":"johannisberg fully 2009"}]},{"@type":"WebSite","@id":"https:\/\/www.phusis.ch\/vins\/#website","url":"https:\/\/www.phusis.ch\/vins\/","name":"PHUSIS","description":"Phusis | Une exp\u00e9rience du vin","publisher":{"@id":"https:\/\/www.phusis.ch\/vins\/#organization"},"potentialAction":[{"@type":"SearchAction","target":{"@type":"EntryPoint","urlTemplate":"https:\/\/www.phusis.ch\/vins\/?s={search_term_string}"},"query-input":"required name=search_term_string"}],"inLanguage":"fr-FR"},{"@type":"Organization","@id":"https:\/\/www.phusis.ch\/vins\/#organization","name":"PHUSIS","url":"https:\/\/www.phusis.ch\/vins\/","logo":{"@type":"ImageObject","inLanguage":"fr-FR","@id":"https:\/\/www.phusis.ch\/vins\/#\/schema\/logo\/image\/","url":"http:\/\/www.phusis.ch\/vins\/wp-content\/uploads\/2021\/06\/Oiseau-PHUSIS-Transparent-1024x1024-1.png","contentUrl":"http:\/\/www.phusis.ch\/vins\/wp-content\/uploads\/2021\/06\/Oiseau-PHUSIS-Transparent-1024x1024-1.png","width":1024,"height":1024,"caption":"PHUSIS"},"image":{"@id":"https:\/\/www.phusis.ch\/vins\/#\/schema\/logo\/image\/"}}]}},"_links":{"self":[{"href":"http:\/\/www.phusis.ch\/vins\/wp-json\/wp\/v2\/pages\/627"}],"collection":[{"href":"http:\/\/www.phusis.ch\/vins\/wp-json\/wp\/v2\/pages"}],"about":[{"href":"http:\/\/www.phusis.ch\/vins\/wp-json\/wp\/v2\/types\/page"}],"author":[{"embeddable":true,"href":"http:\/\/www.phusis.ch\/vins\/wp-json\/wp\/v2\/users\/4"}],"replies":[{"embeddable":true,"href":"http:\/\/www.phusis.ch\/vins\/wp-json\/wp\/v2\/comments?post=627"}],"version-history":[{"count":42,"href":"http:\/\/www.phusis.ch\/vins\/wp-json\/wp\/v2\/pages\/627\/revisions"}],"predecessor-version":[{"id":11213,"href":"http:\/\/www.phusis.ch\/vins\/wp-json\/wp\/v2\/pages\/627\/revisions\/11213"}],"up":[{"embeddable":true,"href":"http:\/\/www.phusis.ch\/vins\/wp-json\/wp\/v2\/pages\/61"}],"wp:featuredmedia":[{"embeddable":true,"href":"http:\/\/www.phusis.ch\/vins\/wp-json\/wp\/v2\/media\/8559"}],"wp:attachment":[{"href":"http:\/\/www.phusis.ch\/vins\/wp-json\/wp\/v2\/media?parent=627"}],"curies":[{"name":"wp","href":"https:\/\/api.w.org\/{rel}","templated":true}]}}