{"id":898,"date":"2011-09-08T20:28:52","date_gmt":"2011-09-08T20:28:52","guid":{"rendered":"http:\/\/www.phusis.ch\/steve\/?page_id=898"},"modified":"2015-01-23T20:27:15","modified_gmt":"2015-01-23T19:27:15","slug":"les-autres-degustations","status":"publish","type":"page","link":"http:\/\/www.phusis.ch\/vins\/degustations\/les-autres-degustations\/","title":{"rendered":"Les autres d\u00e9gustations"},"content":{"rendered":"<p><a href=\"http:\/\/www.phusis.ch\/vins\/wp-content\/uploads\/2010\/04\/cygne11.jpg\"><img fetchpriority=\"high\" decoding=\"async\" class=\"alignright size-medium wp-image-860\" title=\"cygne1\" src=\"http:\/\/www.phusis.ch\/vins\/wp-content\/uploads\/2010\/04\/cygne11-258x300.jpg\" alt=\"\" width=\"258\" height=\"300\" srcset=\"http:\/\/www.phusis.ch\/vins\/wp-content\/uploads\/2010\/04\/cygne11-258x300.jpg 258w, http:\/\/www.phusis.ch\/vins\/wp-content\/uploads\/2010\/04\/cygne11.jpg 344w\" sizes=\"(max-width: 258px) 100vw, 258px\" \/><\/a>Parall\u00e8lement aux d\u00e9gustations de la Sarraz, nous sommes aussi actifs \u00e0 Gen\u00e8ve chez <a href=\"http:\/\/www.vinosesam.com\">Vinosesam<\/a>\u00a0ainsi qu\u2019\u00e0 <a href=\"http:\/\/www.changins.ch\/formations\/ecole-du-vin\">l&#8217;Ecole du Vins de Changins<\/a>.<\/p>\n<p>Enfin, sur demande, nous organisons aussi des soir\u00e9es th\u00e9matiques ainsi que des d\u00e9gustations \u00e0 domicile. N\u2019h\u00e9sitez pas \u00e0 nous contacter en cas d\u2019int\u00e9r\u00eat.<\/p>\n<p>&nbsp;<\/p>\n\n\t\t\t<div style=\"clear: both; float: none;\" class=\"ratepost-clear\"><\/div>\n\t\t\t<div id=\"ratepost-898\" class=\"ratepost\" rel=\"3\">\n\t\t\t\t\t<span class=\"rating3\"><div class=\"star1\" rel=\"1\"><\/div><div class=\"star2\" rel=\"2\"><\/div><div class=\"star3\" rel=\"3\"><\/div><div class=\"star4\" rel=\"4\"><\/div><div class=\"star5\" rel=\"5\"><\/div><\/span>\n\t\t\t\t<div class=\"status-info\"><\/div>\n\t\t<\/div><div style=\"clear: both; float: none;\" class=\"ratepost-clear\"><\/div>","protected":false},"excerpt":{"rendered":"<p>Parall\u00e8lement aux d\u00e9gustations de la Sarraz, nous sommes aussi actifs \u00e0 Gen\u00e8ve chez Vinosesam\u00a0ainsi qu\u2019\u00e0 l&#8217;Ecole du Vins de Changins. Enfin, sur demande, nous organisons aussi des soir\u00e9es th\u00e9matiques ainsi que des d\u00e9gustations \u00e0 domicile. N\u2019h\u00e9sitez pas \u00e0 nous contacter en cas d\u2019int\u00e9r\u00eat. &nbsp;<\/p>\n","protected":false},"author":4,"featured_media":0,"parent":893,"menu_order":2,"comment_status":"open","ping_status":"open","template":"","meta":{"_monsterinsights_skip_tracking":false,"_monsterinsights_sitenote_active":false,"_monsterinsights_sitenote_note":"","_monsterinsights_sitenote_category":0,"footnotes":""},"yoast_head":"<!-- This site is optimized with the Yoast SEO plugin v22.8 - https:\/\/yoast.com\/wordpress\/plugins\/seo\/ -->\n<title>Les autres d\u00e9gustations - PHUSIS<\/title>\n<meta name=\"robots\" content=\"index, follow, max-snippet:-1, max-image-preview:large, max-video-preview:-1\" \/>\n<link rel=\"canonical\" href=\"http:\/\/www.phusis.ch\/vins\/degustations\/les-autres-degustations\/\" \/>\n<meta property=\"og:locale\" content=\"fr_FR\" \/>\n<meta property=\"og:type\" content=\"article\" \/>\n<meta property=\"og:title\" content=\"Les autres d\u00e9gustations - PHUSIS\" \/>\n<meta property=\"og:description\" content=\"Parall\u00e8lement aux d\u00e9gustations de la Sarraz, nous sommes aussi actifs \u00e0 Gen\u00e8ve chez Vinosesam\u00a0ainsi qu\u2019\u00e0 l&#8217;Ecole du Vins de Changins. Enfin, sur demande, nous organisons aussi des soir\u00e9es th\u00e9matiques ainsi que des d\u00e9gustations \u00e0 domicile. N\u2019h\u00e9sitez pas \u00e0 nous contacter en cas d\u2019int\u00e9r\u00eat. &nbsp;\" \/>\n<meta property=\"og:url\" content=\"http:\/\/www.phusis.ch\/vins\/degustations\/les-autres-degustations\/\" \/>\n<meta property=\"og:site_name\" content=\"PHUSIS\" \/>\n<meta property=\"article:modified_time\" content=\"2015-01-23T19:27:15+00:00\" \/>\n<meta property=\"og:image\" content=\"http:\/\/www.phusis.ch\/vins\/wp-content\/uploads\/2010\/04\/cygne11-258x300.jpg\" \/>\n<meta name=\"twitter:card\" content=\"summary_large_image\" \/>\n<script type=\"application\/ld+json\" class=\"yoast-schema-graph\">{\"@context\":\"https:\/\/schema.org\",\"@graph\":[{\"@type\":\"WebPage\",\"@id\":\"http:\/\/www.phusis.ch\/vins\/degustations\/les-autres-degustations\/\",\"url\":\"http:\/\/www.phusis.ch\/vins\/degustations\/les-autres-degustations\/\",\"name\":\"Les autres d\u00e9gustations - PHUSIS\",\"isPartOf\":{\"@id\":\"http:\/\/www.phusis.ch\/vins\/#website\"},\"primaryImageOfPage\":{\"@id\":\"http:\/\/www.phusis.ch\/vins\/degustations\/les-autres-degustations\/#primaryimage\"},\"image\":{\"@id\":\"http:\/\/www.phusis.ch\/vins\/degustations\/les-autres-degustations\/#primaryimage\"},\"thumbnailUrl\":\"http:\/\/www.phusis.ch\/vins\/wp-content\/uploads\/2010\/04\/cygne11-258x300.jpg\",\"datePublished\":\"2011-09-08T20:28:52+00:00\",\"dateModified\":\"2015-01-23T19:27:15+00:00\",\"breadcrumb\":{\"@id\":\"http:\/\/www.phusis.ch\/vins\/degustations\/les-autres-degustations\/#breadcrumb\"},\"inLanguage\":\"fr-FR\",\"potentialAction\":[{\"@type\":\"ReadAction\",\"target\":[\"http:\/\/www.phusis.ch\/vins\/degustations\/les-autres-degustations\/\"]}]},{\"@type\":\"ImageObject\",\"inLanguage\":\"fr-FR\",\"@id\":\"http:\/\/www.phusis.ch\/vins\/degustations\/les-autres-degustations\/#primaryimage\",\"url\":\"http:\/\/www.phusis.ch\/vins\/wp-content\/uploads\/2010\/04\/cygne11.jpg\",\"contentUrl\":\"http:\/\/www.phusis.ch\/vins\/wp-content\/uploads\/2010\/04\/cygne11.jpg\",\"width\":\"344\",\"height\":\"400\",\"caption\":\"Phusis\"},{\"@type\":\"BreadcrumbList\",\"@id\":\"http:\/\/www.phusis.ch\/vins\/degustations\/les-autres-degustations\/#breadcrumb\",\"itemListElement\":[{\"@type\":\"ListItem\",\"position\":1,\"name\":\"Accueil\",\"item\":\"http:\/\/www.phusis.ch\/vins\/\"},{\"@type\":\"ListItem\",\"position\":2,\"name\":\"D\u00e9gustations\",\"item\":\"https:\/\/www.phusis.ch\/vins\/degustations\/\"},{\"@type\":\"ListItem\",\"position\":3,\"name\":\"Les autres d\u00e9gustations\"}]},{\"@type\":\"WebSite\",\"@id\":\"http:\/\/www.phusis.ch\/vins\/#website\",\"url\":\"http:\/\/www.phusis.ch\/vins\/\",\"name\":\"PHUSIS\",\"description\":\"Phusis | Une exp\u00e9rience du vin\",\"publisher\":{\"@id\":\"http:\/\/www.phusis.ch\/vins\/#organization\"},\"potentialAction\":[{\"@type\":\"SearchAction\",\"target\":{\"@type\":\"EntryPoint\",\"urlTemplate\":\"http:\/\/www.phusis.ch\/vins\/?s={search_term_string}\"},\"query-input\":\"required name=search_term_string\"}],\"inLanguage\":\"fr-FR\"},{\"@type\":\"Organization\",\"@id\":\"http:\/\/www.phusis.ch\/vins\/#organization\",\"name\":\"PHUSIS\",\"url\":\"http:\/\/www.phusis.ch\/vins\/\",\"logo\":{\"@type\":\"ImageObject\",\"inLanguage\":\"fr-FR\",\"@id\":\"http:\/\/www.phusis.ch\/vins\/#\/schema\/logo\/image\/\",\"url\":\"http:\/\/www.phusis.ch\/vins\/wp-content\/uploads\/2021\/06\/Oiseau-PHUSIS-Transparent-1024x1024-1.png\",\"contentUrl\":\"http:\/\/www.phusis.ch\/vins\/wp-content\/uploads\/2021\/06\/Oiseau-PHUSIS-Transparent-1024x1024-1.png\",\"width\":1024,\"height\":1024,\"caption\":\"PHUSIS\"},\"image\":{\"@id\":\"http:\/\/www.phusis.ch\/vins\/#\/schema\/logo\/image\/\"}}]}<\/script>\n<!-- \/ Yoast SEO plugin. -->","yoast_head_json":{"title":"Les autres d\u00e9gustations - PHUSIS","robots":{"index":"index","follow":"follow","max-snippet":"max-snippet:-1","max-image-preview":"max-image-preview:large","max-video-preview":"max-video-preview:-1"},"canonical":"http:\/\/www.phusis.ch\/vins\/degustations\/les-autres-degustations\/","og_locale":"fr_FR","og_type":"article","og_title":"Les autres d\u00e9gustations - PHUSIS","og_description":"Parall\u00e8lement aux d\u00e9gustations de la Sarraz, nous sommes aussi actifs \u00e0 Gen\u00e8ve chez Vinosesam\u00a0ainsi qu\u2019\u00e0 l&#8217;Ecole du Vins de Changins. Enfin, sur demande, nous organisons aussi des soir\u00e9es th\u00e9matiques ainsi que des d\u00e9gustations \u00e0 domicile. N\u2019h\u00e9sitez pas \u00e0 nous contacter en cas d\u2019int\u00e9r\u00eat. &nbsp;","og_url":"http:\/\/www.phusis.ch\/vins\/degustations\/les-autres-degustations\/","og_site_name":"PHUSIS","article_modified_time":"2015-01-23T19:27:15+00:00","og_image":[{"url":"http:\/\/www.phusis.ch\/vins\/wp-content\/uploads\/2010\/04\/cygne11-258x300.jpg"}],"twitter_card":"summary_large_image","schema":{"@context":"https:\/\/schema.org","@graph":[{"@type":"WebPage","@id":"http:\/\/www.phusis.ch\/vins\/degustations\/les-autres-degustations\/","url":"http:\/\/www.phusis.ch\/vins\/degustations\/les-autres-degustations\/","name":"Les autres d\u00e9gustations - PHUSIS","isPartOf":{"@id":"http:\/\/www.phusis.ch\/vins\/#website"},"primaryImageOfPage":{"@id":"http:\/\/www.phusis.ch\/vins\/degustations\/les-autres-degustations\/#primaryimage"},"image":{"@id":"http:\/\/www.phusis.ch\/vins\/degustations\/les-autres-degustations\/#primaryimage"},"thumbnailUrl":"http:\/\/www.phusis.ch\/vins\/wp-content\/uploads\/2010\/04\/cygne11-258x300.jpg","datePublished":"2011-09-08T20:28:52+00:00","dateModified":"2015-01-23T19:27:15+00:00","breadcrumb":{"@id":"http:\/\/www.phusis.ch\/vins\/degustations\/les-autres-degustations\/#breadcrumb"},"inLanguage":"fr-FR","potentialAction":[{"@type":"ReadAction","target":["http:\/\/www.phusis.ch\/vins\/degustations\/les-autres-degustations\/"]}]},{"@type":"ImageObject","inLanguage":"fr-FR","@id":"http:\/\/www.phusis.ch\/vins\/degustations\/les-autres-degustations\/#primaryimage","url":"http:\/\/www.phusis.ch\/vins\/wp-content\/uploads\/2010\/04\/cygne11.jpg","contentUrl":"http:\/\/www.phusis.ch\/vins\/wp-content\/uploads\/2010\/04\/cygne11.jpg","width":"344","height":"400","caption":"Phusis"},{"@type":"BreadcrumbList","@id":"http:\/\/www.phusis.ch\/vins\/degustations\/les-autres-degustations\/#breadcrumb","itemListElement":[{"@type":"ListItem","position":1,"name":"Accueil","item":"http:\/\/www.phusis.ch\/vins\/"},{"@type":"ListItem","position":2,"name":"D\u00e9gustations","item":"https:\/\/www.phusis.ch\/vins\/degustations\/"},{"@type":"ListItem","position":3,"name":"Les autres d\u00e9gustations"}]},{"@type":"WebSite","@id":"http:\/\/www.phusis.ch\/vins\/#website","url":"http:\/\/www.phusis.ch\/vins\/","name":"PHUSIS","description":"Phusis | Une exp\u00e9rience du vin","publisher":{"@id":"http:\/\/www.phusis.ch\/vins\/#organization"},"potentialAction":[{"@type":"SearchAction","target":{"@type":"EntryPoint","urlTemplate":"http:\/\/www.phusis.ch\/vins\/?s={search_term_string}"},"query-input":"required name=search_term_string"}],"inLanguage":"fr-FR"},{"@type":"Organization","@id":"http:\/\/www.phusis.ch\/vins\/#organization","name":"PHUSIS","url":"http:\/\/www.phusis.ch\/vins\/","logo":{"@type":"ImageObject","inLanguage":"fr-FR","@id":"http:\/\/www.phusis.ch\/vins\/#\/schema\/logo\/image\/","url":"http:\/\/www.phusis.ch\/vins\/wp-content\/uploads\/2021\/06\/Oiseau-PHUSIS-Transparent-1024x1024-1.png","contentUrl":"http:\/\/www.phusis.ch\/vins\/wp-content\/uploads\/2021\/06\/Oiseau-PHUSIS-Transparent-1024x1024-1.png","width":1024,"height":1024,"caption":"PHUSIS"},"image":{"@id":"http:\/\/www.phusis.ch\/vins\/#\/schema\/logo\/image\/"}}]}},"_links":{"self":[{"href":"http:\/\/www.phusis.ch\/vins\/wp-json\/wp\/v2\/pages\/898"}],"collection":[{"href":"http:\/\/www.phusis.ch\/vins\/wp-json\/wp\/v2\/pages"}],"about":[{"href":"http:\/\/www.phusis.ch\/vins\/wp-json\/wp\/v2\/types\/page"}],"author":[{"embeddable":true,"href":"http:\/\/www.phusis.ch\/vins\/wp-json\/wp\/v2\/users\/4"}],"replies":[{"embeddable":true,"href":"http:\/\/www.phusis.ch\/vins\/wp-json\/wp\/v2\/comments?post=898"}],"version-history":[{"count":5,"href":"http:\/\/www.phusis.ch\/vins\/wp-json\/wp\/v2\/pages\/898\/revisions"}],"predecessor-version":[{"id":2716,"href":"http:\/\/www.phusis.ch\/vins\/wp-json\/wp\/v2\/pages\/898\/revisions\/2716"}],"up":[{"embeddable":true,"href":"http:\/\/www.phusis.ch\/vins\/wp-json\/wp\/v2\/pages\/893"}],"wp:attachment":[{"href":"http:\/\/www.phusis.ch\/vins\/wp-json\/wp\/v2\/media?parent=898"}],"curies":[{"name":"wp","href":"https:\/\/api.w.org\/{rel}","templated":true}]}}