{"id":100,"date":"2010-05-02T13:19:59","date_gmt":"2010-05-02T11:19:59","guid":{"rendered":"http:\/\/phusis.ch\/phusis\/?page_id=100"},"modified":"2023-03-06T09:22:19","modified_gmt":"2023-03-06T08:22:19","slug":"apparition-du-mouvement-phusique","status":"publish","type":"page","link":"https:\/\/www.phusis.ch\/vins\/phusis-nom\/apparition-du-mouvement-phusique\/","title":{"rendered":"apparition du mouvement phusique"},"content":{"rendered":"<p>F\u00e9vrier 2007. Deux \u00eatres humains se prom\u00e8nent \u00ab 6000 pieds au-dessus du niveau de la mer, et bien plus encore au-dessus de toutes les choses humaines \u00bb. Un philosophe et un vigneron, dans un \u00e9tat, une dimension qui n\u2019est plus vraiment la leur.<\/p>\n<h4><strong>\u00c7a parle en eux<\/strong><\/h4>\n<p>Ils marchent dans la neige, en direction d\u2019une vall\u00e9e recul\u00e9e. Ils s\u2019y enfoncent, en suivant des traces inconnues. Leur esprit toujours plus l\u00e9ger, plus libre, les traces toujours plus improbables. Et ils parlent. N\u2019arr\u00eatent pas de parler. Mieux : \u00e7a parle, \u00e7a parle en eux. \u00c7a n\u2019arr\u00eate pas de parler en eux. En eux et autour d\u2019eux, finalement \u00e0 partir d\u2019eux.<\/p>\n<p>Des mots se lib\u00e8rent, comme par enchantement. Comme s\u2019ils provenaient du paysage dans lequel ils s\u2019enfoncent et s\u2019enivrent. De la neige, des montagnes, des rochers de toute taille et de toute forme. Du ciel, d\u2019un bleu inou\u00ef, du soleil, brillant comme jamais, des ombres, terriblement sombres, de la neige, d&#8217;une blancheur immacul\u00e9e. De la neige, partout de la neige. Et l\u00e0-haut, dans le ciel, si bleu, si haut, pr\u00e8s du soleil, un aigle avec un serpent enroul\u00e9 autour du cou.<\/p>\n<h4><strong>Mouvement phusique<\/strong><\/h4>\n<p>Les mots raconte comment l\u2019homme a pris l\u2019habitude de consid\u00e9rer le monde. Comment il en est venu \u00e0 oublier ce qu\u2019il est, \u00e0 ne plus exp\u00e9rimenter les forces qui le traversent. Ces mots, ils commencent par les choisir, \u00e0 les d\u00e9ployer, \u00e0 partir du grec ancien. Avant de perdre le contr\u00f4le, de les suivre, de les accompagner, jusqu&#8217;\u00e0 d\u00e9couvrir des id\u00e9es impensables, d&#8217;une incroyable v\u00e9rit\u00e9, beaut\u00e9 et coh\u00e9rence, loin en-de\u00e7\u00e0 et au-del\u00e0 d&#8217;eux-m\u00eames. Jusqu&#8217;\u00e0 formuler le <strong>mouvement phusique<\/strong>, mouvement de pens\u00e9e, aussi in\u00e9dit que vieux, comme le monde, au plus loin de notre volont\u00e9 de clart\u00e9 qui triomphe depuis la nuit des temps. Mouvement qui a trait \u00e0 la <em>phusis<\/em> (mot grec pour <em>nature<\/em>), exp\u00e9riment\u00e9e comme \u00e9closion des profondeurs, pulsivit\u00e9 productrice \u00e0 partir du retrait et de la destruction, enfantin jeu divin d&#8217;un artiste de la vie et de la mort : Dionysos.<\/p>\n<h4><strong>Biologie, biodynamie, phusis<\/strong><\/h4>\n<p>Le mouvement appara\u00eet pas \u00e0 pas, \u00e9tape par \u00e9tape. Au fil de de la p\u00e9r\u00e9grination. Il part du concept de \u00ab biologie \u00bb : approche logique et rationnelle du vivant comme objet physico-chimique. Il en vient \u00e0 la \u00ab biodynamie \u00bb : travail sur les possibilit\u00e9s du vivant comme ensemble. Pour aboutir au mouvement phusique : accompagnement productif et mise en \u0153uvre des forces de vie en leur va-et-vient interd\u00e9pendant.<\/p>\n<p>Au retour de leur promenade, le philosophe a fix\u00e9, nettoy\u00e9 et compl\u00e9t\u00e9 le cheminement, qui n&#8217;est autre que le noyau th\u00e9orique de ce qui les rassemble et travaille et depuis. Il se trouve<a href=\"https:\/\/www.phusis.ch\/vins\/phusis-nom\/noyau-theorique\/\"><strong> ici<\/strong><\/a>.<\/p>\n\n\t\t\t<div style=\"clear: both; float: none;\" class=\"ratepost-clear\"><\/div>\n\t\t\t<div id=\"ratepost-100\" class=\"ratepost\" rel=\"3\">\n\t\t\t\t\t<span class=\"rating3\"><div class=\"star1\" rel=\"1\"><\/div><div class=\"star2\" rel=\"2\"><\/div><div class=\"star3\" rel=\"3\"><\/div><div class=\"star4\" rel=\"4\"><\/div><div class=\"star5\" rel=\"5\"><\/div><\/span>\n\t\t\t\t<div class=\"status-info\"><\/div>\n\t\t<\/div><div style=\"clear: both; float: none;\" class=\"ratepost-clear\"><\/div>","protected":false},"excerpt":{"rendered":"<p>F\u00e9vrier 2007. Deux \u00eatres humains se prom\u00e8nent \u00ab 6000 pieds au-dessus du niveau de la mer, et bien plus encore au-dessus de toutes les choses humaines \u00bb. Un philosophe et un vigneron, dans un \u00e9tat, une dimension qui n\u2019est plus vraiment la leur. \u00c7a parle en eux Ils marchent dans la neige, en direction d\u2019une [&hellip;]<\/p>\n","protected":false},"author":6,"featured_media":4566,"parent":4521,"menu_order":0,"comment_status":"closed","ping_status":"closed","template":"","meta":{"_monsterinsights_skip_tracking":false,"_monsterinsights_sitenote_active":false,"_monsterinsights_sitenote_note":"","_monsterinsights_sitenote_category":0,"footnotes":""},"yoast_head":"<!-- This site is optimized with the Yoast SEO plugin v22.8 - https:\/\/yoast.com\/wordpress\/plugins\/seo\/ -->\n<title>apparition du mouvement phusique - PHUSIS<\/title>\n<meta name=\"robots\" content=\"index, follow, max-snippet:-1, max-image-preview:large, max-video-preview:-1\" \/>\n<link rel=\"canonical\" href=\"https:\/\/www.phusis.ch\/vins\/phusis-nom\/apparition-du-mouvement-phusique\/\" \/>\n<meta property=\"og:locale\" content=\"fr_FR\" \/>\n<meta property=\"og:type\" content=\"article\" \/>\n<meta property=\"og:title\" content=\"apparition du mouvement phusique - PHUSIS\" \/>\n<meta property=\"og:description\" content=\"F\u00e9vrier 2007. Deux \u00eatres humains se prom\u00e8nent \u00ab 6000 pieds au-dessus du niveau de la mer, et bien plus encore au-dessus de toutes les choses humaines \u00bb. Un philosophe et un vigneron, dans un \u00e9tat, une dimension qui n\u2019est plus vraiment la leur. \u00c7a parle en eux Ils marchent dans la neige, en direction d\u2019une [&hellip;]\" \/>\n<meta property=\"og:url\" content=\"https:\/\/www.phusis.ch\/vins\/phusis-nom\/apparition-du-mouvement-phusique\/\" \/>\n<meta property=\"og:site_name\" content=\"PHUSIS\" \/>\n<meta property=\"article:modified_time\" content=\"2023-03-06T08:22:19+00:00\" \/>\n<meta property=\"og:image\" content=\"https:\/\/www.phusis.ch\/vins\/wp-content\/uploads\/2010\/05\/Val-Fedoz-scaled.jpg\" \/>\n\t<meta property=\"og:image:width\" content=\"2560\" \/>\n\t<meta property=\"og:image:height\" content=\"1920\" \/>\n\t<meta property=\"og:image:type\" content=\"image\/jpeg\" \/>\n<meta name=\"twitter:card\" content=\"summary_large_image\" \/>\n<meta name=\"twitter:label1\" content=\"Dur\u00e9e de lecture estim\u00e9e\" \/>\n\t<meta name=\"twitter:data1\" content=\"3 minutes\" \/>\n<script type=\"application\/ld+json\" class=\"yoast-schema-graph\">{\"@context\":\"https:\/\/schema.org\",\"@graph\":[{\"@type\":\"WebPage\",\"@id\":\"https:\/\/www.phusis.ch\/vins\/phusis-nom\/apparition-du-mouvement-phusique\/\",\"url\":\"https:\/\/www.phusis.ch\/vins\/phusis-nom\/apparition-du-mouvement-phusique\/\",\"name\":\"apparition du mouvement phusique - PHUSIS\",\"isPartOf\":{\"@id\":\"https:\/\/www.phusis.ch\/vins\/#website\"},\"primaryImageOfPage\":{\"@id\":\"https:\/\/www.phusis.ch\/vins\/phusis-nom\/apparition-du-mouvement-phusique\/#primaryimage\"},\"image\":{\"@id\":\"https:\/\/www.phusis.ch\/vins\/phusis-nom\/apparition-du-mouvement-phusique\/#primaryimage\"},\"thumbnailUrl\":\"https:\/\/www.phusis.ch\/vins\/wp-content\/uploads\/2010\/05\/Val-Fedoz-scaled.jpg\",\"datePublished\":\"2010-05-02T11:19:59+00:00\",\"dateModified\":\"2023-03-06T08:22:19+00:00\",\"breadcrumb\":{\"@id\":\"https:\/\/www.phusis.ch\/vins\/phusis-nom\/apparition-du-mouvement-phusique\/#breadcrumb\"},\"inLanguage\":\"fr-FR\",\"potentialAction\":[{\"@type\":\"ReadAction\",\"target\":[\"https:\/\/www.phusis.ch\/vins\/phusis-nom\/apparition-du-mouvement-phusique\/\"]}]},{\"@type\":\"ImageObject\",\"inLanguage\":\"fr-FR\",\"@id\":\"https:\/\/www.phusis.ch\/vins\/phusis-nom\/apparition-du-mouvement-phusique\/#primaryimage\",\"url\":\"https:\/\/www.phusis.ch\/vins\/wp-content\/uploads\/2010\/05\/Val-Fedoz-scaled.jpg\",\"contentUrl\":\"https:\/\/www.phusis.ch\/vins\/wp-content\/uploads\/2010\/05\/Val-Fedoz-scaled.jpg\",\"width\":2560,\"height\":1920},{\"@type\":\"BreadcrumbList\",\"@id\":\"https:\/\/www.phusis.ch\/vins\/phusis-nom\/apparition-du-mouvement-phusique\/#breadcrumb\",\"itemListElement\":[{\"@type\":\"ListItem\",\"position\":1,\"name\":\"Accueil\",\"item\":\"https:\/\/www.phusis.ch\/vins\/\"},{\"@type\":\"ListItem\",\"position\":2,\"name\":\"phusis\",\"item\":\"https:\/\/www.phusis.ch\/vins\/phusis-nom\/\"},{\"@type\":\"ListItem\",\"position\":3,\"name\":\"apparition du mouvement phusique\"}]},{\"@type\":\"WebSite\",\"@id\":\"https:\/\/www.phusis.ch\/vins\/#website\",\"url\":\"https:\/\/www.phusis.ch\/vins\/\",\"name\":\"PHUSIS\",\"description\":\"Phusis | Une exp\u00e9rience du vin\",\"publisher\":{\"@id\":\"https:\/\/www.phusis.ch\/vins\/#organization\"},\"potentialAction\":[{\"@type\":\"SearchAction\",\"target\":{\"@type\":\"EntryPoint\",\"urlTemplate\":\"https:\/\/www.phusis.ch\/vins\/?s={search_term_string}\"},\"query-input\":\"required name=search_term_string\"}],\"inLanguage\":\"fr-FR\"},{\"@type\":\"Organization\",\"@id\":\"https:\/\/www.phusis.ch\/vins\/#organization\",\"name\":\"PHUSIS\",\"url\":\"https:\/\/www.phusis.ch\/vins\/\",\"logo\":{\"@type\":\"ImageObject\",\"inLanguage\":\"fr-FR\",\"@id\":\"https:\/\/www.phusis.ch\/vins\/#\/schema\/logo\/image\/\",\"url\":\"https:\/\/www.phusis.ch\/vins\/wp-content\/uploads\/2021\/06\/Oiseau-PHUSIS-Transparent-1024x1024-1.png\",\"contentUrl\":\"https:\/\/www.phusis.ch\/vins\/wp-content\/uploads\/2021\/06\/Oiseau-PHUSIS-Transparent-1024x1024-1.png\",\"width\":1024,\"height\":1024,\"caption\":\"PHUSIS\"},\"image\":{\"@id\":\"https:\/\/www.phusis.ch\/vins\/#\/schema\/logo\/image\/\"}}]}<\/script>\n<!-- \/ Yoast SEO plugin. -->","yoast_head_json":{"title":"apparition du mouvement phusique - PHUSIS","robots":{"index":"index","follow":"follow","max-snippet":"max-snippet:-1","max-image-preview":"max-image-preview:large","max-video-preview":"max-video-preview:-1"},"canonical":"https:\/\/www.phusis.ch\/vins\/phusis-nom\/apparition-du-mouvement-phusique\/","og_locale":"fr_FR","og_type":"article","og_title":"apparition du mouvement phusique - PHUSIS","og_description":"F\u00e9vrier 2007. Deux \u00eatres humains se prom\u00e8nent \u00ab 6000 pieds au-dessus du niveau de la mer, et bien plus encore au-dessus de toutes les choses humaines \u00bb. Un philosophe et un vigneron, dans un \u00e9tat, une dimension qui n\u2019est plus vraiment la leur. \u00c7a parle en eux Ils marchent dans la neige, en direction d\u2019une [&hellip;]","og_url":"https:\/\/www.phusis.ch\/vins\/phusis-nom\/apparition-du-mouvement-phusique\/","og_site_name":"PHUSIS","article_modified_time":"2023-03-06T08:22:19+00:00","og_image":[{"width":2560,"height":1920,"url":"https:\/\/www.phusis.ch\/vins\/wp-content\/uploads\/2010\/05\/Val-Fedoz-scaled.jpg","type":"image\/jpeg"}],"twitter_card":"summary_large_image","twitter_misc":{"Dur\u00e9e de lecture estim\u00e9e":"3 minutes"},"schema":{"@context":"https:\/\/schema.org","@graph":[{"@type":"WebPage","@id":"https:\/\/www.phusis.ch\/vins\/phusis-nom\/apparition-du-mouvement-phusique\/","url":"https:\/\/www.phusis.ch\/vins\/phusis-nom\/apparition-du-mouvement-phusique\/","name":"apparition du mouvement phusique - PHUSIS","isPartOf":{"@id":"https:\/\/www.phusis.ch\/vins\/#website"},"primaryImageOfPage":{"@id":"https:\/\/www.phusis.ch\/vins\/phusis-nom\/apparition-du-mouvement-phusique\/#primaryimage"},"image":{"@id":"https:\/\/www.phusis.ch\/vins\/phusis-nom\/apparition-du-mouvement-phusique\/#primaryimage"},"thumbnailUrl":"https:\/\/www.phusis.ch\/vins\/wp-content\/uploads\/2010\/05\/Val-Fedoz-scaled.jpg","datePublished":"2010-05-02T11:19:59+00:00","dateModified":"2023-03-06T08:22:19+00:00","breadcrumb":{"@id":"https:\/\/www.phusis.ch\/vins\/phusis-nom\/apparition-du-mouvement-phusique\/#breadcrumb"},"inLanguage":"fr-FR","potentialAction":[{"@type":"ReadAction","target":["https:\/\/www.phusis.ch\/vins\/phusis-nom\/apparition-du-mouvement-phusique\/"]}]},{"@type":"ImageObject","inLanguage":"fr-FR","@id":"https:\/\/www.phusis.ch\/vins\/phusis-nom\/apparition-du-mouvement-phusique\/#primaryimage","url":"https:\/\/www.phusis.ch\/vins\/wp-content\/uploads\/2010\/05\/Val-Fedoz-scaled.jpg","contentUrl":"https:\/\/www.phusis.ch\/vins\/wp-content\/uploads\/2010\/05\/Val-Fedoz-scaled.jpg","width":2560,"height":1920},{"@type":"BreadcrumbList","@id":"https:\/\/www.phusis.ch\/vins\/phusis-nom\/apparition-du-mouvement-phusique\/#breadcrumb","itemListElement":[{"@type":"ListItem","position":1,"name":"Accueil","item":"https:\/\/www.phusis.ch\/vins\/"},{"@type":"ListItem","position":2,"name":"phusis","item":"https:\/\/www.phusis.ch\/vins\/phusis-nom\/"},{"@type":"ListItem","position":3,"name":"apparition du mouvement phusique"}]},{"@type":"WebSite","@id":"https:\/\/www.phusis.ch\/vins\/#website","url":"https:\/\/www.phusis.ch\/vins\/","name":"PHUSIS","description":"Phusis | Une exp\u00e9rience du vin","publisher":{"@id":"https:\/\/www.phusis.ch\/vins\/#organization"},"potentialAction":[{"@type":"SearchAction","target":{"@type":"EntryPoint","urlTemplate":"https:\/\/www.phusis.ch\/vins\/?s={search_term_string}"},"query-input":"required name=search_term_string"}],"inLanguage":"fr-FR"},{"@type":"Organization","@id":"https:\/\/www.phusis.ch\/vins\/#organization","name":"PHUSIS","url":"https:\/\/www.phusis.ch\/vins\/","logo":{"@type":"ImageObject","inLanguage":"fr-FR","@id":"https:\/\/www.phusis.ch\/vins\/#\/schema\/logo\/image\/","url":"https:\/\/www.phusis.ch\/vins\/wp-content\/uploads\/2021\/06\/Oiseau-PHUSIS-Transparent-1024x1024-1.png","contentUrl":"https:\/\/www.phusis.ch\/vins\/wp-content\/uploads\/2021\/06\/Oiseau-PHUSIS-Transparent-1024x1024-1.png","width":1024,"height":1024,"caption":"PHUSIS"},"image":{"@id":"https:\/\/www.phusis.ch\/vins\/#\/schema\/logo\/image\/"}}]}},"_links":{"self":[{"href":"https:\/\/www.phusis.ch\/vins\/wp-json\/wp\/v2\/pages\/100"}],"collection":[{"href":"https:\/\/www.phusis.ch\/vins\/wp-json\/wp\/v2\/pages"}],"about":[{"href":"https:\/\/www.phusis.ch\/vins\/wp-json\/wp\/v2\/types\/page"}],"author":[{"embeddable":true,"href":"https:\/\/www.phusis.ch\/vins\/wp-json\/wp\/v2\/users\/6"}],"replies":[{"embeddable":true,"href":"https:\/\/www.phusis.ch\/vins\/wp-json\/wp\/v2\/comments?post=100"}],"version-history":[{"count":6,"href":"https:\/\/www.phusis.ch\/vins\/wp-json\/wp\/v2\/pages\/100\/revisions"}],"predecessor-version":[{"id":11378,"href":"https:\/\/www.phusis.ch\/vins\/wp-json\/wp\/v2\/pages\/100\/revisions\/11378"}],"up":[{"embeddable":true,"href":"https:\/\/www.phusis.ch\/vins\/wp-json\/wp\/v2\/pages\/4521"}],"wp:featuredmedia":[{"embeddable":true,"href":"https:\/\/www.phusis.ch\/vins\/wp-json\/wp\/v2\/media\/4566"}],"wp:attachment":[{"href":"https:\/\/www.phusis.ch\/vins\/wp-json\/wp\/v2\/media?parent=100"}],"curies":[{"name":"wp","href":"https:\/\/api.w.org\/{rel}","templated":true}]}}