{"id":128,"date":"2010-05-02T09:21:37","date_gmt":"2010-05-02T07:21:37","guid":{"rendered":"http:\/\/www.phusis.ch\/steve\/?page_id=128"},"modified":"2023-03-05T14:33:04","modified_gmt":"2023-03-05T13:33:04","slug":"phusis-2-1","status":"publish","type":"page","link":"https:\/\/www.phusis.ch\/vins\/accueil\/vins\/phusis-2-2008\/phusis-2-1\/","title":{"rendered":"arvine mi-fl\u00e9trie 2008"},"content":{"rendered":"\t\t<div data-elementor-type=\"wp-page\" data-elementor-id=\"128\" class=\"elementor elementor-128\" data-elementor-post-type=\"page\">\n\t\t\t\t\t\t<section class=\"has_ma_el_bg_slider elementor-section elementor-top-section elementor-element elementor-element-54538833 elementor-section-boxed elementor-section-height-default elementor-section-height-default jltma-glass-effect-no\" data-id=\"54538833\" data-element_type=\"section\">\n\t\t\t\t\t\t<div class=\"elementor-container elementor-column-gap-default\">\n\t\t\t\t\t<div class=\"has_ma_el_bg_slider elementor-column elementor-col-100 elementor-top-column elementor-element elementor-element-5126ad9b jltma-glass-effect-no\" data-id=\"5126ad9b\" data-element_type=\"column\">\n\t\t\t<div class=\"elementor-widget-wrap elementor-element-populated\">\n\t\t\t\t\t\t<section class=\"has_ma_el_bg_slider elementor-section elementor-inner-section elementor-element elementor-element-44ea0140 elementor-section-boxed elementor-section-height-default elementor-section-height-default jltma-glass-effect-no\" data-id=\"44ea0140\" data-element_type=\"section\">\n\t\t\t\t\t\t<div class=\"elementor-container elementor-column-gap-default\">\n\t\t\t\t\t<div class=\"has_ma_el_bg_slider elementor-column elementor-col-33 elementor-inner-column elementor-element elementor-element-72905f2c jltma-glass-effect-no\" data-id=\"72905f2c\" data-element_type=\"column\">\n\t\t\t<div class=\"elementor-widget-wrap elementor-element-populated\">\n\t\t\t\t\t\t<div class=\"elementor-element elementor-element-2edb7c4 jltma-glass-effect-no elementor-widget elementor-widget-counter\" data-id=\"2edb7c4\" data-element_type=\"widget\" data-widget_type=\"counter.default\">\n\t\t\t\t<div class=\"elementor-widget-container\">\n\t\t\t\t\t<div class=\"elementor-counter\">\n\t\t\t<div class=\"elementor-counter-title\">bouteilles<\/div>\t\t\t<div class=\"elementor-counter-number-wrapper\">\n\t\t\t\t<span class=\"elementor-counter-number-prefix\"><\/span>\n\t\t\t\t<span class=\"elementor-counter-number\" data-duration=\"2000\" data-to-value=\"215\" data-from-value=\"0\" data-delimiter=\",\">0<\/span>\n\t\t\t\t<span class=\"elementor-counter-number-suffix\"><\/span>\n\t\t\t<\/div>\n\t\t<\/div>\n\t\t\t\t<\/div>\n\t\t\t\t<\/div>\n\t\t\t\t<div class=\"elementor-element elementor-element-5ef70b32 jltma-glass-effect-no elementor-widget elementor-widget-text-editor\" data-id=\"5ef70b32\" data-element_type=\"widget\" data-widget_type=\"text-editor.default\">\n\t\t\t\t<div class=\"elementor-widget-container\">\n\t\t\t\t\t\t\t<p><strong>C\u00e9page :<\/strong>\u00a0Petite Arvine<br \/><strong>D\u00e9gustation :<\/strong>\u00a07 \u00e0 9\u00b0C<br \/><strong>Long\u00e9vit\u00e9<\/strong><strong> :<\/strong> 2009-2013<br \/><strong>Prix :<\/strong>\u00a033.-\/bt (\u00e9puis\u00e9)<\/p><h4><strong>Origine<\/strong><\/h4><p>Cette cuv\u00e9e est issue de notre vigne de Sensine, \u00e0 Conthey, en Valais. Plus d\u2019informations concernant les vins PHUSIS<span style=\"color: #000000;\"> <strong><a style=\"color: #000000;\" href=\"https:\/\/www.phusis.ch\/steve\/les-vignes\/\">ici<\/a><\/strong><\/span>.<\/p><h4><span style=\"font-weight: bolder;\">Notes de d\u00e9gustation<\/span><\/h4><p>Robe claire, dor\u00e9e, \u00e0 reflets verts. Pr\u00e9sence d\u2019un l\u00e9ger trouble d\u00fb \u00e0 une filtration mod\u00e9r\u00e9e. Intense et aromatique, le nez s\u2019ouvre \u00e0 la fois sur des notes de fruits du verger confits et de fleurs d\u2019infusion. Suivent des nuances d\u2019\u00e9pices douces et de brioche. Ronde en attaque, relativement douce, la bouche \u00e9volue rapidement gr\u00e2ce \u00e0 une formidable vivacit\u00e9 qui tend le vin, \u00e9quilibre les sucres (environ 80 g) et donne \u00e0 la finale tr\u00e8s fruit\u00e9e une sensation de fra\u00eecheur presque tranchante. Vin explosif, tendu et cristallin (ao\u00fbt 2009).<\/p>\t\t\t\t\t\t<\/div>\n\t\t\t\t<\/div>\n\t\t\t\t\t<\/div>\n\t\t<\/div>\n\t\t\t\t<div class=\"has_ma_el_bg_slider elementor-column elementor-col-33 elementor-inner-column elementor-element elementor-element-408e3b8a jltma-glass-effect-no\" data-id=\"408e3b8a\" data-element_type=\"column\">\n\t\t\t<div class=\"elementor-widget-wrap elementor-element-populated\">\n\t\t\t\t\t\t<div class=\"elementor-element elementor-element-6aea8c5a jltma-glass-effect-no elementor-widget elementor-widget-image\" data-id=\"6aea8c5a\" data-element_type=\"widget\" data-widget_type=\"image.default\">\n\t\t\t\t<div class=\"elementor-widget-container\">\n\t\t\t\t\t\t\t\t\t\t\t\t\t<img fetchpriority=\"high\" decoding=\"async\" width=\"688\" height=\"2640\" src=\"https:\/\/www.phusis.ch\/vins\/wp-content\/uploads\/2023\/02\/Bouteille-dessinee2.png\" class=\"attachment-full size-full wp-image-10155\" alt=\"\" srcset=\"https:\/\/www.phusis.ch\/vins\/wp-content\/uploads\/2023\/02\/Bouteille-dessinee2.png 688w, https:\/\/www.phusis.ch\/vins\/wp-content\/uploads\/2023\/02\/Bouteille-dessinee2-78x300.png 78w, https:\/\/www.phusis.ch\/vins\/wp-content\/uploads\/2023\/02\/Bouteille-dessinee2-267x1024.png 267w, https:\/\/www.phusis.ch\/vins\/wp-content\/uploads\/2023\/02\/Bouteille-dessinee2-400x1536.png 400w, https:\/\/www.phusis.ch\/vins\/wp-content\/uploads\/2023\/02\/Bouteille-dessinee2-534x2048.png 534w\" sizes=\"(max-width: 688px) 100vw, 688px\" \/>\t\t\t\t\t\t\t\t\t\t\t\t\t<\/div>\n\t\t\t\t<\/div>\n\t\t\t\t\t<\/div>\n\t\t<\/div>\n\t\t\t\t<div class=\"has_ma_el_bg_slider elementor-column elementor-col-33 elementor-inner-column elementor-element elementor-element-65cdd0e8 jltma-glass-effect-no\" data-id=\"65cdd0e8\" data-element_type=\"column\">\n\t\t\t<div class=\"elementor-widget-wrap elementor-element-populated\">\n\t\t\t\t\t\t<div class=\"elementor-element elementor-element-eba90 jltma-glass-effect-no elementor-widget elementor-widget-text-editor\" data-id=\"eba90\" data-element_type=\"widget\" data-widget_type=\"text-editor.default\">\n\t\t\t\t<div class=\"elementor-widget-container\">\n\t\t\t\t\t\t\t<h4><span style=\"font-weight: bolder;\">Suggestions d&#8217;accords<\/span><\/h4><p>Bien frais en ap\u00e9ritif, sur une cuisine aigre-douce d\u2019inspiration asiatique ou sur une tarte aux fruits (abricot).<\/p><p>Ce vin est \u00e0 conserver au frais (moins de 16 \u00b0C) car il est d\u2019une stabilit\u00e9 relative (sensible \u00e0 la lumi\u00e8re et \u00e0 la chaleur).<\/p><h4>vendange et vinification<\/h4><p>Les premi\u00e8res ann\u00e9es de transition \u00e0 la culture biodynamique sont d\u00e9licates. D\u2019o\u00f9 une vendange incroyablement h\u00e9t\u00e9rog\u00e8ne dans la jeune vigne de Sensine.<\/p><p>Certaines grappes virent \u00e0 la pourriture noble d\u00e8s d\u00e9but octobre, alors que d\u2019autres sont encore vertes. Les vendanges doivent donc se faire en deux passages (les 11 octobre et 3 d\u00e9cembre).<\/p><p>La seconde partie est r\u00e9colt\u00e9e tr\u00e8s tardivement, d\u2019abord en raison d\u2019une longue stagnation de la maturit\u00e9, puis de l\u2019apparition de la neige, qui implique l\u2019attente de sa fonte et l\u2019ass\u00e8chement des grappes.<\/p><p>La premi\u00e8re partie, press\u00e9e dans un petit pressoir vertical, sonde \u00e0 130 \u00b0Oe. Elle est vinifi\u00e9e et \u00e9lev\u00e9e en cuve inox. La seconde, \u00e0 136 \u00b0Oe, est vinifi\u00e9e et \u00e9lev\u00e9e en bonbonnes de verres. Les deux parties voient leur fermentation stabilis\u00e9e aux environs de 12.5 % d\u2019alcool avec un taux de sucres r\u00e9siduels d\u2019environ 80 g. La stabilisation se fait en fonction de la d\u00e9gustation et de l\u2019\u00e9quilibre souhait\u00e9 (en l\u2019occurrence la fra\u00eecheur du fruit).<\/p><p>Apr\u00e8s assemblage des deux parties, l\u2019ensemble est filtr\u00e9 puis mis en bouteille le 21 mai 2009.<\/p>\t\t\t\t\t\t<\/div>\n\t\t\t\t<\/div>\n\t\t\t\t\t<\/div>\n\t\t<\/div>\n\t\t\t\t\t<\/div>\n\t\t<\/section>\n\t\t\t\t\t<\/div>\n\t\t<\/div>\n\t\t\t\t\t<\/div>\n\t\t<\/section>\n\t\t\t\t<section class=\"has_ma_el_bg_slider elementor-section elementor-top-section elementor-element elementor-element-5f255cb4 elementor-section-boxed elementor-section-height-default elementor-section-height-default jltma-glass-effect-no\" data-id=\"5f255cb4\" data-element_type=\"section\">\n\t\t\t\t\t\t<div class=\"elementor-container elementor-column-gap-default\">\n\t\t\t\t\t<div class=\"has_ma_el_bg_slider elementor-column elementor-col-100 elementor-top-column elementor-element elementor-element-2e5e84d2 jltma-glass-effect-no\" data-id=\"2e5e84d2\" data-element_type=\"column\">\n\t\t\t<div class=\"elementor-widget-wrap\">\n\t\t\t\t\t\t\t<\/div>\n\t\t<\/div>\n\t\t\t\t\t<\/div>\n\t\t<\/section>\n\t\t\t\t<\/div>\n\t\t\n\t\t\t<div style=\"clear: both; float: none;\" class=\"ratepost-clear\"><\/div>\n\t\t\t<div id=\"ratepost-128\" class=\"ratepost\" rel=\"3\">\n\t\t\t\t\t<span class=\"rating3\"><div class=\"star1\" rel=\"1\"><\/div><div class=\"star2\" rel=\"2\"><\/div><div class=\"star3\" rel=\"3\"><\/div><div class=\"star4\" rel=\"4\"><\/div><div class=\"star5\" rel=\"5\"><\/div><\/span>\n\t\t\t\t<div class=\"status-info\"><\/div>\n\t\t<\/div><div style=\"clear: both; float: none;\" class=\"ratepost-clear\"><\/div>","protected":false},"excerpt":{"rendered":"<p>0 bouteilles C\u00e9page :\u00a0Petite ArvineD\u00e9gustation :\u00a07 \u00e0 9\u00b0CLong\u00e9vit\u00e9 : 2009-2013Prix :\u00a033.-\/bt (\u00e9puis\u00e9) Origine Cette cuv\u00e9e est issue de notre vigne de Sensine, \u00e0 Conthey, en Valais. Plus d\u2019informations concernant les vins PHUSIS ici. Notes de d\u00e9gustation Robe claire, dor\u00e9e, \u00e0 reflets verts. Pr\u00e9sence d\u2019un l\u00e9ger trouble d\u00fb \u00e0 une filtration mod\u00e9r\u00e9e. Intense et aromatique, le [&hellip;]<\/p>\n","protected":false},"author":4,"featured_media":451,"parent":59,"menu_order":1,"comment_status":"open","ping_status":"closed","template":"elementor_theme","meta":{"_monsterinsights_skip_tracking":false,"_monsterinsights_sitenote_active":false,"_monsterinsights_sitenote_note":"","_monsterinsights_sitenote_category":0,"footnotes":""},"yoast_head":"<!-- This site is optimized with the Yoast SEO plugin v22.8 - https:\/\/yoast.com\/wordpress\/plugins\/seo\/ -->\n<title>arvine mi-fl\u00e9trie 2008 - PHUSIS<\/title>\n<meta name=\"robots\" content=\"index, follow, max-snippet:-1, max-image-preview:large, max-video-preview:-1\" \/>\n<link rel=\"canonical\" href=\"https:\/\/www.phusis.ch\/vins\/accueil\/vins\/phusis-2-2008\/phusis-2-1\/\" \/>\n<meta property=\"og:locale\" content=\"fr_FR\" \/>\n<meta property=\"og:type\" content=\"article\" \/>\n<meta property=\"og:title\" content=\"arvine mi-fl\u00e9trie 2008 - PHUSIS\" \/>\n<meta property=\"og:description\" content=\"0 bouteilles C\u00e9page :\u00a0Petite ArvineD\u00e9gustation :\u00a07 \u00e0 9\u00b0CLong\u00e9vit\u00e9 : 2009-2013Prix :\u00a033.-\/bt (\u00e9puis\u00e9) Origine Cette cuv\u00e9e est issue de notre vigne de Sensine, \u00e0 Conthey, en Valais. Plus d\u2019informations concernant les vins PHUSIS ici. Notes de d\u00e9gustation Robe claire, dor\u00e9e, \u00e0 reflets verts. Pr\u00e9sence d\u2019un l\u00e9ger trouble d\u00fb \u00e0 une filtration mod\u00e9r\u00e9e. Intense et aromatique, le [&hellip;]\" \/>\n<meta property=\"og:url\" content=\"https:\/\/www.phusis.ch\/vins\/accueil\/vins\/phusis-2-2008\/phusis-2-1\/\" \/>\n<meta property=\"og:site_name\" content=\"PHUSIS\" \/>\n<meta property=\"article:modified_time\" content=\"2023-03-05T13:33:04+00:00\" \/>\n<meta property=\"og:image\" content=\"https:\/\/www.phusis.ch\/vins\/wp-content\/uploads\/2010\/05\/phusis11.jpg\" \/>\n\t<meta property=\"og:image:width\" content=\"1600\" \/>\n\t<meta property=\"og:image:height\" content=\"1200\" \/>\n\t<meta property=\"og:image:type\" content=\"image\/jpeg\" \/>\n<meta name=\"twitter:card\" content=\"summary_large_image\" \/>\n<meta name=\"twitter:label1\" content=\"Dur\u00e9e de lecture estim\u00e9e\" \/>\n\t<meta name=\"twitter:data1\" content=\"2 minutes\" \/>\n<script type=\"application\/ld+json\" class=\"yoast-schema-graph\">{\"@context\":\"https:\/\/schema.org\",\"@graph\":[{\"@type\":\"WebPage\",\"@id\":\"https:\/\/www.phusis.ch\/vins\/accueil\/vins\/phusis-2-2008\/phusis-2-1\/\",\"url\":\"https:\/\/www.phusis.ch\/vins\/accueil\/vins\/phusis-2-2008\/phusis-2-1\/\",\"name\":\"arvine mi-fl\u00e9trie 2008 - PHUSIS\",\"isPartOf\":{\"@id\":\"https:\/\/www.phusis.ch\/vins\/#website\"},\"primaryImageOfPage\":{\"@id\":\"https:\/\/www.phusis.ch\/vins\/accueil\/vins\/phusis-2-2008\/phusis-2-1\/#primaryimage\"},\"image\":{\"@id\":\"https:\/\/www.phusis.ch\/vins\/accueil\/vins\/phusis-2-2008\/phusis-2-1\/#primaryimage\"},\"thumbnailUrl\":\"https:\/\/www.phusis.ch\/vins\/wp-content\/uploads\/2010\/05\/phusis11.jpg\",\"datePublished\":\"2010-05-02T07:21:37+00:00\",\"dateModified\":\"2023-03-05T13:33:04+00:00\",\"breadcrumb\":{\"@id\":\"https:\/\/www.phusis.ch\/vins\/accueil\/vins\/phusis-2-2008\/phusis-2-1\/#breadcrumb\"},\"inLanguage\":\"fr-FR\",\"potentialAction\":[{\"@type\":\"ReadAction\",\"target\":[\"https:\/\/www.phusis.ch\/vins\/accueil\/vins\/phusis-2-2008\/phusis-2-1\/\"]}]},{\"@type\":\"ImageObject\",\"inLanguage\":\"fr-FR\",\"@id\":\"https:\/\/www.phusis.ch\/vins\/accueil\/vins\/phusis-2-2008\/phusis-2-1\/#primaryimage\",\"url\":\"https:\/\/www.phusis.ch\/vins\/wp-content\/uploads\/2010\/05\/phusis11.jpg\",\"contentUrl\":\"https:\/\/www.phusis.ch\/vins\/wp-content\/uploads\/2010\/05\/phusis11.jpg\",\"width\":\"1600\",\"height\":\"1200\"},{\"@type\":\"BreadcrumbList\",\"@id\":\"https:\/\/www.phusis.ch\/vins\/accueil\/vins\/phusis-2-2008\/phusis-2-1\/#breadcrumb\",\"itemListElement\":[{\"@type\":\"ListItem\",\"position\":1,\"name\":\"Accueil\",\"item\":\"https:\/\/www.phusis.ch\/vins\/\"},{\"@type\":\"ListItem\",\"position\":2,\"name\":\"bienvenue sur phusis vins\",\"item\":\"https:\/\/www.phusis.ch\/vins\/\"},{\"@type\":\"ListItem\",\"position\":3,\"name\":\"nos vins\",\"item\":\"https:\/\/www.phusis.ch\/vins\/accueil\/vins\/\"},{\"@type\":\"ListItem\",\"position\":4,\"name\":\"mill\u00e9sime 2008\",\"item\":\"https:\/\/www.phusis.ch\/vins\/accueil\/vins\/phusis-2-2008\/\"},{\"@type\":\"ListItem\",\"position\":5,\"name\":\"arvine mi-fl\u00e9trie 2008\"}]},{\"@type\":\"WebSite\",\"@id\":\"https:\/\/www.phusis.ch\/vins\/#website\",\"url\":\"https:\/\/www.phusis.ch\/vins\/\",\"name\":\"PHUSIS\",\"description\":\"Phusis | Une exp\u00e9rience du vin\",\"publisher\":{\"@id\":\"https:\/\/www.phusis.ch\/vins\/#organization\"},\"potentialAction\":[{\"@type\":\"SearchAction\",\"target\":{\"@type\":\"EntryPoint\",\"urlTemplate\":\"https:\/\/www.phusis.ch\/vins\/?s={search_term_string}\"},\"query-input\":\"required name=search_term_string\"}],\"inLanguage\":\"fr-FR\"},{\"@type\":\"Organization\",\"@id\":\"https:\/\/www.phusis.ch\/vins\/#organization\",\"name\":\"PHUSIS\",\"url\":\"https:\/\/www.phusis.ch\/vins\/\",\"logo\":{\"@type\":\"ImageObject\",\"inLanguage\":\"fr-FR\",\"@id\":\"https:\/\/www.phusis.ch\/vins\/#\/schema\/logo\/image\/\",\"url\":\"https:\/\/www.phusis.ch\/vins\/wp-content\/uploads\/2021\/06\/Oiseau-PHUSIS-Transparent-1024x1024-1.png\",\"contentUrl\":\"https:\/\/www.phusis.ch\/vins\/wp-content\/uploads\/2021\/06\/Oiseau-PHUSIS-Transparent-1024x1024-1.png\",\"width\":1024,\"height\":1024,\"caption\":\"PHUSIS\"},\"image\":{\"@id\":\"https:\/\/www.phusis.ch\/vins\/#\/schema\/logo\/image\/\"}}]}<\/script>\n<!-- \/ Yoast SEO plugin. -->","yoast_head_json":{"title":"arvine mi-fl\u00e9trie 2008 - PHUSIS","robots":{"index":"index","follow":"follow","max-snippet":"max-snippet:-1","max-image-preview":"max-image-preview:large","max-video-preview":"max-video-preview:-1"},"canonical":"https:\/\/www.phusis.ch\/vins\/accueil\/vins\/phusis-2-2008\/phusis-2-1\/","og_locale":"fr_FR","og_type":"article","og_title":"arvine mi-fl\u00e9trie 2008 - PHUSIS","og_description":"0 bouteilles C\u00e9page :\u00a0Petite ArvineD\u00e9gustation :\u00a07 \u00e0 9\u00b0CLong\u00e9vit\u00e9 : 2009-2013Prix :\u00a033.-\/bt (\u00e9puis\u00e9) Origine Cette cuv\u00e9e est issue de notre vigne de Sensine, \u00e0 Conthey, en Valais. Plus d\u2019informations concernant les vins PHUSIS ici. Notes de d\u00e9gustation Robe claire, dor\u00e9e, \u00e0 reflets verts. Pr\u00e9sence d\u2019un l\u00e9ger trouble d\u00fb \u00e0 une filtration mod\u00e9r\u00e9e. Intense et aromatique, le [&hellip;]","og_url":"https:\/\/www.phusis.ch\/vins\/accueil\/vins\/phusis-2-2008\/phusis-2-1\/","og_site_name":"PHUSIS","article_modified_time":"2023-03-05T13:33:04+00:00","og_image":[{"width":"1600","height":"1200","url":"https:\/\/www.phusis.ch\/vins\/wp-content\/uploads\/2010\/05\/phusis11.jpg","type":"image\/jpeg"}],"twitter_card":"summary_large_image","twitter_misc":{"Dur\u00e9e de lecture estim\u00e9e":"2 minutes"},"schema":{"@context":"https:\/\/schema.org","@graph":[{"@type":"WebPage","@id":"https:\/\/www.phusis.ch\/vins\/accueil\/vins\/phusis-2-2008\/phusis-2-1\/","url":"https:\/\/www.phusis.ch\/vins\/accueil\/vins\/phusis-2-2008\/phusis-2-1\/","name":"arvine mi-fl\u00e9trie 2008 - PHUSIS","isPartOf":{"@id":"https:\/\/www.phusis.ch\/vins\/#website"},"primaryImageOfPage":{"@id":"https:\/\/www.phusis.ch\/vins\/accueil\/vins\/phusis-2-2008\/phusis-2-1\/#primaryimage"},"image":{"@id":"https:\/\/www.phusis.ch\/vins\/accueil\/vins\/phusis-2-2008\/phusis-2-1\/#primaryimage"},"thumbnailUrl":"https:\/\/www.phusis.ch\/vins\/wp-content\/uploads\/2010\/05\/phusis11.jpg","datePublished":"2010-05-02T07:21:37+00:00","dateModified":"2023-03-05T13:33:04+00:00","breadcrumb":{"@id":"https:\/\/www.phusis.ch\/vins\/accueil\/vins\/phusis-2-2008\/phusis-2-1\/#breadcrumb"},"inLanguage":"fr-FR","potentialAction":[{"@type":"ReadAction","target":["https:\/\/www.phusis.ch\/vins\/accueil\/vins\/phusis-2-2008\/phusis-2-1\/"]}]},{"@type":"ImageObject","inLanguage":"fr-FR","@id":"https:\/\/www.phusis.ch\/vins\/accueil\/vins\/phusis-2-2008\/phusis-2-1\/#primaryimage","url":"https:\/\/www.phusis.ch\/vins\/wp-content\/uploads\/2010\/05\/phusis11.jpg","contentUrl":"https:\/\/www.phusis.ch\/vins\/wp-content\/uploads\/2010\/05\/phusis11.jpg","width":"1600","height":"1200"},{"@type":"BreadcrumbList","@id":"https:\/\/www.phusis.ch\/vins\/accueil\/vins\/phusis-2-2008\/phusis-2-1\/#breadcrumb","itemListElement":[{"@type":"ListItem","position":1,"name":"Accueil","item":"https:\/\/www.phusis.ch\/vins\/"},{"@type":"ListItem","position":2,"name":"bienvenue sur phusis vins","item":"https:\/\/www.phusis.ch\/vins\/"},{"@type":"ListItem","position":3,"name":"nos vins","item":"https:\/\/www.phusis.ch\/vins\/accueil\/vins\/"},{"@type":"ListItem","position":4,"name":"mill\u00e9sime 2008","item":"https:\/\/www.phusis.ch\/vins\/accueil\/vins\/phusis-2-2008\/"},{"@type":"ListItem","position":5,"name":"arvine mi-fl\u00e9trie 2008"}]},{"@type":"WebSite","@id":"https:\/\/www.phusis.ch\/vins\/#website","url":"https:\/\/www.phusis.ch\/vins\/","name":"PHUSIS","description":"Phusis | Une exp\u00e9rience du vin","publisher":{"@id":"https:\/\/www.phusis.ch\/vins\/#organization"},"potentialAction":[{"@type":"SearchAction","target":{"@type":"EntryPoint","urlTemplate":"https:\/\/www.phusis.ch\/vins\/?s={search_term_string}"},"query-input":"required name=search_term_string"}],"inLanguage":"fr-FR"},{"@type":"Organization","@id":"https:\/\/www.phusis.ch\/vins\/#organization","name":"PHUSIS","url":"https:\/\/www.phusis.ch\/vins\/","logo":{"@type":"ImageObject","inLanguage":"fr-FR","@id":"https:\/\/www.phusis.ch\/vins\/#\/schema\/logo\/image\/","url":"https:\/\/www.phusis.ch\/vins\/wp-content\/uploads\/2021\/06\/Oiseau-PHUSIS-Transparent-1024x1024-1.png","contentUrl":"https:\/\/www.phusis.ch\/vins\/wp-content\/uploads\/2021\/06\/Oiseau-PHUSIS-Transparent-1024x1024-1.png","width":1024,"height":1024,"caption":"PHUSIS"},"image":{"@id":"https:\/\/www.phusis.ch\/vins\/#\/schema\/logo\/image\/"}}]}},"_links":{"self":[{"href":"https:\/\/www.phusis.ch\/vins\/wp-json\/wp\/v2\/pages\/128"}],"collection":[{"href":"https:\/\/www.phusis.ch\/vins\/wp-json\/wp\/v2\/pages"}],"about":[{"href":"https:\/\/www.phusis.ch\/vins\/wp-json\/wp\/v2\/types\/page"}],"author":[{"embeddable":true,"href":"https:\/\/www.phusis.ch\/vins\/wp-json\/wp\/v2\/users\/4"}],"replies":[{"embeddable":true,"href":"https:\/\/www.phusis.ch\/vins\/wp-json\/wp\/v2\/comments?post=128"}],"version-history":[{"count":36,"href":"https:\/\/www.phusis.ch\/vins\/wp-json\/wp\/v2\/pages\/128\/revisions"}],"predecessor-version":[{"id":11201,"href":"https:\/\/www.phusis.ch\/vins\/wp-json\/wp\/v2\/pages\/128\/revisions\/11201"}],"up":[{"embeddable":true,"href":"https:\/\/www.phusis.ch\/vins\/wp-json\/wp\/v2\/pages\/59"}],"wp:featuredmedia":[{"embeddable":true,"href":"https:\/\/www.phusis.ch\/vins\/wp-json\/wp\/v2\/media\/451"}],"wp:attachment":[{"href":"https:\/\/www.phusis.ch\/vins\/wp-json\/wp\/v2\/media?parent=128"}],"curies":[{"name":"wp","href":"https:\/\/api.w.org\/{rel}","templated":true}]}}