{"id":4521,"date":"2010-04-04T16:35:22","date_gmt":"2010-04-04T14:35:22","guid":{"rendered":"http:\/\/phusis.ch\/phusis\/?page_id=4"},"modified":"2024-05-19T15:09:13","modified_gmt":"2024-05-19T13:09:13","slug":"phusis-nom","status":"publish","type":"page","link":"https:\/\/www.phusis.ch\/vins\/phusis-nom\/","title":{"rendered":"phusis"},"content":{"rendered":"\t\t<div data-elementor-type=\"wp-page\" data-elementor-id=\"4521\" class=\"elementor elementor-4521\" data-elementor-post-type=\"page\">\n\t\t\t\t\t\t<section class=\"has_ma_el_bg_slider elementor-section elementor-top-section elementor-element elementor-element-fcc6a18 elementor-section-boxed elementor-section-height-default elementor-section-height-default jltma-glass-effect-no\" data-id=\"fcc6a18\" data-element_type=\"section\">\n\t\t\t\t\t\t<div class=\"elementor-container elementor-column-gap-default\">\n\t\t\t\t\t<div class=\"has_ma_el_bg_slider elementor-column elementor-col-100 elementor-top-column elementor-element elementor-element-c622c61 jltma-glass-effect-no\" data-id=\"c622c61\" data-element_type=\"column\">\n\t\t\t<div class=\"elementor-widget-wrap elementor-element-populated\">\n\t\t\t\t\t\t<div class=\"elementor-element elementor-element-789dbbf jltma-glass-effect-no elementor-widget elementor-widget-text-editor\" data-id=\"789dbbf\" data-element_type=\"widget\" data-widget_type=\"text-editor.default\">\n\t\t\t\t<div class=\"elementor-widget-container\">\n\t\t\t\t\t\t\t<p>Vous trouverez ici tous les renseignements n\u00e9cessaires sur le mouvement PHUSIS. Comment il est apparu, un beau jour de f\u00e9vrier 2007, lors d\u2019une ballade dans la neige, \u00e0 plus de 2000 m\u00e8tres d\u2019altitude, au fil d\u2019une conversation entre un vigneron et un philosophe. Puis comment il a \u00e9t\u00e9 th\u00e9oris\u00e9, mis \u00e0 sa place dans l\u2019\u00e9volution de l\u2019ensemble de notre tradition de pens\u00e9e.&nbsp;<\/p>\t\t\t\t\t\t<\/div>\n\t\t\t\t<\/div>\n\t\t\t\t\t<\/div>\n\t\t<\/div>\n\t\t\t\t\t<\/div>\n\t\t<\/section>\n\t\t\t\t<section class=\"has_ma_el_bg_slider elementor-section elementor-top-section elementor-element elementor-element-2d5df8f elementor-section-boxed elementor-section-height-default elementor-section-height-default jltma-glass-effect-no\" data-id=\"2d5df8f\" data-element_type=\"section\">\n\t\t\t\t\t\t<div class=\"elementor-container elementor-column-gap-default\">\n\t\t\t\t\t<div class=\"has_ma_el_bg_slider elementor-column elementor-col-100 elementor-top-column elementor-element elementor-element-21c4a12 jltma-glass-effect-no\" data-id=\"21c4a12\" data-element_type=\"column\">\n\t\t\t<div class=\"elementor-widget-wrap elementor-element-populated\">\n\t\t\t\t\t\t<section class=\"has_ma_el_bg_slider elementor-section elementor-inner-section elementor-element elementor-element-72dc56f elementor-section-boxed elementor-section-height-default elementor-section-height-default jltma-glass-effect-no\" data-id=\"72dc56f\" data-element_type=\"section\">\n\t\t\t\t\t\t<div class=\"elementor-container elementor-column-gap-default\">\n\t\t\t\t\t<div class=\"has_ma_el_bg_slider elementor-column elementor-col-33 elementor-inner-column elementor-element elementor-element-9650fd8 jltma-glass-effect-no\" data-id=\"9650fd8\" data-element_type=\"column\">\n\t\t\t<div class=\"elementor-widget-wrap elementor-element-populated\">\n\t\t\t\t\t\t<div data-eael-wrapper-link=\"{&quot;url&quot;:&quot;https:\\\/\\\/www.phusis.ch\\\/vins\\\/phusis-nom\\\/apparition-du-mouvement-phusique\\\/&quot;,&quot;is_external&quot;:&quot;&quot;,&quot;nofollow&quot;:&quot;&quot;}\" class=\"elementor-element elementor-element-635512b jltma-glass-effect-no elementor-widget elementor-widget-ma-image-hover-effects\" data-id=\"635512b\" data-element_type=\"widget\" data-widget_type=\"ma-image-hover-effects.default\">\n\t\t\t\t<div class=\"elementor-widget-container\">\n\t\t\t\n\t\t<div class=\"jltma-image-hover-effect jltma-image-hover-effect-two jltma-image-hover-effect-romeo\" id=\"jltma-image-hover-effect-635512b\">\n\n\t\t\t<figure class=\"jltma-effect-romeo\">\n\n\t\t\t\t<img decoding=\"async\" src=\"https:\/\/www.phusis.ch\/vins\/wp-content\/uploads\/2010\/05\/Val-Fedoz-scaled.jpg\"  class=\"circled\" alt=\"\" \/>\n\t\t\t\t<figcaption>\n\t\t\t\t\t<div class=\"jltma-image-hover-content\">\n\t\t\t\t\t\t<h4 class=\"jltma-image-hover-title\">\n\n\t\t\t\t\t\t\tLe mouvement phusique\n\t\t\t\t\t\t\t\n\t\t\t\t\t\t<\/h4>\n\n\n\t\t\t\t\t\t\n\t\t\t\t\t\t\t\t\t\t\t\t\t\t\t\t\t\t\t<p class=\"jltma-image-hover-desc\">\n\t\t\t\t\t\t\t\tLire la suite\t\t\t\t\t\t\t<\/p>\n\t\t\t\t\t\t\n\t\t\t\t\t<\/div>\n\n\t\t\t\t\t\n\t\t\t\t\t\n\n\t\t\t\t<\/figcaption>\n\n\t\t\t<\/figure>\n\n\n\n\t\t<\/div>\n\t\t<\/div>\n\t\t\t\t<\/div>\n\t\t\t\t\t<\/div>\n\t\t<\/div>\n\t\t\t\t<div class=\"has_ma_el_bg_slider elementor-column elementor-col-33 elementor-inner-column elementor-element elementor-element-f89008d jltma-glass-effect-no\" data-id=\"f89008d\" data-element_type=\"column\">\n\t\t\t<div class=\"elementor-widget-wrap elementor-element-populated\">\n\t\t\t\t\t\t<div data-eael-wrapper-link=\"{&quot;url&quot;:&quot;https:\\\/\\\/www.phusis.ch\\\/vins\\\/phusis-nom\\\/le-terme-phusis\\\/&quot;,&quot;is_external&quot;:&quot;&quot;,&quot;nofollow&quot;:&quot;&quot;}\" class=\"elementor-element elementor-element-cde0298 jltma-glass-effect-no elementor-widget elementor-widget-ma-image-hover-effects\" data-id=\"cde0298\" data-element_type=\"widget\" data-widget_type=\"ma-image-hover-effects.default\">\n\t\t\t\t<div class=\"elementor-widget-container\">\n\t\t\t\n\t\t<div class=\"jltma-image-hover-effect jltma-image-hover-effect-two jltma-image-hover-effect-romeo\" id=\"jltma-image-hover-effect-cde0298\">\n\n\t\t\t<figure class=\"jltma-effect-romeo\">\n\n\t\t\t\t<img decoding=\"async\" src=\"https:\/\/www.phusis.ch\/vins\/wp-content\/uploads\/2021\/06\/Glace-300x225-1.jpg\"  class=\"circled\" alt=\"\" \/>\n\t\t\t\t<figcaption>\n\t\t\t\t\t<div class=\"jltma-image-hover-content\">\n\t\t\t\t\t\t<h4 class=\"jltma-image-hover-title\">\n\n\t\t\t\t\t\t\tLe mot \u00ab phusis \u00bb\n\t\t\t\t\t\t\t\n\t\t\t\t\t\t<\/h4>\n\n\n\t\t\t\t\t\t\n\t\t\t\t\t\t\t\t\t\t\t\t\t\t\t\t\t\t\t<p class=\"jltma-image-hover-desc\">\n\t\t\t\t\t\t\t\tLire la suite\t\t\t\t\t\t\t<\/p>\n\t\t\t\t\t\t\n\t\t\t\t\t<\/div>\n\n\t\t\t\t\t\n\t\t\t\t\t\n\n\t\t\t\t<\/figcaption>\n\n\t\t\t<\/figure>\n\n\n\n\t\t<\/div>\n\t\t<\/div>\n\t\t\t\t<\/div>\n\t\t\t\t\t<\/div>\n\t\t<\/div>\n\t\t\t\t<div class=\"has_ma_el_bg_slider elementor-column elementor-col-33 elementor-inner-column elementor-element elementor-element-5a73a97 jltma-glass-effect-no\" data-id=\"5a73a97\" data-element_type=\"column\">\n\t\t\t<div class=\"elementor-widget-wrap elementor-element-populated\">\n\t\t\t\t\t\t<div data-eael-wrapper-link=\"{&quot;url&quot;:&quot;https:\\\/\\\/www.phusis.ch\\\/vins\\\/phusis-nom\\\/noyau-theorique\\\/&quot;,&quot;is_external&quot;:&quot;&quot;,&quot;nofollow&quot;:&quot;&quot;}\" class=\"elementor-element elementor-element-e913367 jltma-glass-effect-no elementor-widget elementor-widget-ma-image-hover-effects\" data-id=\"e913367\" data-element_type=\"widget\" data-widget_type=\"ma-image-hover-effects.default\">\n\t\t\t\t<div class=\"elementor-widget-container\">\n\t\t\t\n\t\t<div class=\"jltma-image-hover-effect jltma-image-hover-effect-two jltma-image-hover-effect-romeo\" id=\"jltma-image-hover-effect-e913367\">\n\n\t\t\t<figure class=\"jltma-effect-romeo\">\n\n\t\t\t\t<img decoding=\"async\" src=\"https:\/\/www.phusis.ch\/vins\/wp-content\/uploads\/2021\/06\/Noyau-theorique-300x225-1.jpg\"  class=\"circled\" alt=\"\" \/>\n\t\t\t\t<figcaption>\n\t\t\t\t\t<div class=\"jltma-image-hover-content\">\n\t\t\t\t\t\t<h4 class=\"jltma-image-hover-title\">\n\n\t\t\t\t\t\t\tLe noyau th\u00e9orique\n\t\t\t\t\t\t\t\n\t\t\t\t\t\t<\/h4>\n\n\n\t\t\t\t\t\t\n\t\t\t\t\t\t\t\t\t\t\t\t\t\t\t\t\t\t\t<p class=\"jltma-image-hover-desc\">\n\t\t\t\t\t\t\t\tLire la suite\t\t\t\t\t\t\t<\/p>\n\t\t\t\t\t\t\n\t\t\t\t\t<\/div>\n\n\t\t\t\t\t\n\t\t\t\t\t\n\t\t\t\t\t\t<a class=\"ma-image-hover-read-more\" href=\"https:\/\/www.phusis.ch\/vins\"><\/a>\n\n\t\t\t\t\t\n\n\t\t\t\t<\/figcaption>\n\n\t\t\t<\/figure>\n\n\n\n\t\t<\/div>\n\t\t<\/div>\n\t\t\t\t<\/div>\n\t\t\t\t\t<\/div>\n\t\t<\/div>\n\t\t\t\t\t<\/div>\n\t\t<\/section>\n\t\t\t\t\t<\/div>\n\t\t<\/div>\n\t\t\t\t\t<\/div>\n\t\t<\/section>\n\t\t\t\t<section class=\"has_ma_el_bg_slider elementor-section elementor-top-section elementor-element elementor-element-8579a5d elementor-section-boxed elementor-section-height-default elementor-section-height-default jltma-glass-effect-no\" data-id=\"8579a5d\" data-element_type=\"section\">\n\t\t\t\t\t\t<div class=\"elementor-container elementor-column-gap-default\">\n\t\t\t\t\t<div class=\"has_ma_el_bg_slider elementor-column elementor-col-100 elementor-top-column elementor-element elementor-element-85d1ecf jltma-glass-effect-no\" data-id=\"85d1ecf\" data-element_type=\"column\">\n\t\t\t<div class=\"elementor-widget-wrap\">\n\t\t\t\t\t\t\t<\/div>\n\t\t<\/div>\n\t\t\t\t\t<\/div>\n\t\t<\/section>\n\t\t\t\t<section class=\"has_ma_el_bg_slider elementor-section elementor-top-section elementor-element elementor-element-24d010f elementor-section-boxed elementor-section-height-default elementor-section-height-default jltma-glass-effect-no\" data-id=\"24d010f\" data-element_type=\"section\">\n\t\t\t\t\t\t<div class=\"elementor-container elementor-column-gap-default\">\n\t\t\t\t\t<div class=\"has_ma_el_bg_slider elementor-column elementor-col-100 elementor-top-column elementor-element elementor-element-d5d9e29 jltma-glass-effect-no\" data-id=\"d5d9e29\" data-element_type=\"column\">\n\t\t\t<div class=\"elementor-widget-wrap\">\n\t\t\t\t\t\t\t<\/div>\n\t\t<\/div>\n\t\t\t\t\t<\/div>\n\t\t<\/section>\n\t\t\t\t<\/div>\n\t\t\n\t\t\t<div style=\"clear: both; float: none;\" class=\"ratepost-clear\"><\/div>\n\t\t\t<div id=\"ratepost-4521\" class=\"ratepost\" rel=\"3\">\n\t\t\t\t\t<span class=\"rating3\"><div class=\"star1\" rel=\"1\"><\/div><div class=\"star2\" rel=\"2\"><\/div><div class=\"star3\" rel=\"3\"><\/div><div class=\"star4\" rel=\"4\"><\/div><div class=\"star5\" rel=\"5\"><\/div><\/span>\n\t\t\t\t<div class=\"status-info\"><\/div>\n\t\t<\/div><div style=\"clear: both; float: none;\" class=\"ratepost-clear\"><\/div>","protected":false},"excerpt":{"rendered":"<p>Vous trouverez ici tous les renseignements n\u00e9cessaires sur le mouvement PHUSIS. Comment il est apparu, un beau jour de f\u00e9vrier 2007, lors d\u2019une ballade dans la neige, \u00e0 plus de 2000 m\u00e8tres d\u2019altitude, au fil d\u2019une conversation entre un vigneron et un philosophe. Puis comment il a \u00e9t\u00e9 th\u00e9oris\u00e9, mis \u00e0 sa place dans l\u2019\u00e9volution [&hellip;]<\/p>\n","protected":false},"author":6,"featured_media":4660,"parent":0,"menu_order":1,"comment_status":"closed","ping_status":"closed","template":"","meta":{"_monsterinsights_skip_tracking":false,"_monsterinsights_sitenote_active":false,"_monsterinsights_sitenote_note":"","_monsterinsights_sitenote_category":0,"footnotes":""},"yoast_head":"<!-- This site is optimized with the Yoast SEO plugin v22.8 - https:\/\/yoast.com\/wordpress\/plugins\/seo\/ -->\n<title>phusis - PHUSIS<\/title>\n<meta name=\"robots\" content=\"index, follow, max-snippet:-1, max-image-preview:large, max-video-preview:-1\" \/>\n<link rel=\"canonical\" href=\"https:\/\/www.phusis.ch\/vins\/phusis-nom\/\" \/>\n<meta property=\"og:locale\" content=\"fr_FR\" \/>\n<meta property=\"og:type\" content=\"article\" \/>\n<meta property=\"og:title\" content=\"phusis - PHUSIS\" \/>\n<meta property=\"og:description\" content=\"Vous trouverez ici tous les renseignements n\u00e9cessaires sur le mouvement PHUSIS. Comment il est apparu, un beau jour de f\u00e9vrier 2007, lors d\u2019une ballade dans la neige, \u00e0 plus de 2000 m\u00e8tres d\u2019altitude, au fil d\u2019une conversation entre un vigneron et un philosophe. Puis comment il a \u00e9t\u00e9 th\u00e9oris\u00e9, mis \u00e0 sa place dans l\u2019\u00e9volution [&hellip;]\" \/>\n<meta property=\"og:url\" content=\"https:\/\/www.phusis.ch\/vins\/phusis-nom\/\" \/>\n<meta property=\"og:site_name\" content=\"PHUSIS\" \/>\n<meta property=\"article:modified_time\" content=\"2024-05-19T13:09:13+00:00\" \/>\n<meta property=\"og:image\" content=\"https:\/\/www.phusis.ch\/vins\/wp-content\/uploads\/2021\/06\/Esprit-2-300x225-1.jpg\" \/>\n\t<meta property=\"og:image:width\" content=\"300\" \/>\n\t<meta property=\"og:image:height\" content=\"225\" \/>\n\t<meta property=\"og:image:type\" content=\"image\/jpeg\" \/>\n<meta name=\"twitter:card\" content=\"summary_large_image\" \/>\n<meta name=\"twitter:label1\" content=\"Dur\u00e9e de lecture estim\u00e9e\" \/>\n\t<meta name=\"twitter:data1\" content=\"2 minutes\" \/>\n<script type=\"application\/ld+json\" class=\"yoast-schema-graph\">{\"@context\":\"https:\/\/schema.org\",\"@graph\":[{\"@type\":\"WebPage\",\"@id\":\"https:\/\/www.phusis.ch\/vins\/phusis-nom\/\",\"url\":\"https:\/\/www.phusis.ch\/vins\/phusis-nom\/\",\"name\":\"phusis - PHUSIS\",\"isPartOf\":{\"@id\":\"https:\/\/www.phusis.ch\/vins\/#website\"},\"primaryImageOfPage\":{\"@id\":\"https:\/\/www.phusis.ch\/vins\/phusis-nom\/#primaryimage\"},\"image\":{\"@id\":\"https:\/\/www.phusis.ch\/vins\/phusis-nom\/#primaryimage\"},\"thumbnailUrl\":\"https:\/\/www.phusis.ch\/vins\/wp-content\/uploads\/2021\/06\/Esprit-2-300x225-1.jpg\",\"datePublished\":\"2010-04-04T14:35:22+00:00\",\"dateModified\":\"2024-05-19T13:09:13+00:00\",\"breadcrumb\":{\"@id\":\"https:\/\/www.phusis.ch\/vins\/phusis-nom\/#breadcrumb\"},\"inLanguage\":\"fr-FR\",\"potentialAction\":[{\"@type\":\"ReadAction\",\"target\":[\"https:\/\/www.phusis.ch\/vins\/phusis-nom\/\"]}]},{\"@type\":\"ImageObject\",\"inLanguage\":\"fr-FR\",\"@id\":\"https:\/\/www.phusis.ch\/vins\/phusis-nom\/#primaryimage\",\"url\":\"https:\/\/www.phusis.ch\/vins\/wp-content\/uploads\/2021\/06\/Esprit-2-300x225-1.jpg\",\"contentUrl\":\"https:\/\/www.phusis.ch\/vins\/wp-content\/uploads\/2021\/06\/Esprit-2-300x225-1.jpg\",\"width\":300,\"height\":225},{\"@type\":\"BreadcrumbList\",\"@id\":\"https:\/\/www.phusis.ch\/vins\/phusis-nom\/#breadcrumb\",\"itemListElement\":[{\"@type\":\"ListItem\",\"position\":1,\"name\":\"Accueil\",\"item\":\"https:\/\/www.phusis.ch\/vins\/\"},{\"@type\":\"ListItem\",\"position\":2,\"name\":\"phusis\"}]},{\"@type\":\"WebSite\",\"@id\":\"https:\/\/www.phusis.ch\/vins\/#website\",\"url\":\"https:\/\/www.phusis.ch\/vins\/\",\"name\":\"PHUSIS\",\"description\":\"Phusis | Une exp\u00e9rience du vin\",\"publisher\":{\"@id\":\"https:\/\/www.phusis.ch\/vins\/#organization\"},\"potentialAction\":[{\"@type\":\"SearchAction\",\"target\":{\"@type\":\"EntryPoint\",\"urlTemplate\":\"https:\/\/www.phusis.ch\/vins\/?s={search_term_string}\"},\"query-input\":\"required name=search_term_string\"}],\"inLanguage\":\"fr-FR\"},{\"@type\":\"Organization\",\"@id\":\"https:\/\/www.phusis.ch\/vins\/#organization\",\"name\":\"PHUSIS\",\"url\":\"https:\/\/www.phusis.ch\/vins\/\",\"logo\":{\"@type\":\"ImageObject\",\"inLanguage\":\"fr-FR\",\"@id\":\"https:\/\/www.phusis.ch\/vins\/#\/schema\/logo\/image\/\",\"url\":\"https:\/\/www.phusis.ch\/vins\/wp-content\/uploads\/2021\/06\/Oiseau-PHUSIS-Transparent-1024x1024-1.png\",\"contentUrl\":\"https:\/\/www.phusis.ch\/vins\/wp-content\/uploads\/2021\/06\/Oiseau-PHUSIS-Transparent-1024x1024-1.png\",\"width\":1024,\"height\":1024,\"caption\":\"PHUSIS\"},\"image\":{\"@id\":\"https:\/\/www.phusis.ch\/vins\/#\/schema\/logo\/image\/\"}}]}<\/script>\n<!-- \/ Yoast SEO plugin. -->","yoast_head_json":{"title":"phusis - PHUSIS","robots":{"index":"index","follow":"follow","max-snippet":"max-snippet:-1","max-image-preview":"max-image-preview:large","max-video-preview":"max-video-preview:-1"},"canonical":"https:\/\/www.phusis.ch\/vins\/phusis-nom\/","og_locale":"fr_FR","og_type":"article","og_title":"phusis - PHUSIS","og_description":"Vous trouverez ici tous les renseignements n\u00e9cessaires sur le mouvement PHUSIS. Comment il est apparu, un beau jour de f\u00e9vrier 2007, lors d\u2019une ballade dans la neige, \u00e0 plus de 2000 m\u00e8tres d\u2019altitude, au fil d\u2019une conversation entre un vigneron et un philosophe. Puis comment il a \u00e9t\u00e9 th\u00e9oris\u00e9, mis \u00e0 sa place dans l\u2019\u00e9volution [&hellip;]","og_url":"https:\/\/www.phusis.ch\/vins\/phusis-nom\/","og_site_name":"PHUSIS","article_modified_time":"2024-05-19T13:09:13+00:00","og_image":[{"width":300,"height":225,"url":"https:\/\/www.phusis.ch\/vins\/wp-content\/uploads\/2021\/06\/Esprit-2-300x225-1.jpg","type":"image\/jpeg"}],"twitter_card":"summary_large_image","twitter_misc":{"Dur\u00e9e de lecture estim\u00e9e":"2 minutes"},"schema":{"@context":"https:\/\/schema.org","@graph":[{"@type":"WebPage","@id":"https:\/\/www.phusis.ch\/vins\/phusis-nom\/","url":"https:\/\/www.phusis.ch\/vins\/phusis-nom\/","name":"phusis - PHUSIS","isPartOf":{"@id":"https:\/\/www.phusis.ch\/vins\/#website"},"primaryImageOfPage":{"@id":"https:\/\/www.phusis.ch\/vins\/phusis-nom\/#primaryimage"},"image":{"@id":"https:\/\/www.phusis.ch\/vins\/phusis-nom\/#primaryimage"},"thumbnailUrl":"https:\/\/www.phusis.ch\/vins\/wp-content\/uploads\/2021\/06\/Esprit-2-300x225-1.jpg","datePublished":"2010-04-04T14:35:22+00:00","dateModified":"2024-05-19T13:09:13+00:00","breadcrumb":{"@id":"https:\/\/www.phusis.ch\/vins\/phusis-nom\/#breadcrumb"},"inLanguage":"fr-FR","potentialAction":[{"@type":"ReadAction","target":["https:\/\/www.phusis.ch\/vins\/phusis-nom\/"]}]},{"@type":"ImageObject","inLanguage":"fr-FR","@id":"https:\/\/www.phusis.ch\/vins\/phusis-nom\/#primaryimage","url":"https:\/\/www.phusis.ch\/vins\/wp-content\/uploads\/2021\/06\/Esprit-2-300x225-1.jpg","contentUrl":"https:\/\/www.phusis.ch\/vins\/wp-content\/uploads\/2021\/06\/Esprit-2-300x225-1.jpg","width":300,"height":225},{"@type":"BreadcrumbList","@id":"https:\/\/www.phusis.ch\/vins\/phusis-nom\/#breadcrumb","itemListElement":[{"@type":"ListItem","position":1,"name":"Accueil","item":"https:\/\/www.phusis.ch\/vins\/"},{"@type":"ListItem","position":2,"name":"phusis"}]},{"@type":"WebSite","@id":"https:\/\/www.phusis.ch\/vins\/#website","url":"https:\/\/www.phusis.ch\/vins\/","name":"PHUSIS","description":"Phusis | Une exp\u00e9rience du vin","publisher":{"@id":"https:\/\/www.phusis.ch\/vins\/#organization"},"potentialAction":[{"@type":"SearchAction","target":{"@type":"EntryPoint","urlTemplate":"https:\/\/www.phusis.ch\/vins\/?s={search_term_string}"},"query-input":"required name=search_term_string"}],"inLanguage":"fr-FR"},{"@type":"Organization","@id":"https:\/\/www.phusis.ch\/vins\/#organization","name":"PHUSIS","url":"https:\/\/www.phusis.ch\/vins\/","logo":{"@type":"ImageObject","inLanguage":"fr-FR","@id":"https:\/\/www.phusis.ch\/vins\/#\/schema\/logo\/image\/","url":"https:\/\/www.phusis.ch\/vins\/wp-content\/uploads\/2021\/06\/Oiseau-PHUSIS-Transparent-1024x1024-1.png","contentUrl":"https:\/\/www.phusis.ch\/vins\/wp-content\/uploads\/2021\/06\/Oiseau-PHUSIS-Transparent-1024x1024-1.png","width":1024,"height":1024,"caption":"PHUSIS"},"image":{"@id":"https:\/\/www.phusis.ch\/vins\/#\/schema\/logo\/image\/"}}]}},"_links":{"self":[{"href":"https:\/\/www.phusis.ch\/vins\/wp-json\/wp\/v2\/pages\/4521"}],"collection":[{"href":"https:\/\/www.phusis.ch\/vins\/wp-json\/wp\/v2\/pages"}],"about":[{"href":"https:\/\/www.phusis.ch\/vins\/wp-json\/wp\/v2\/types\/page"}],"author":[{"embeddable":true,"href":"https:\/\/www.phusis.ch\/vins\/wp-json\/wp\/v2\/users\/6"}],"replies":[{"embeddable":true,"href":"https:\/\/www.phusis.ch\/vins\/wp-json\/wp\/v2\/comments?post=4521"}],"version-history":[{"count":104,"href":"https:\/\/www.phusis.ch\/vins\/wp-json\/wp\/v2\/pages\/4521\/revisions"}],"predecessor-version":[{"id":12490,"href":"https:\/\/www.phusis.ch\/vins\/wp-json\/wp\/v2\/pages\/4521\/revisions\/12490"}],"wp:featuredmedia":[{"embeddable":true,"href":"https:\/\/www.phusis.ch\/vins\/wp-json\/wp\/v2\/media\/4660"}],"wp:attachment":[{"href":"https:\/\/www.phusis.ch\/vins\/wp-json\/wp\/v2\/media?parent=4521"}],"curies":[{"name":"wp","href":"https:\/\/api.w.org\/{rel}","templated":true}]}}